{"id":114,"date":"2025-09-24T18:23:05","date_gmt":"2025-09-24T18:23:05","guid":{"rendered":"https:\/\/p3000.info\/?page_id=114"},"modified":"2026-04-28T14:56:04","modified_gmt":"2026-04-28T14:56:04","slug":"contactos","status":"publish","type":"page","link":"https:\/\/p3000.info\/index.php\/contactos\/","title":{"rendered":"Contactos"},"content":{"rendered":"<p>[vc_row full_width=&#8221;stretch_row_content_no_spaces&#8221;][vc_column][vc_single_image image=&#8221;17&#8243; img_size=&#8221;full&#8221;][\/vc_column][\/vc_row][vc_row css=&#8221;.vc_custom_1595126693549{margin-top: 30px !important;margin-bottom: 20px !important;padding-left: 35px !important;}&#8221;][vc_column css=&#8221;.vc_custom_1594159756076{margin-left: 35px !important;}&#8221;][vc_custom_heading text=&#8221;Contactos Pedagooogia 3000&#8243; font_container=&#8221;tag:h1|font_size:40px|text_align:left|line_height:50px&#8221; use_theme_fonts=&#8221;yes&#8221; css_animation=&#8221;fadeInUp&#8221;][vc_column_text]<\/p>\n<h3>Informaci\u00f3n<\/h3>\n<p>Informaci\u00f3n y capacitaci\u00f3n: Geraldine Lupa Cruz, <a href=\"mailto:info.pedagooogia3000@gmail.com\">info.pedagooogia3000@gmail.com<\/a><\/p>\n<p>Gracias por tu ayuda<\/p>\n<h3>\u00bfQuieres ayudar a transformar la Educaci\u00f3n alrededor del mundo?<\/h3>\n<p>Por favor contactar a:<\/p>\n<p>Geraldine (+591) 706 96 524<\/p>\n<p>Webs en espa\u00f1ol<br \/>\n<a href=\"http:\/\/www.p3000.info\/\" target=\"_blank\" rel=\"noopener noreferrer\">www.P3000.info<\/a><br \/>\n<a href=\"http:\/\/www.p40005000.info\/\" target=\"_blank\" rel=\"noopener noreferrer\">www.P40005000.info<\/a><br \/>\n<a href=\"http:\/\/www.pooortal.info\/\" target=\"_blank\" rel=\"noopener noreferrer\">www.pooortal.info<\/a><br \/>\n<a href=\"http:\/\/www.multiu3000.info\/\" target=\"_blank\" rel=\"noopener noreferrer\">www.MultiU3000.info<\/a>[\/vc_column_text][\/vc_column][\/vc_row][vc_row css=&#8221;.vc_custom_1595126693549{margin-top: 30px !important;margin-bottom: 20px !important;padding-left: 35px !important;}&#8221;][vc_column css=&#8221;.vc_custom_1594159756076{margin-left: 35px !important;}&#8221;][vc_custom_heading text=&#8221;Contacts Educatiooon 3000&#8243; font_container=&#8221;tag:h3|font_size:40px|text_align:left|line_height:50px&#8221; use_theme_fonts=&#8221;yes&#8221; css_animation=&#8221;fadeInUp&#8221;][vc_column_text]in English<br \/>\nE-mail: <a href=\"mailto:noemi.paymal.educatiooon3000@gmail.com\" target=\"_blank\" rel=\"noopener noreferrer\">noemi.paymal.educatiooon3000@gmail.com<\/a><br \/>\nWhatsApp: +591 70696524<br \/>\nFB: Educatiooon3000inEnglish<br \/>\nYouTube: @Educatiooonindifferentlanguage<br \/>\nIG: @Educatiooon.3000<br \/>\nTiktok: educatiooon3000.oficial<\/p>\n<p>Webs in English<br \/>\n<a href=\"http:\/\/www.educatiooon3000.info\/\" target=\"_blank\" rel=\"noopener noreferrer\">www.educatiooon3000.info<\/a><br \/>\n<a href=\"http:\/\/www.pooortal.info\/\" target=\"_blank\" rel=\"noopener noreferrer\">www.pooortal.info<\/a><br \/>\n<a href=\"http:\/\/www.multiu3000.info\/\" target=\"_blank\" rel=\"noopener noreferrer\">www.MultiU3000.info<\/a>[\/vc_column_text][\/vc_column][\/vc_row][vc_row css=&#8221;.vc_custom_1595126693549{margin-top: 30px !important;margin-bottom: 20px !important;padding-left: 35px !important;}&#8221;][vc_column width=&#8221;3\/4&#8243; css=&#8221;.vc_custom_1594159756076{margin-left: 35px !important;}&#8221;][vc_custom_heading text=&#8221;ONGs \/ Asociaciones oficiales de P3000 en el Mundo&#8221; font_container=&#8221;tag:h1|font_size:40px|text_align:left|line_height:50px&#8221; use_theme_fonts=&#8221;yes&#8221; css_animation=&#8221;fadeInUp&#8221;][vc_column_text]<\/p>\n<h3>Argentina<\/h3>\n<p><strong>Fundaci\u00f3n P3000<\/strong><br \/>\nResoluci\u00f3n I.G.P.J. Nro.142 del 5\/02\/2024. Rosario. Provincia de Santa Fe.<\/p>\n<p>Contactos:<\/p>\n<p>Gabriela Bernardi +54 9 341 2109007, contacto@fundacionp3000.org<\/p>\n<p>Adela Puig +54 9 3416 94 4034, <a href=\"mailto:adelapuig@hotmail.com\">adelapuig@hotmail.com<\/a><\/p>\n<p><strong>Fundaci\u00f3n Pedagooogia 3000 &#8211; Argentina<\/strong><br \/>\nResoluci\u00f3n N\u00b0 1132 DCyFPJ \u2013 2014,<br \/>\nSu presidenta es la Prof. Mar\u00eda Isabel Gonz\u00e1lez, ex-Viceministra de Educaci\u00f3n de San Luis, Argentina. Contacto: mejorpuente@gmail.com, +54 9 2664 54-5891<\/p>\n<h3>Bolivia<\/h3>\n<p><strong>Asociaci\u00f3n P3000<\/strong>, resoluci\u00f3n 925\/2014.<br \/>\nSu presidenta es\u00a0Noemi Paymal, fundadora de P3000<br \/>\nContacto: info.pedagooogia3000@gmail.com<\/p>\n<h3>Chile<\/h3>\n<p><strong>Asociaci\u00f3n Pedagooogia 3000-Chile<\/strong><br \/>\nAsociaci\u00f3n sin fin de lucro, con personalidad jur\u00eddica vigente N\u00b0 197731 otorgada el 15\/04\/2015.<br \/>\nFundadora: Dominique De Solminihac Ram\u00edrez. Contacto: <a href=\"mailto:domisol70@gmail.com\">domisol70@gmail.com<\/a><\/p>\n<p>Presidenta: Soledad Moyano, <a href=\"mailto:soledadmoyano@yahoo.com\">soledadmoyano@yahoo.com<\/a>, +56 961986029<\/p>\n<h3>Francia<\/h3>\n<p><strong>Asociaci\u00f3n Educatiooon 3000 International,\u00a0<\/strong>con RNA W63400391, aprobada el 24 de noviembre del 2020. Su presidenta es Noemi Paymal.<br \/>\nContacto: info.pedagooogia3000@gmail.com<\/p>\n<h3>Uruguay<\/h3>\n<p><strong>Fundaci\u00f3n Pedagooogia 3000 \/ Educatiooon 3000 Internacional<\/strong>\u00a0aprobada por el Ministerio de Educaci\u00f3n y Cultura del Uruguay mediante RESOLUCION MEC 1360\/021.<br \/>\nContacto: Yosel\u00edn Novas Padilla, fundacioninternacional@p3000.info<br \/>\nCo-fundadora de la Fundaci\u00f3n Pedagooogia 3000 \/ Educatiooon 30000 Internacional, Uruguay<\/p>\n<h3>Portugal<\/h3>\n<p><strong>Asociaci\u00f3n P3000-Portugal<\/strong><br \/>\nSu presidenta actual es Margarida Meira. Contacto: margaridameira@gmail.com<\/p>\n<h3>Venezuela<\/h3>\n<p><strong>Fundaci\u00f3n P3000 Venezuela.<\/strong><br \/>\nSu presidenta actual es Lorena de Abreu<br \/>\nContacto: <a href=\"mailto:ldeabreuj@gmail.com\">ldeabreuj@gmail.com<\/a>, 58 412 800 6403<br \/>\n+58 416-6368128[\/vc_column_text][\/vc_column][\/vc_row]<\/p>\n","protected":false},"excerpt":{"rendered":"<p>[vc_row full_width=&#8221;stretch_row_content_no_spaces&#8221;][vc_column][vc_single_image image=&#8221;17&#8243; img_size=&#8221;full&#8221;][\/vc_column][\/vc_row][vc_row css=&#8221;.vc_custom_1595126693549{margin-top: 30px !important;margin-bottom: 20px !important;padding-left: 35px !important;}&#8221;][vc_column css=&#8221;.vc_custom_1594159756076{margin-left: 35px !important;}&#8221;][vc_custom_heading text=&#8221;Contactos Pedagooogia 3000&#8243; font_container=&#8221;tag:h1|font_size:40px|text_align:left|line_height:50px&#8221; use_theme_fonts=&#8221;yes&#8221; css_animation=&#8221;fadeInUp&#8221;][vc_column_text] [&hellip;]<\/p>\n","protected":false},"author":1,"featured_media":0,"parent":0,"menu_order":0,"comment_status":"closed","ping_status":"closed","template":"","meta":{"site-sidebar-layout":"no-sidebar","site-content-layout":"plain-container","ast-site-content-layout":"default","site-content-style":"default","site-sidebar-style":"default","ast-global-header-display":"","ast-banner-title-visibility":"","ast-main-header-display":"","ast-hfb-above-header-display":"","ast-hfb-below-header-display":"","ast-hfb-mobile-header-display":"","site-post-title":"disabled","ast-breadcrumbs-content":"","ast-featured-img":"disabled","footer-sml-layout":"","theme-transparent-header-meta":"default","adv-header-id-meta":"","stick-header-meta":"","header-above-stick-meta":"","header-main-stick-meta":"","header-below-stick-meta":"","astra-migrate-meta-layouts":"set","ast-page-background-enabled":"default","ast-page-background-meta":{"desktop":{"background-color":"var(--ast-global-color-5)","background-image":"","background-repeat":"repeat","background-position":"center center","background-size":"auto","background-attachment":"scroll","background-type":"","background-media":"","overlay-type":"","overlay-color":"","overlay-opacity":"","overlay-gradient":""},"tablet":{"background-color":"","background-image":"","background-repeat":"repeat","background-position":"center center","background-size":"auto","background-attachment":"scroll","background-type":"","background-media":"","overlay-type":"","overlay-color":"","overlay-opacity":"","overlay-gradient":""},"mobile":{"background-color":"","background-image":"","background-repeat":"repeat","background-position":"center center","background-size":"auto","background-attachment":"scroll","background-type":"","background-media":"","overlay-type":"","overlay-color":"","overlay-opacity":"","overlay-gradient":""}},"ast-content-background-meta":{"desktop":{"background-color":"var(--ast-global-color-4)","background-image":"","background-repeat":"repeat","background-position":"center center","background-size":"auto","background-attachment":"scroll","background-type":"","background-media":"","overlay-type":"","overlay-color":"","overlay-opacity":"","overlay-gradient":""},"tablet":{"background-color":"var(--ast-global-color-4)","background-image":"","background-repeat":"repeat","background-position":"center center","background-size":"auto","background-attachment":"scroll","background-type":"","background-media":"","overlay-type":"","overlay-color":"","overlay-opacity":"","overlay-gradient":""},"mobile":{"background-color":"var(--ast-global-color-4)","background-image":"","background-repeat":"repeat","background-position":"center center","background-size":"auto","background-attachment":"scroll","background-type":"","background-media":"","overlay-type":"","overlay-color":"","overlay-opacity":"","overlay-gradient":""}},"footnotes":""},"class_list":["post-114","page","type-page","status-publish","hentry"],"_links":{"self":[{"href":"https:\/\/p3000.info\/index.php\/wp-json\/wp\/v2\/pages\/114","targetHints":{"allow":["GET"]}}],"collection":[{"href":"https:\/\/p3000.info\/index.php\/wp-json\/wp\/v2\/pages"}],"about":[{"href":"https:\/\/p3000.info\/index.php\/wp-json\/wp\/v2\/types\/page"}],"author":[{"embeddable":true,"href":"https:\/\/p3000.info\/index.php\/wp-json\/wp\/v2\/users\/1"}],"replies":[{"embeddable":true,"href":"https:\/\/p3000.info\/index.php\/wp-json\/wp\/v2\/comments?post=114"}],"version-history":[{"count":2,"href":"https:\/\/p3000.info\/index.php\/wp-json\/wp\/v2\/pages\/114\/revisions"}],"predecessor-version":[{"id":541,"href":"https:\/\/p3000.info\/index.php\/wp-json\/wp\/v2\/pages\/114\/revisions\/541"}],"wp:attachment":[{"href":"https:\/\/p3000.info\/index.php\/wp-json\/wp\/v2\/media?parent=114"}],"curies":[{"name":"wp","href":"https:\/\/api.w.org\/{rel}","templated":true}]}}