{"id":118,"date":"2025-09-24T18:34:01","date_gmt":"2025-09-24T18:34:01","guid":{"rendered":"https:\/\/p3000.info\/?page_id=118"},"modified":"2025-09-24T18:35:30","modified_gmt":"2025-09-24T18:35:30","slug":"p3000","status":"publish","type":"page","link":"https:\/\/p3000.info\/index.php\/p3000\/","title":{"rendered":"p3000"},"content":{"rendered":"<p>[vc_row full_width=&#8221;stretch_row_content_no_spaces&#8221;][vc_column][vc_single_image image=&#8221;17&#8243; img_size=&#8221;full&#8221;][\/vc_column][\/vc_row][vc_row full_width=&#8221;stretch_row&#8221; css=&#8221;.vc_custom_1591318449051{margin-bottom: 0px !important;}&#8221;][vc_column width=&#8221;1\/4&#8243; css=&#8221;.vc_custom_1595171608077{padding-right: 15px !important;padding-bottom: 25px !important;padding-left: 25px !important;}&#8221;][vc_custom_heading text=&#8221;P3000&#8243; font_container=&#8221;tag:h2|text_align:left|color:%235970b5&#8243; google_fonts=&#8221;font_family:Raleway%3A100%2C200%2C300%2Cregular%2C500%2C600%2C700%2C800%2C900|font_style:800%20bold%20regular%3A800%3Anormal&#8221; css=&#8221;.vc_custom_1595171620528{margin-bottom: 10px !important;padding-top: 15px !important;}&#8221;][vc_widget_sidebar sidebar_id=&#8221;cs-1&#8243;][\/vc_column][vc_column width=&#8221;3\/4&#8243; css=&#8221;.vc_custom_1593959250999{padding-left: 35px !important;}&#8221;][vc_custom_heading text=&#8221;Qu\u00e9 es P3000&#8243; font_container=&#8221;tag:h1|font_size:40px|text_align:left|line_height:50px&#8221; use_theme_fonts=&#8221;yes&#8221; css_animation=&#8221;fadeInUp&#8221;][vc_column_text css=&#8221;.vc_custom_1595171569324{margin-top: 33px !important;}&#8221;]Pedagooogia 3000 es una invitaci\u00f3n y sinergia mundial para co-crear juntos y juntas una Educaci\u00f3n con<\/p>\n<h3><strong>consciencia<\/strong><\/h3>\n<p>.<\/p>\n<p>Impulsa un sistema de aprendizaje <span style=\"color: #808000;\">mutuo<\/span>,<strong><span style=\"color: #00ccff;\"> cooperativo<\/span><\/strong>, <span style=\"color: #ff9900;\">integral<\/span>, <strong><span style=\"color: #ff99cc;\">pro-activo<\/span><\/strong>, <span style=\"color: #ff0000;\">multicultural<\/span>, <strong><span style=\"color: #666699;\">de alto nivel<\/span><\/strong>, <span style=\"color: #00ffff;\">ecol\u00f3gico<\/span>, <span style=\"color: #993300;\"><strong>humano<\/strong><\/span>, <span style=\"color: #333399;\">afectivo y divertido<\/span>, que construye las bases de una s\u00f3lida <strong>Cultura de Paz <\/strong>en todo el mundo.<\/p>\n<p>&nbsp;<\/p>\n<p>P3000 es un movimiento educativo, social, cient\u00edfico y divulgativo que abre espacios de di\u00e1logo, formaci\u00f3n y experimentaci\u00f3n.[\/vc_column_text][vc_custom_heading text=&#8221;Que ofrecemos&#8221; google_fonts=&#8221;font_family:Raleway%3A100%2C200%2C300%2Cregular%2C500%2C600%2C700%2C800%2C900|font_style:300%20light%20regular%3A300%3Anormal&#8221;][vc_row_inner css=&#8221;.vc_custom_1593989140520{margin-top: 30px !important;}&#8221;][vc_column_inner width=&#8221;1\/3&#8243;][vc_icon icon_fontawesome=&#8221;fas fa-dna&#8221; size=&#8221;xl&#8221; align=&#8221;center&#8221;][vc_custom_heading text=&#8221;Investigaci\u00f3n cient\u00edfica&#8221; font_container=&#8221;tag:h2|text_align:center&#8221; google_fonts=&#8221;font_family:Raleway%3A100%2C200%2C300%2Cregular%2C500%2C600%2C700%2C800%2C900|font_style:400%20regular%3A400%3Anormal&#8221;][vc_separator color=&#8221;blue&#8221; el_width=&#8221;60&#8243; css=&#8221;.vc_custom_1591315678121{margin-top: 20px !important;}&#8221;][vc_column_text css=&#8221;.vc_custom_1591315594717{margin-top: 20px !important;}&#8221;]<\/p>\n<p style=\"text-align: center;\">sobre los cambios psicol\u00f3gicos, psicoemocionales y<br \/>\nneurol\u00f3gicos en los ni\u00f1os\/as de hoy.[\/vc_column_text][\/vc_column_inner][vc_column_inner width=&#8221;1\/3&#8243;][vc_icon icon_fontawesome=&#8221;fas fa-heart&#8221; size=&#8221;xl&#8221; align=&#8221;center&#8221;][vc_custom_heading text=&#8221;Pedagogia Social&#8221; font_container=&#8221;tag:h2|text_align:center&#8221; google_fonts=&#8221;font_family:Raleway%3A100%2C200%2C300%2Cregular%2C500%2C600%2C700%2C800%2C900|font_style:400%20regular%3A400%3Anormal&#8221;][vc_separator color=&#8221;blue&#8221; el_width=&#8221;60&#8243; css=&#8221;.vc_custom_1591315678121{margin-top: 20px !important;}&#8221;][vc_column_text css=&#8221;.vc_custom_1591316387016{margin-top: 20px !important;}&#8221;]<\/p>\n<p style=\"text-align: center;\">programas para ni\u00f1os\/as en \u00e1reas de alto riesgo (refugiados, \u00e1reas de desastre, c\u00e1rceles, etc.) y promoci\u00f3n de Cultura de Paz.<\/p>\n<p>[\/vc_column_text][\/vc_column_inner][vc_column_inner width=&#8221;1\/3&#8243;][vc_icon icon_fontawesome=&#8221;fas fa-graduation-cap&#8221; size=&#8221;xl&#8221; align=&#8221;center&#8221;][vc_custom_heading text=&#8221;Capacitaci\u00f3n&#8221; font_container=&#8221;tag:h2|text_align:center&#8221; google_fonts=&#8221;font_family:Raleway%3A100%2C200%2C300%2Cregular%2C500%2C600%2C700%2C800%2C900|font_style:400%20regular%3A400%3Anormal&#8221;][vc_separator color=&#8221;blue&#8221; el_width=&#8221;60&#8243; css=&#8221;.vc_custom_1591315678121{margin-top: 20px !important;}&#8221;][vc_column_text css=&#8221;.vc_custom_1591316352812{margin-top: 20px !important;}&#8221;]<\/p>\n<p style=\"text-align: center;\">programas de formaci\u00f3n y training para maestros, padres y<br \/>\nj\u00f3venes, conferencias y talleres en los 5 continente. Pluri-Educaci\u00f3n, J\u00f3venes 3000 y Voces de los Ni\u00f1os\/as.[\/vc_column_text][\/vc_column_inner][\/vc_row_inner][vc_row_inner][vc_column_inner width=&#8221;1\/3&#8243;][vc_icon icon_fontawesome=&#8221;fas fa-mail-bulk&#8221; size=&#8221;xl&#8221; align=&#8221;center&#8221;][vc_custom_heading text=&#8221;Material multimedia&#8221; font_container=&#8221;tag:h2|text_align:center&#8221; google_fonts=&#8221;font_family:Raleway%3A100%2C200%2C300%2Cregular%2C500%2C600%2C700%2C800%2C900|font_style:400%20regular%3A400%3Anormal&#8221;][vc_separator color=&#8221;blue&#8221; el_width=&#8221;60&#8243; css=&#8221;.vc_custom_1591315678121{margin-top: 20px !important;}&#8221;][vc_column_text css=&#8221;.vc_custom_1591316376393{margin-top: 20px !important;}&#8221;]<\/p>\n<p style=\"text-align: center;\">libros, mini libros, manuales y videos formativos e informativos. Disponibles de forma gratuita en nuestro sitio web y YouTube.<\/p>\n<p>[\/vc_column_text][\/vc_column_inner][vc_column_inner width=&#8221;1\/3&#8243;][vc_icon icon_fontawesome=&#8221;fas fa-shapes&#8221; size=&#8221;xl&#8221; align=&#8221;center&#8221;][vc_custom_heading text=&#8221;Red de las Escuelas de los 7 P\u00e9talos\u00ae&#8221; font_container=&#8221;tag:h2|text_align:center&#8221; google_fonts=&#8221;font_family:Raleway%3A100%2C200%2C300%2Cregular%2C500%2C600%2C700%2C800%2C900|font_style:400%20regular%3A400%3Anormal&#8221;][vc_separator color=&#8221;blue&#8221; el_width=&#8221;60&#8243; css=&#8221;.vc_custom_1591315678121{margin-top: 20px !important;}&#8221;][vc_column_text css=&#8221;.vc_custom_1591318508980{margin-top: 20px !important;}&#8221;]<\/p>\n<p style=\"text-align: center;\">implementaci\u00f3n de escuelas piloto integrales que se apoyan mutuamente en red.<\/p>\n<p>[\/vc_column_text][\/vc_column_inner][vc_column_inner width=&#8221;1\/3&#8243;][vc_icon icon_fontawesome=&#8221;fas fa-brain&#8221; size=&#8221;xl&#8221; align=&#8221;center&#8221;][vc_custom_heading text=&#8221;Investigaci\u00f3n aplicada neuro-pedag\u00f3gica&#8221; font_container=&#8221;tag:h2|text_align:center&#8221; google_fonts=&#8221;font_family:Raleway%3A100%2C200%2C300%2Cregular%2C500%2C600%2C700%2C800%2C900|font_style:400%20regular%3A400%3Anormal&#8221;][vc_separator color=&#8221;blue&#8221; el_width=&#8221;60&#8243; css=&#8221;.vc_custom_1591315678121{margin-top: 20px !important;}&#8221;][vc_column_text css=&#8221;.vc_custom_1591315602796{margin-top: 20px !important;}&#8221;]<\/p>\n<p style=\"text-align: center;\">desarrollo integral, Inteligencia Emocional, t\u00e9cnicas NeuroFLASH 3000, metalenguajes, Idiooomas 3000, Geometr\u00eda Universal, implementaci\u00f3n de las siete \u00e1reas de la Escuela de los 7 P\u00e9talos\u00ae y Juegos 3000.<\/p>\n<p>[\/vc_column_text][\/vc_column_inner][\/vc_row_inner][vc_row_inner][vc_column_inner width=&#8221;1\/3&#8243;][\/vc_column_inner][vc_column_inner width=&#8221;1\/3&#8243;][vc_icon icon_fontawesome=&#8221;fas fa-comments&#8221; size=&#8221;xl&#8221; align=&#8221;center&#8221;][vc_custom_heading text=&#8221;Divulgaci\u00f3n y conferencias&#8221; font_container=&#8221;tag:h2|text_align:center&#8221; google_fonts=&#8221;font_family:Raleway%3A100%2C200%2C300%2Cregular%2C500%2C600%2C700%2C800%2C900|font_style:400%20regular%3A400%3Anormal&#8221;][vc_separator color=&#8221;blue&#8221; el_width=&#8221;60&#8243; css=&#8221;.vc_custom_1591315678121{margin-top: 20px !important;}&#8221;][vc_column_text css=&#8221;.vc_custom_1591318497740{margin-top: 20px !important;}&#8221;]<\/p>\n<p style=\"text-align: center;\">sensibilizaci\u00f3n sobre la necesidad de una nueva educaci\u00f3n e intercambio de informaci\u00f3n pedag\u00f3gica.<\/p>\n<p>[\/vc_column_text][\/vc_column_inner][vc_column_inner width=&#8221;1\/3&#8243;][\/vc_column_inner][\/vc_row_inner][vc_column_text]<\/p>\n<div class=\"wpb_text_column wpb_content_element \">\n<div class=\"wpb_wrapper\">\n<p>P3000 es una opci\u00f3n integral para la transici\u00f3n educativa y social que estamos viviendo. Ofrece la informaci\u00f3n necesaria para fundamentar el cambio educativo\u00a0 y propone bases para su implementaci\u00f3n.<\/p>\n<p>P3000 es una opci\u00f3n posible y flexible, abierta, esencial y estructural, que se adapta a todos los pa\u00edses, todos los espacios y todos los equipos.<\/p><\/div>\n<\/div>\n<div class=\"vc-zigzag-wrapper vc-zigzag-align-center\">\n<div class=\"vc-zigzag-inner\"><\/div>\n<\/div>\n<p>[\/vc_column_text][vc_zigzag][vc_column_text]Concienciados de que la base de cualquier sociedad es la Educaci\u00f3n, les invitamos a ser parte de esta co-creaci\u00f3n, promoviendo tanto la evoluci\u00f3n interna como externa, y manifestando una profunda transformaci\u00f3n social, acorde a los tiempos que vivimos.[\/vc_column_text][\/vc_column][\/vc_row][vc_column width=&#8221;1\/4&#8243;][\/vc_column][vc_column width=&#8221;3\/4&#8243;][\/vc_column][vc_row full_width=&#8221;stretch_row_content_no_spaces&#8221; css=&#8221;.vc_custom_1595171950182{margin-bottom: -33px !important;}&#8221;][vc_column][vc_single_image image=&#8221;120&#8243; img_size=&#8221;full&#8221;][\/vc_column][\/vc_row]<\/p>\n","protected":false},"excerpt":{"rendered":"<p>[vc_row full_width=&#8221;stretch_row_content_no_spaces&#8221;][vc_column][vc_single_image image=&#8221;17&#8243; img_size=&#8221;full&#8221;][\/vc_column][\/vc_row][vc_row full_width=&#8221;stretch_row&#8221; css=&#8221;.vc_custom_1591318449051{margin-bottom: 0px !important;}&#8221;][vc_column width=&#8221;1\/4&#8243; css=&#8221;.vc_custom_1595171608077{padding-right: 15px !important;padding-bottom: 25px !important;padding-left: 25px !important;}&#8221;][vc_custom_heading text=&#8221;P3000&#8243; font_container=&#8221;tag:h2|text_align:left|color:%235970b5&#8243; google_fonts=&#8221;font_family:Raleway%3A100%2C200%2C300%2Cregular%2C500%2C600%2C700%2C800%2C900|font_style:800%20bold%20regular%3A800%3Anormal&#8221; css=&#8221;.vc_custom_1595171620528{margin-bottom: [&hellip;]<\/p>\n","protected":false},"author":1,"featured_media":0,"parent":0,"menu_order":0,"comment_status":"closed","ping_status":"closed","template":"","meta":{"site-sidebar-layout":"default","site-content-layout":"plain-container","ast-site-content-layout":"default","site-content-style":"default","site-sidebar-style":"default","ast-global-header-display":"","ast-banner-title-visibility":"","ast-main-header-display":"","ast-hfb-above-header-display":"","ast-hfb-below-header-display":"","ast-hfb-mobile-header-display":"","site-post-title":"","ast-breadcrumbs-content":"","ast-featured-img":"","footer-sml-layout":"","theme-transparent-header-meta":"default","adv-header-id-meta":"","stick-header-meta":"","header-above-stick-meta":"","header-main-stick-meta":"","header-below-stick-meta":"","astra-migrate-meta-layouts":"set","ast-page-background-enabled":"default","ast-page-background-meta":{"desktop":{"background-color":"var(--ast-global-color-5)","background-image":"","background-repeat":"repeat","background-position":"center center","background-size":"auto","background-attachment":"scroll","background-type":"","background-media":"","overlay-type":"","overlay-color":"","overlay-opacity":"","overlay-gradient":""},"tablet":{"background-color":"","background-image":"","background-repeat":"repeat","background-position":"center center","background-size":"auto","background-attachment":"scroll","background-type":"","background-media":"","overlay-type":"","overlay-color":"","overlay-opacity":"","overlay-gradient":""},"mobile":{"background-color":"","background-image":"","background-repeat":"repeat","background-position":"center center","background-size":"auto","background-attachment":"scroll","background-type":"","background-media":"","overlay-type":"","overlay-color":"","overlay-opacity":"","overlay-gradient":""}},"ast-content-background-meta":{"desktop":{"background-color":"var(--ast-global-color-4)","background-image":"","background-repeat":"repeat","background-position":"center center","background-size":"auto","background-attachment":"scroll","background-type":"","background-media":"","overlay-type":"","overlay-color":"","overlay-opacity":"","overlay-gradient":""},"tablet":{"background-color":"var(--ast-global-color-4)","background-image":"","background-repeat":"repeat","background-position":"center center","background-size":"auto","background-attachment":"scroll","background-type":"","background-media":"","overlay-type":"","overlay-color":"","overlay-opacity":"","overlay-gradient":""},"mobile":{"background-color":"var(--ast-global-color-4)","background-image":"","background-repeat":"repeat","background-position":"center center","background-size":"auto","background-attachment":"scroll","background-type":"","background-media":"","overlay-type":"","overlay-color":"","overlay-opacity":"","overlay-gradient":""}},"footnotes":""},"class_list":["post-118","page","type-page","status-publish","hentry"],"_links":{"self":[{"href":"https:\/\/p3000.info\/index.php\/wp-json\/wp\/v2\/pages\/118","targetHints":{"allow":["GET"]}}],"collection":[{"href":"https:\/\/p3000.info\/index.php\/wp-json\/wp\/v2\/pages"}],"about":[{"href":"https:\/\/p3000.info\/index.php\/wp-json\/wp\/v2\/types\/page"}],"author":[{"embeddable":true,"href":"https:\/\/p3000.info\/index.php\/wp-json\/wp\/v2\/users\/1"}],"replies":[{"embeddable":true,"href":"https:\/\/p3000.info\/index.php\/wp-json\/wp\/v2\/comments?post=118"}],"version-history":[{"count":2,"href":"https:\/\/p3000.info\/index.php\/wp-json\/wp\/v2\/pages\/118\/revisions"}],"predecessor-version":[{"id":121,"href":"https:\/\/p3000.info\/index.php\/wp-json\/wp\/v2\/pages\/118\/revisions\/121"}],"wp:attachment":[{"href":"https:\/\/p3000.info\/index.php\/wp-json\/wp\/v2\/media?parent=118"}],"curies":[{"name":"wp","href":"https:\/\/api.w.org\/{rel}","templated":true}]}}