{"id":125,"date":"2025-09-24T18:41:13","date_gmt":"2025-09-24T18:41:13","guid":{"rendered":"https:\/\/p3000.info\/?page_id=125"},"modified":"2025-09-24T18:41:13","modified_gmt":"2025-09-24T18:41:13","slug":"biografia-noemi-paymal","status":"publish","type":"page","link":"https:\/\/p3000.info\/index.php\/biografia-noemi-paymal\/","title":{"rendered":"biografia-noemi-paymal"},"content":{"rendered":"<p>[vc_row full_width=&#8221;stretch_row_content_no_spaces&#8221;][vc_column][vc_single_image image=&#8221;17&#8243; img_size=&#8221;full&#8221;][\/vc_column][\/vc_row][vc_row full_width=&#8221;stretch_row&#8221; css=&#8221;.vc_custom_1591318449051{margin-bottom: 0px !important;}&#8221;][vc_column width=&#8221;1\/4&#8243; css=&#8221;.vc_custom_1595172669585{padding-right: 15px !important;padding-bottom: 25px !important;padding-left: 25px !important;}&#8221;][vc_custom_heading text=&#8221;Instituto Internacional&#8221; font_container=&#8221;tag:h2|text_align:left|color:%235970b5&#8243; google_fonts=&#8221;font_family:Raleway%3A100%2C200%2C300%2Cregular%2C500%2C600%2C700%2C800%2C900|font_style:800%20bold%20regular%3A800%3Anormal&#8221; css=&#8221;.vc_custom_1603899164796{margin-bottom: 10px !important;padding-top: 15px !important;}&#8221;][vc_widget_sidebar sidebar_id=&#8221;cs-1&#8243;][\/vc_column][vc_column width=&#8221;3\/4&#8243; css=&#8221;.vc_custom_1593959336666{padding-left: 35px !important;}&#8221;][vc_custom_heading text=&#8221;Biograf\u00eda Noemi Paymal&#8221; font_container=&#8221;tag:h1|font_size:40px|text_align:left|line_height:50px&#8221; use_theme_fonts=&#8221;yes&#8221; css_animation=&#8221;fadeInUp&#8221;][vc_row_inner css=&#8221;.vc_custom_1595172553782{margin-top: 33px !important;}&#8221;][vc_column_inner width=&#8221;1\/4&#8243;][vc_single_image image=&#8221;126&#8243; img_size=&#8221;&#8221;][\/vc_column_inner][vc_column_inner width=&#8221;3\/4&#8243;][vc_column_text]De nacionalidad francesa, reside actualmente en Bolivia. Noemi Paymal es investigadora, antrop\u00f3loga, comunicadora y autora de varios libros.<\/p>\n<p>&nbsp;<\/p>\n<p>Impuls\u00f3 Pedagooogia 3000\u00ae (desde 2001), el Enlace Mundial para una Nueva Educaci\u00f3n (desde 2008) y la Red Mundial de las Escuelas de los 7 P\u00e9talos (desde 2015). Se gradu\u00f3 en Antropolog\u00eda Aplicada en la Universidad Salesiana de Quito, Ecuador, en 1986. Es actualmente Directora del Instituto Internacional de Pedagooogia 3000\u00ae, en La Paz, Bolivia. Ha cooperado en m\u00e1s de 55 pa\u00edses en el campo de la antropolog\u00eda aplicada y de la educaci\u00f3n integral.<\/p>\n<p>&nbsp;<\/p>\n<p>De 1990 a 2001, coordin\u00f3 proyectos de desarrollo social, multicultural y ecol\u00f3gico con la Comisi\u00f3n Europea, la Cooperaci\u00f3n francesa, PNUD, GEF y UNESCO. En 2001 inici\u00f3 en Quito, Ecuador, una Fundaci\u00f3n a favor de los ni\u00f1os\/as y de una nueva educaci\u00f3n, profundizando en diversas metodolog\u00edas de aprendizaje transformativo y multicultural.<\/p>\n<p>&nbsp;<\/p>\n<p>Noemi ha impartido m\u00e1s de 1600 conferencias y talleres sobre el tema de los\u00a0 ni\u00f1os\/as llamados del Tercer Milenio y la Educaci\u00f3n que necesitan, en: Alemania, Argentina, Australia, Austria, Canad\u00e1, Colombia, Croacia, Canad\u00e1, Cuba, Bolivia, B\u00e9lgica, Brasil, Bulgaria, Chile, Ecuador, Egipto, Emiratos \u00c1rabes Unidos (Dub\u00e1i y Abu Dabi), Espa\u00f1a, Estados Unidos, Ghana,\u00a0 Guatemala, Grecia, Francia, Finlandia, India, Inglaterra, Italia, Israel, Jap\u00f3n, Jordania, Kenia, L\u00edbano, Marruecos, M\u00e9xico, Nepal, Nueva Zelanda, Paraguay, Per\u00fa, Portugal, Puerto Rico, Rep\u00fablica Dominicana, Rumania, Rusia, Siria, Suecia, Suiza, Sur\u00e1frica, Taiw\u00e1n, Turqu\u00eda, Venezuela y Uruguay.<br \/>\nEn 2009 particip\u00f3 en el Foro Internacional de la ANH con Deepak Chopra, en la secci\u00f3n\u00a0Educaci\u00f3n. Por su labor y compromiso con una profunda Cultura de Paz, recibi\u00f3 en 2010 la Bandera de la Paz de Nicol\u00e1s Roerich y fue distinguida como Embajadora de Paz por las fundaciones P.E.A y Mil Milenios de Paz de Argentina. En 2014, fue invitada por la Liga de los Pa\u00edses \u00c1rabes a dar un discurso en El Cairo sobre Educaci\u00f3n y Cultura de Paz.<\/p>\n<p>&nbsp;<\/p>\n<p>En 2016, inici\u00f3 la Plataforma social solidaria de Pedagooogia 3000\u00ae y el Programa Post Trauma 3000, con ni\u00f1os\/as de Siria refugiados en Turqu\u00eda y L\u00edbano. Tras ello, junto a Nelly Chavarr\u00eda Lic\u00f3n y equipo, lanz\u00f3 la Campa\u00f1a Internacional PAZ 3000 \u201cYo puedo elegir\u2026 y elijo La Paz\u201d.<\/p>\n<p>&nbsp;<\/p>\n<p>Es autora y co-autora de una docena de libros de antropolog\u00eda aplicada y de educaci\u00f3n. Entre otros, ha escrito el libro Pedagooogia 3000\u00ae (Tomo I y II), el libro de la Escuela de los 7 P\u00e9talos\u00ae (Tomos I y II), 7 mini libros de educaci\u00f3n y 33 cuadernos pedag\u00f3gicos aplicados. Es productora de m\u00e1s de 200 videos de Educaci\u00f3n y desarrollo personal. Todo el material educativo producido se encuentra gratuitamente en nuestra p\u00e1gina Web y en YouTube.<\/p>\n<p>&nbsp;<\/p>\n<p>En la actualidad, es Presidenta de la Asociaci\u00f3n 3000 y Vicepresidenta de la Asociaci\u00f3n Wi\u00f1ay Qhana Wawa en Bolivia, as\u00ed como Vicepresidenta de la Fundaci\u00f3n \/ Corporaci\u00f3n Enlace Mundial para una Nueva Educaci\u00f3n en Chile.[\/vc_column_text][\/vc_column_inner][\/vc_row_inner][\/vc_column][\/vc_row][vc_row full_width=&#8221;stretch_row_content_no_spaces&#8221;][vc_column][vc_single_image image=&#8221;120&#8243; img_size=&#8221;full&#8221; css=&#8221;.vc_custom_1758739218456{margin-bottom: -66px !important;}&#8221;][\/vc_column][\/vc_row]<\/p>\n","protected":false},"excerpt":{"rendered":"<p>[vc_row full_width=&#8221;stretch_row_content_no_spaces&#8221;][vc_column][vc_single_image image=&#8221;17&#8243; img_size=&#8221;full&#8221;][\/vc_column][\/vc_row][vc_row full_width=&#8221;stretch_row&#8221; css=&#8221;.vc_custom_1591318449051{margin-bottom: 0px !important;}&#8221;][vc_column width=&#8221;1\/4&#8243; css=&#8221;.vc_custom_1595172669585{padding-right: 15px !important;padding-bottom: 25px !important;padding-left: 25px !important;}&#8221;][vc_custom_heading text=&#8221;Instituto Internacional&#8221; font_container=&#8221;tag:h2|text_align:left|color:%235970b5&#8243; google_fonts=&#8221;font_family:Raleway%3A100%2C200%2C300%2Cregular%2C500%2C600%2C700%2C800%2C900|font_style:800%20bold%20regular%3A800%3Anormal&#8221; [&hellip;]<\/p>\n","protected":false},"author":1,"featured_media":0,"parent":0,"menu_order":0,"comment_status":"closed","ping_status":"closed","template":"","meta":{"site-sidebar-layout":"no-sidebar","site-content-layout":"plain-container","ast-site-content-layout":"default","site-content-style":"default","site-sidebar-style":"default","ast-global-header-display":"","ast-banner-title-visibility":"","ast-main-header-display":"","ast-hfb-above-header-display":"","ast-hfb-below-header-display":"","ast-hfb-mobile-header-display":"","site-post-title":"disabled","ast-breadcrumbs-content":"","ast-featured-img":"disabled","footer-sml-layout":"","theme-transparent-header-meta":"default","adv-header-id-meta":"","stick-header-meta":"","header-above-stick-meta":"","header-main-stick-meta":"","header-below-stick-meta":"","astra-migrate-meta-layouts":"set","ast-page-background-enabled":"default","ast-page-background-meta":{"desktop":{"background-color":"var(--ast-global-color-5)","background-image":"","background-repeat":"repeat","background-position":"center center","background-size":"auto","background-attachment":"scroll","background-type":"","background-media":"","overlay-type":"","overlay-color":"","overlay-opacity":"","overlay-gradient":""},"tablet":{"background-color":"","background-image":"","background-repeat":"repeat","background-position":"center center","background-size":"auto","background-attachment":"scroll","background-type":"","background-media":"","overlay-type":"","overlay-color":"","overlay-opacity":"","overlay-gradient":""},"mobile":{"background-color":"","background-image":"","background-repeat":"repeat","background-position":"center center","background-size":"auto","background-attachment":"scroll","background-type":"","background-media":"","overlay-type":"","overlay-color":"","overlay-opacity":"","overlay-gradient":""}},"ast-content-background-meta":{"desktop":{"background-color":"var(--ast-global-color-4)","background-image":"","background-repeat":"repeat","background-position":"center center","background-size":"auto","background-attachment":"scroll","background-type":"","background-media":"","overlay-type":"","overlay-color":"","overlay-opacity":"","overlay-gradient":""},"tablet":{"background-color":"var(--ast-global-color-4)","background-image":"","background-repeat":"repeat","background-position":"center center","background-size":"auto","background-attachment":"scroll","background-type":"","background-media":"","overlay-type":"","overlay-color":"","overlay-opacity":"","overlay-gradient":""},"mobile":{"background-color":"var(--ast-global-color-4)","background-image":"","background-repeat":"repeat","background-position":"center center","background-size":"auto","background-attachment":"scroll","background-type":"","background-media":"","overlay-type":"","overlay-color":"","overlay-opacity":"","overlay-gradient":""}},"footnotes":""},"class_list":["post-125","page","type-page","status-publish","hentry"],"_links":{"self":[{"href":"https:\/\/p3000.info\/index.php\/wp-json\/wp\/v2\/pages\/125","targetHints":{"allow":["GET"]}}],"collection":[{"href":"https:\/\/p3000.info\/index.php\/wp-json\/wp\/v2\/pages"}],"about":[{"href":"https:\/\/p3000.info\/index.php\/wp-json\/wp\/v2\/types\/page"}],"author":[{"embeddable":true,"href":"https:\/\/p3000.info\/index.php\/wp-json\/wp\/v2\/users\/1"}],"replies":[{"embeddable":true,"href":"https:\/\/p3000.info\/index.php\/wp-json\/wp\/v2\/comments?post=125"}],"version-history":[{"count":1,"href":"https:\/\/p3000.info\/index.php\/wp-json\/wp\/v2\/pages\/125\/revisions"}],"predecessor-version":[{"id":127,"href":"https:\/\/p3000.info\/index.php\/wp-json\/wp\/v2\/pages\/125\/revisions\/127"}],"wp:attachment":[{"href":"https:\/\/p3000.info\/index.php\/wp-json\/wp\/v2\/media?parent=125"}],"curies":[{"name":"wp","href":"https:\/\/api.w.org\/{rel}","templated":true}]}}