{"id":146,"date":"2025-09-25T17:01:03","date_gmt":"2025-09-25T17:01:03","guid":{"rendered":"https:\/\/p3000.info\/?page_id=146"},"modified":"2025-12-22T00:21:53","modified_gmt":"2025-12-22T00:21:53","slug":"mini-libros","status":"publish","type":"page","link":"https:\/\/p3000.info\/index.php\/mini-libros\/","title":{"rendered":"Mini Libros"},"content":{"rendered":"<p>[vc_row][vc_column][vc_single_image image=&#8221;17&#8243; img_size=&#8221;full&#8221;][\/vc_column][\/vc_row][vc_row css=&#8221;.vc_custom_1595170725938{margin-bottom: 20px !important;}&#8221;][vc_column width=&#8221;1\/4&#8243; css=&#8221;.vc_custom_1595170719883{padding-right: 15px !important;padding-bottom: 25px !important;padding-left: 25px !important;}&#8221;][vc_custom_heading text=&#8221;Recursos&#8221; google_fonts=&#8221;font_family:Raleway%3A100%2C200%2C300%2Cregular%2C500%2C600%2C700%2C800%2C900|font_style:800%20bold%20regular%3A800%3Anormal&#8221; css=&#8221;.vc_custom_1595168466748{margin-bottom: 10px !important;padding-top: 15px !important;}&#8221;][vc_widget_sidebar sidebar_id=&#8221;cs-2&#8243;][\/vc_column][vc_column width=&#8221;3\/4&#8243; css=&#8221;.vc_custom_1593959551176{padding-left: 30px !important;}&#8221;][vc_custom_heading text=&#8221;Mini Libros&#8221; font_container=&#8221;tag:h1|font_size:40px|text_align:left|line_height:50px&#8221; use_theme_fonts=&#8221;yes&#8221; css_animation=&#8221;fadeInUp&#8221;][vc_row_inner css=&#8221;.vc_custom_1595168360909{margin-top: 33px !important;}&#8221;][vc_column_inner width=&#8221;1\/4&#8243;][vc_single_image image=&#8221;148&#8243; img_size=&#8221;&#8221; alignment=&#8221;center&#8221;][vc_btn title=&#8221;Desacargar&#8221; style=&#8221;flat&#8221; color=&#8221;sky&#8221; align=&#8221;center&#8221; i_icon_fontawesome=&#8221;fas fa-cloud-download-alt&#8221; css_animation=&#8221;fadeIn&#8221; button_block=&#8221;true&#8221; add_icon=&#8221;true&#8221; link=&#8221;url:https%3A%2F%2Fp3000.info%2Frecursos%2Flibros%2FEscuelas_de_los_7_Petalos_para_la_Paz.pdf||target:%20_blank|&#8221;][\/vc_column_inner][vc_column_inner width=&#8221;3\/4&#8243;][vc_column_text]<\/p>\n<h3><strong>Escuelas de los 7 P\u00e9talos para la Paz<\/strong><\/h3>\n<p>&nbsp;<\/p>\n<h4>Crear Escuelas de Paz es uno de los objetivos principales de P3000. Que los ni\u00f1os\/as crezcan en ambientes donde se construye la paz y el entendimiento, es esencial para la nueva generaci\u00f3n.<\/h4>\n<p>&nbsp;<\/p>\n<h4><\/h4>\n<h4>\u00bfC\u00f3mo\u00a0co-crear una Escuela para la Paz, donde estudiantes y adultos son plenos, felices y pro-activos? \u2026teniendo en cuenta 3 \u00e1mbitos de paz:<\/h4>\n<h4><\/h4>\n<p>&nbsp;<\/p>\n<h4>\u2013 Paz con uno mimo\/a.<br \/>\n\u2013 Paz con los dem\u00e1s.<br \/>\n\u2013 Paz con La Naturaleza.<\/h4>\n<h4><\/h4>\n<p>&nbsp;<\/p>\n<h4>Este\u00a0minilibro\u00a0explica c\u00f3mo hacerlo de manera sencilla y did\u00e1ctica, paso a paso, p\u00e9talo a p\u00e9talo, actividad por actividad.<\/h4>\n<h4><\/h4>\n<p>&nbsp;<\/p>\n<h4>Las Escuelas de los 7 P\u00e9talos para la Paz son para implementarlas, adaptarlas, multiplicarlas y, m\u00e1s que todo, disfrutarlas.<\/h4>\n<p>[\/vc_column_text][\/vc_column_inner][\/vc_row_inner][vc_zigzag color=&#8221;blue&#8221; el_border_width=&#8221;8&#8243; css_animation=&#8221;fadeIn&#8221;][vc_row_inner css=&#8221;.vc_custom_1593960923967{margin-top: 35px !important;}&#8221;][vc_column_inner width=&#8221;1\/4&#8243;][vc_single_image image=&#8221;152&#8243; img_size=&#8221;&#8221; alignment=&#8221;center&#8221;][vc_btn title=&#8221;Desacargar&#8221; style=&#8221;flat&#8221; color=&#8221;sky&#8221; align=&#8221;center&#8221; i_icon_fontawesome=&#8221;fas fa-cloud-download-alt&#8221; css_animation=&#8221;fadeIn&#8221; button_block=&#8221;true&#8221; add_icon=&#8221;true&#8221; link=&#8221;url:http%3A%2F%2Fp3000.info%2Frecursos%2Flibros%2FQue_es_Pedagooogia3000.pdf||target:%20_blank|&#8221;][\/vc_column_inner][vc_column_inner width=&#8221;3\/4&#8243;][vc_column_text]<\/p>\n<h3><strong>\u00bfQu\u00e9 es Pedagooogia 3000? Una invitaci\u00f3n mundial para co-crear una Educaci\u00f3n Integral y de Paz<\/strong><\/h3>\n<p>&nbsp;<\/p>\n<h4>\u00bfSab\u00edas que los ni\u00f1os\/as y j\u00f3venes de hoy est\u00e1n cambiando y desean un nuevo mundo de Paz? \u00bfSab\u00edas que muchos mam\u00e1s, pap\u00e1s y profesores \u2013 como Clarisa y Agust\u00edn- desean una Educaci\u00f3n con Consciencia, que engrandezca al ser humano y provea herramientas pr\u00e1cticas para co-construir una sociedad m\u00e1s sabia? \u00bfY que simplemente lo hacen, lo co-crean y lo disfrutan?<\/h4>\n<p>&nbsp;<\/p>\n<h4><\/h4>\n<h4>Todos\/as podemos generar cambio.<\/h4>\n<h4><\/h4>\n<p>&nbsp;<\/p>\n<h4>Este minilibro explica de forma resumida la esencia de Pedagooog\u00eda 3000, en qu\u00e9 consiste la invitaci\u00f3n para crear una nueva educaci\u00f3n, los ejes de acci\u00f3n, el c\u00f3digo de \u00e9tica P3000, las caracter\u00edsticas del aprendizaje de los ni\u00f1os\/as de hoy y la proyecci\u00f3n educativa a futuro.<\/h4>\n<h4><\/h4>\n<p>[\/vc_column_text][\/vc_column_inner][\/vc_row_inner][vc_zigzag color=&#8221;blue&#8221; el_border_width=&#8221;8&#8243; css_animation=&#8221;fadeIn&#8221;][vc_row_inner css=&#8221;.vc_custom_1593960923967{margin-top: 35px !important;}&#8221;][vc_column_inner width=&#8221;1\/4&#8243;][vc_single_image image=&#8221;150&#8243; img_size=&#8221;&#8221; alignment=&#8221;center&#8221;][vc_btn title=&#8221;Desacargar&#8221; style=&#8221;flat&#8221; color=&#8221;sky&#8221; align=&#8221;center&#8221; i_icon_fontawesome=&#8221;fas fa-cloud-download-alt&#8221; css_animation=&#8221;fadeIn&#8221; button_block=&#8221;true&#8221; add_icon=&#8221;true&#8221; link=&#8221;url:http%3A%2F%2Fp3000.info%2Frecursos%2Flibros%2FKiero_Kambiar_2da_edicion_2010.pdf||target:%20_blank|&#8221;][\/vc_column_inner][vc_column_inner width=&#8221;3\/4&#8243;][vc_column_text]<\/p>\n<h3><strong>K!ero Kamb!ar\u2026y ahora s\u00e9 c\u00f3mo.<\/strong><\/h3>\n<h4><\/h4>\n<h4><\/h4>\n<p>&nbsp;<\/p>\n<h4>-Quiero cambiar.<\/h4>\n<p>&nbsp;<\/p>\n<h4>-\u00a1Excelente!<br \/>\n-Pero\u2026 no s\u00e9 por d\u00f3nde empezar\u2026<\/h4>\n<p>&nbsp;<\/p>\n<h4>Entonces este librito es para ti.<\/h4>\n<p>[\/vc_column_text][\/vc_column_inner][\/vc_row_inner][vc_zigzag color=&#8221;blue&#8221; el_border_width=&#8221;8&#8243; css_animation=&#8221;fadeIn&#8221;][vc_row_inner css=&#8221;.vc_custom_1593960923967{margin-top: 35px !important;}&#8221;][vc_column_inner width=&#8221;1\/4&#8243;][vc_single_image image=&#8221;149&#8243; img_size=&#8221;&#8221; alignment=&#8221;center&#8221;][vc_btn title=&#8221;Desacargar&#8221; style=&#8221;flat&#8221; color=&#8221;sky&#8221; align=&#8221;center&#8221; i_icon_fontawesome=&#8221;fas fa-cloud-download-alt&#8221; css_animation=&#8221;fadeIn&#8221; button_block=&#8221;true&#8221; add_icon=&#8221;true&#8221; link=&#8221;url:http%3A%2F%2Fp3000.info%2Frecursos%2Flibros%2FExpansion_de_conciencia.pdf||target:%20_blank|&#8221;][\/vc_column_inner][vc_column_inner width=&#8221;3\/4&#8243;][vc_column_text]<\/p>\n<h3><strong>Pedagooogia 3000 Expansi\u00f3n de Conciencia<\/strong><\/h3>\n<h4><\/h4>\n<h4><\/h4>\n<h4><\/h4>\n<h4>Hacia el desarrollo Integral del Ser Humano y el Bien Com\u00fan<\/h4>\n<h4><\/h4>\n<p>&nbsp;<\/p>\n<h4>Este libro de bolsillo es una gu\u00eda polifuncional y referencia indispensable para toda persona que desea proyectar la Educaci\u00f3n de hoy<\/h4>\n<p>[\/vc_column_text][\/vc_column_inner][\/vc_row_inner][vc_zigzag color=&#8221;blue&#8221; el_border_width=&#8221;8&#8243; css_animation=&#8221;fadeIn&#8221;][vc_row_inner css=&#8221;.vc_custom_1593960923967{margin-top: 35px !important;}&#8221;][vc_column_inner width=&#8221;1\/4&#8243;][vc_single_image image=&#8221;151&#8243; img_size=&#8221;&#8221; alignment=&#8221;center&#8221;][vc_btn title=&#8221;Desacargar&#8221; style=&#8221;flat&#8221; color=&#8221;sky&#8221; align=&#8221;center&#8221; i_icon_fontawesome=&#8221;fas fa-cloud-download-alt&#8221; css_animation=&#8221;fadeIn&#8221; button_block=&#8221;true&#8221; add_icon=&#8221;true&#8221; link=&#8221;url:http%3A%2F%2Fp3000.info%2Frecursos%2Flibros%2FMinilibro_PAZ_3000.pdf||target:%20_blank|&#8221;][\/vc_column_inner][vc_column_inner width=&#8221;3\/4&#8243;][vc_column_text]<\/p>\n<h3><strong>P A Z 3 0 0 0<\/strong><\/h3>\n<h4><\/h4>\n<h4><\/h4>\n<p>&nbsp;<\/p>\n<h4>Una Paz multinivel, profunda y durable para el Tercer Milenio y para todo el Mundo<\/h4>\n<p>&nbsp;<\/p>\n<h4><\/h4>\n<h4>-Tengo la fuerza y la sabidur\u00eda de parar los ciclos de violencia y la \u201cescalada\u201d de la misma.<br \/>\n-Tengo el poder de co-crear una Cultura de Paz durable en la Tierra.<br \/>\n-\u00a1Yo puedo elegir\u2026 Elijo la Paz!<\/h4>\n<h4><\/h4>\n<p>&nbsp;<\/p>\n<h4>\u00bfPor qu\u00e9 ser promotores de Paz y vivir la Paz?<br \/>\n<em>\u201cPorque promover la Paz es aportar al logro de metas que no s\u00f3lo est\u00e1n m\u00e1s all\u00e1 de nosotros\/as mismos, sino incluso m\u00e1s all\u00e1 de toda la humanidad\u201d<\/em>. Nelly Chavarr\u00eda.<\/h4>\n<h4><\/h4>\n<p>&nbsp;<\/p>\n<h4>El eslogan \u201cI can choose\u2026 and I choose Peace\u201d es cortes\u00eda de Mrs Aicha Wassef, Egipto<br \/>\nHamsa Peace Programme<br \/>\nThank you dear Aicha, and Peace to Egypt!<\/h4>\n<p>[\/vc_column_text][\/vc_column_inner][\/vc_row_inner][vc_zigzag color=&#8221;blue&#8221; el_border_width=&#8221;8&#8243; css_animation=&#8221;fadeIn&#8221;][vc_row_inner css=&#8221;.vc_custom_1593960923967{margin-top: 35px !important;}&#8221;][vc_column_inner width=&#8221;1\/4&#8243;][vc_single_image image=&#8221;147&#8243; img_size=&#8221;&#8221; alignment=&#8221;center&#8221;][vc_btn title=&#8221;Desacargar&#8221; style=&#8221;flat&#8221; color=&#8221;sky&#8221; align=&#8221;center&#8221; i_icon_fontawesome=&#8221;fas fa-cloud-download-alt&#8221; css_animation=&#8221;fadeIn&#8221; button_block=&#8221;true&#8221; add_icon=&#8221;true&#8221; link=&#8221;url:http%3A%2F%2Fp300.info%2Frecursos%2Flibros%2F13_PASOS_2da_edicion_2010.pdf||target:%20_blank|&#8221;][\/vc_column_inner][vc_column_inner width=&#8221;3\/4&#8243;][vc_column_text]<\/p>\n<h3><strong>Pedagooogia 3000 f\u00e1cil<br \/>\n13 pasos sencillos<\/strong><\/h3>\n<p>&nbsp;<\/p>\n<h4><\/h4>\n<h4><\/h4>\n<h4><\/h4>\n<h4><\/h4>\n<h4>Para ser madre, padre y profesor en el tercer milenio\u2026 \u00a1Y disfrutar!.<\/h4>\n<h4><\/h4>\n<p>&nbsp;<\/p>\n<h4>\u00bfC\u00f3mo educo a mi hijo \/ hija?<br \/>\n\u00bfQu\u00e9 hago con mis estudiantes?<br \/>\n\u00bfC\u00f3mo entender y atender a los ni\u00f1os, ni\u00f1as y j\u00f3venes del tercer milenio?<br \/>\n\u00bfC\u00f3mo potenciar sus talentos?<\/h4>\n<h4><\/h4>\n<p>&nbsp;<\/p>\n<h4>Este libro conciso y f\u00e1cil de leer, nos ofrece repuestas y, a\u00fan m\u00e1s, nos propone una actitud entusiasta y un impulso real para realizar los cambios que necesitamos y fluir en armon\u00eda en estos tiempos de transici\u00f3n.<\/h4>\n<h4><\/h4>\n<p>&nbsp;<\/p>\n<h4>Una s\u00edntesis de nueva pedagog\u00eda que nos puede ayudar a cambiar la vida, tanto en nuestra familia como en nuestra aula escolar.<\/h4>\n<p>[\/vc_column_text][\/vc_column_inner][\/vc_row_inner][vc_zigzag color=&#8221;blue&#8221; el_border_width=&#8221;8&#8243; css_animation=&#8221;fadeIn&#8221;][\/vc_column][\/vc_row][vc_row full_width=&#8221;stretch_row_content_no_spaces&#8221; css=&#8221;.vc_custom_1593575050182{background-position: center !important;background-repeat: no-repeat !important;background-size: cover !important;}&#8221;][vc_column][vc_single_image image=&#8221;70&#8243; img_size=&#8221;full&#8221;][\/vc_column][\/vc_row]<\/p>\n","protected":false},"excerpt":{"rendered":"<p>[vc_row][vc_column][vc_single_image image=&#8221;17&#8243; img_size=&#8221;full&#8221;][\/vc_column][\/vc_row][vc_row css=&#8221;.vc_custom_1595170725938{margin-bottom: 20px !important;}&#8221;][vc_column width=&#8221;1\/4&#8243; css=&#8221;.vc_custom_1595170719883{padding-right: 15px !important;padding-bottom: 25px !important;padding-left: 25px !important;}&#8221;][vc_custom_heading text=&#8221;Recursos&#8221; google_fonts=&#8221;font_family:Raleway%3A100%2C200%2C300%2Cregular%2C500%2C600%2C700%2C800%2C900|font_style:800%20bold%20regular%3A800%3Anormal&#8221; css=&#8221;.vc_custom_1595168466748{margin-bottom: 10px !important;padding-top: 15px [&hellip;]<\/p>\n","protected":false},"author":1,"featured_media":0,"parent":0,"menu_order":0,"comment_status":"closed","ping_status":"closed","template":"","meta":{"site-sidebar-layout":"no-sidebar","site-content-layout":"plain-container","ast-site-content-layout":"default","site-content-style":"default","site-sidebar-style":"default","ast-global-header-display":"","ast-banner-title-visibility":"","ast-main-header-display":"","ast-hfb-above-header-display":"","ast-hfb-below-header-display":"","ast-hfb-mobile-header-display":"","site-post-title":"disabled","ast-breadcrumbs-content":"","ast-featured-img":"disabled","footer-sml-layout":"","theme-transparent-header-meta":"default","adv-header-id-meta":"","stick-header-meta":"","header-above-stick-meta":"","header-main-stick-meta":"","header-below-stick-meta":"","astra-migrate-meta-layouts":"set","ast-page-background-enabled":"default","ast-page-background-meta":{"desktop":{"background-color":"var(--ast-global-color-5)","background-image":"","background-repeat":"repeat","background-position":"center center","background-size":"auto","background-attachment":"scroll","background-type":"","background-media":"","overlay-type":"","overlay-color":"","overlay-opacity":"","overlay-gradient":""},"tablet":{"background-color":"","background-image":"","background-repeat":"repeat","background-position":"center center","background-size":"auto","background-attachment":"scroll","background-type":"","background-media":"","overlay-type":"","overlay-color":"","overlay-opacity":"","overlay-gradient":""},"mobile":{"background-color":"","background-image":"","background-repeat":"repeat","background-position":"center center","background-size":"auto","background-attachment":"scroll","background-type":"","background-media":"","overlay-type":"","overlay-color":"","overlay-opacity":"","overlay-gradient":""}},"ast-content-background-meta":{"desktop":{"background-color":"var(--ast-global-color-4)","background-image":"","background-repeat":"repeat","background-position":"center center","background-size":"auto","background-attachment":"scroll","background-type":"","background-media":"","overlay-type":"","overlay-color":"","overlay-opacity":"","overlay-gradient":""},"tablet":{"background-color":"var(--ast-global-color-4)","background-image":"","background-repeat":"repeat","background-position":"center center","background-size":"auto","background-attachment":"scroll","background-type":"","background-media":"","overlay-type":"","overlay-color":"","overlay-opacity":"","overlay-gradient":""},"mobile":{"background-color":"var(--ast-global-color-4)","background-image":"","background-repeat":"repeat","background-position":"center center","background-size":"auto","background-attachment":"scroll","background-type":"","background-media":"","overlay-type":"","overlay-color":"","overlay-opacity":"","overlay-gradient":""}},"footnotes":""},"class_list":["post-146","page","type-page","status-publish","hentry"],"_links":{"self":[{"href":"https:\/\/p3000.info\/index.php\/wp-json\/wp\/v2\/pages\/146","targetHints":{"allow":["GET"]}}],"collection":[{"href":"https:\/\/p3000.info\/index.php\/wp-json\/wp\/v2\/pages"}],"about":[{"href":"https:\/\/p3000.info\/index.php\/wp-json\/wp\/v2\/types\/page"}],"author":[{"embeddable":true,"href":"https:\/\/p3000.info\/index.php\/wp-json\/wp\/v2\/users\/1"}],"replies":[{"embeddable":true,"href":"https:\/\/p3000.info\/index.php\/wp-json\/wp\/v2\/comments?post=146"}],"version-history":[{"count":3,"href":"https:\/\/p3000.info\/index.php\/wp-json\/wp\/v2\/pages\/146\/revisions"}],"predecessor-version":[{"id":425,"href":"https:\/\/p3000.info\/index.php\/wp-json\/wp\/v2\/pages\/146\/revisions\/425"}],"wp:attachment":[{"href":"https:\/\/p3000.info\/index.php\/wp-json\/wp\/v2\/media?parent=146"}],"curies":[{"name":"wp","href":"https:\/\/api.w.org\/{rel}","templated":true}]}}