{"id":155,"date":"2025-09-25T17:22:14","date_gmt":"2025-09-25T17:22:14","guid":{"rendered":"https:\/\/p3000.info\/?page_id=155"},"modified":"2025-09-25T17:28:13","modified_gmt":"2025-09-25T17:28:13","slug":"proposito-vision-mision","status":"publish","type":"page","link":"https:\/\/p3000.info\/index.php\/proposito-vision-mision\/","title":{"rendered":"Prop\u00f3sito, Misi\u00f3n y Visi\u00f3n"},"content":{"rendered":"<p>[vc_row full_width=&#8221;stretch_row_content_no_spaces&#8221;][vc_column][vc_single_image image=&#8221;17&#8243; img_size=&#8221;full&#8221;][\/vc_column][\/vc_row][vc_row css=&#8221;.vc_custom_1595126693549{margin-top: 30px !important;margin-bottom: 20px !important;padding-left: 35px !important;}&#8221;][vc_column css=&#8221;.vc_custom_1594159756076{margin-left: 35px !important;}&#8221;][vc_custom_heading text=&#8221;Prop\u00f3sito: Socio-Multi-Educaci\u00f3n&#8221; font_container=&#8221;tag:h1|font_size:40px|text_align:left|line_height:50px&#8221; use_theme_fonts=&#8221;yes&#8221; css_animation=&#8221;fadeInUp&#8221;][vc_column_text]Pedagooogia 3000\u00ae impulsa la Socio-Multi-Educaci\u00f3n, la Educaci\u00f3n del futuro. Una educaci\u00f3n integrada en la vida. El prop\u00f3sito es que la Educaci\u00f3n sea un proceso constante de auto-realizaci\u00f3n, personal y colectiva, para todos los seres humanos, de todas las edades y en todos los sectores de la sociedad.[\/vc_column_text][\/vc_column][\/vc_row][vc_row css=&#8221;.vc_custom_1595126693549{margin-top: 30px !important;margin-bottom: 20px !important;padding-left: 35px !important;}&#8221;][vc_column css=&#8221;.vc_custom_1594159756076{margin-left: 35px !important;}&#8221;][vc_custom_heading text=&#8221;Misi\u00f3n&#8221; font_container=&#8221;tag:h3|font_size:40px|text_align:left|line_height:50px&#8221; use_theme_fonts=&#8221;yes&#8221; css_animation=&#8221;fadeInUp&#8221;][vc_column_text]Nuestra misi\u00f3n nos une y nos fascina.<\/p>\n<p>Consiste en co-crear una nueva Educaci\u00f3n. Nuestro fin \u00faltimo es generar cambios educativos, en todos los niveles y en todo el Planeta, favoreciendo la apertura y la expresi\u00f3n de la diferencia, colaborando en el desarrollo de una sociedad consciente y arm\u00f3nica.<\/p>\n<p>Para ello, generamos di\u00e1logo, herramientas, materiales y espacios, con la intenci\u00f3n de proteger y facilitar el desarrollo integral de seres felices y pro-activos.[\/vc_column_text][\/vc_column][\/vc_row][vc_row css=&#8221;.vc_custom_1595126693549{margin-top: 30px !important;margin-bottom: 20px !important;padding-left: 35px !important;}&#8221;][vc_column css=&#8221;.vc_custom_1594159756076{margin-left: 35px !important;}&#8221;][vc_custom_heading text=&#8221;Visi\u00f3n&#8221; font_container=&#8221;tag:h3|font_size:40px|text_align:left|line_height:50px&#8221; use_theme_fonts=&#8221;yes&#8221; css_animation=&#8221;fadeInUp&#8221;][vc_column_text]Nuestra visi\u00f3n es la de un mundo en equilibrio, poblado por seres humanos plenos, que atienden amorosamente su individualidad y su hogar, co-creando y disfrutando una nueva sociedad en comunidades sustentables, y co-cuidando respetuosamente el Planeta.[\/vc_column_text][\/vc_column][\/vc_row]<\/p>\n","protected":false},"excerpt":{"rendered":"<p>[vc_row full_width=&#8221;stretch_row_content_no_spaces&#8221;][vc_column][vc_single_image image=&#8221;17&#8243; img_size=&#8221;full&#8221;][\/vc_column][\/vc_row][vc_row css=&#8221;.vc_custom_1595126693549{margin-top: 30px !important;margin-bottom: 20px !important;padding-left: 35px !important;}&#8221;][vc_column css=&#8221;.vc_custom_1594159756076{margin-left: 35px !important;}&#8221;][vc_custom_heading text=&#8221;Prop\u00f3sito: Socio-Multi-Educaci\u00f3n&#8221; font_container=&#8221;tag:h1|font_size:40px|text_align:left|line_height:50px&#8221; use_theme_fonts=&#8221;yes&#8221; css_animation=&#8221;fadeInUp&#8221;][vc_column_text]Pedagooogia 3000\u00ae [&hellip;]<\/p>\n","protected":false},"author":1,"featured_media":0,"parent":0,"menu_order":0,"comment_status":"closed","ping_status":"closed","template":"","meta":{"site-sidebar-layout":"no-sidebar","site-content-layout":"plain-container","ast-site-content-layout":"default","site-content-style":"default","site-sidebar-style":"default","ast-global-header-display":"","ast-banner-title-visibility":"","ast-main-header-display":"","ast-hfb-above-header-display":"","ast-hfb-below-header-display":"","ast-hfb-mobile-header-display":"","site-post-title":"disabled","ast-breadcrumbs-content":"","ast-featured-img":"disabled","footer-sml-layout":"","theme-transparent-header-meta":"default","adv-header-id-meta":"","stick-header-meta":"","header-above-stick-meta":"","header-main-stick-meta":"","header-below-stick-meta":"","astra-migrate-meta-layouts":"set","ast-page-background-enabled":"default","ast-page-background-meta":{"desktop":{"background-color":"var(--ast-global-color-5)","background-image":"","background-repeat":"repeat","background-position":"center center","background-size":"auto","background-attachment":"scroll","background-type":"","background-media":"","overlay-type":"","overlay-color":"","overlay-opacity":"","overlay-gradient":""},"tablet":{"background-color":"","background-image":"","background-repeat":"repeat","background-position":"center center","background-size":"auto","background-attachment":"scroll","background-type":"","background-media":"","overlay-type":"","overlay-color":"","overlay-opacity":"","overlay-gradient":""},"mobile":{"background-color":"","background-image":"","background-repeat":"repeat","background-position":"center center","background-size":"auto","background-attachment":"scroll","background-type":"","background-media":"","overlay-type":"","overlay-color":"","overlay-opacity":"","overlay-gradient":""}},"ast-content-background-meta":{"desktop":{"background-color":"var(--ast-global-color-4)","background-image":"","background-repeat":"repeat","background-position":"center center","background-size":"auto","background-attachment":"scroll","background-type":"","background-media":"","overlay-type":"","overlay-color":"","overlay-opacity":"","overlay-gradient":""},"tablet":{"background-color":"var(--ast-global-color-4)","background-image":"","background-repeat":"repeat","background-position":"center center","background-size":"auto","background-attachment":"scroll","background-type":"","background-media":"","overlay-type":"","overlay-color":"","overlay-opacity":"","overlay-gradient":""},"mobile":{"background-color":"var(--ast-global-color-4)","background-image":"","background-repeat":"repeat","background-position":"center center","background-size":"auto","background-attachment":"scroll","background-type":"","background-media":"","overlay-type":"","overlay-color":"","overlay-opacity":"","overlay-gradient":""}},"footnotes":""},"class_list":["post-155","page","type-page","status-publish","hentry"],"_links":{"self":[{"href":"https:\/\/p3000.info\/index.php\/wp-json\/wp\/v2\/pages\/155","targetHints":{"allow":["GET"]}}],"collection":[{"href":"https:\/\/p3000.info\/index.php\/wp-json\/wp\/v2\/pages"}],"about":[{"href":"https:\/\/p3000.info\/index.php\/wp-json\/wp\/v2\/types\/page"}],"author":[{"embeddable":true,"href":"https:\/\/p3000.info\/index.php\/wp-json\/wp\/v2\/users\/1"}],"replies":[{"embeddable":true,"href":"https:\/\/p3000.info\/index.php\/wp-json\/wp\/v2\/comments?post=155"}],"version-history":[{"count":2,"href":"https:\/\/p3000.info\/index.php\/wp-json\/wp\/v2\/pages\/155\/revisions"}],"predecessor-version":[{"id":157,"href":"https:\/\/p3000.info\/index.php\/wp-json\/wp\/v2\/pages\/155\/revisions\/157"}],"wp:attachment":[{"href":"https:\/\/p3000.info\/index.php\/wp-json\/wp\/v2\/media?parent=155"}],"curies":[{"name":"wp","href":"https:\/\/api.w.org\/{rel}","templated":true}]}}