{"id":158,"date":"2025-09-25T17:37:31","date_gmt":"2025-09-25T17:37:31","guid":{"rendered":"https:\/\/p3000.info\/?page_id=158"},"modified":"2025-09-25T17:37:44","modified_gmt":"2025-09-25T17:37:44","slug":"alianzas","status":"publish","type":"page","link":"https:\/\/p3000.info\/index.php\/alianzas\/","title":{"rendered":"Alianzas"},"content":{"rendered":"<p>[vc_row full_width=&#8221;stretch_row_content_no_spaces&#8221;][vc_column][vc_single_image image=&#8221;17&#8243; img_size=&#8221;full&#8221;][\/vc_column][\/vc_row][vc_row css=&#8221;.vc_custom_1595176841723{margin-bottom: 20px !important;}&#8221;][vc_column width=&#8221;1\/4&#8243; css=&#8221;.vc_custom_1595176875812{padding-right: 15px !important;padding-bottom: 25px !important;padding-left: 25px !important;}&#8221;][vc_custom_heading text=&#8221;P3000 en el mundo&#8221; font_container=&#8221;tag:h2|text_align:left|color:%235970b5&#8243; google_fonts=&#8221;font_family:Raleway%3A100%2C200%2C300%2Cregular%2C500%2C600%2C700%2C800%2C900|font_style:800%20bold%20regular%3A800%3Anormal&#8221; css=&#8221;.vc_custom_1595176886964{margin-bottom: 10px !important;padding-top: 15px !important;}&#8221;][vc_widget_sidebar sidebar_id=&#8221;cs-4&#8243;][\/vc_column][vc_column width=&#8221;3\/4&#8243;][vc_custom_heading text=&#8221;Alianzas&#8221; font_container=&#8221;tag:h1|font_size:40px|text_align:left|line_height:50px&#8221; use_theme_fonts=&#8221;yes&#8221; css_animation=&#8221;fadeInUp&#8221;][vc_column_text css=&#8221;.vc_custom_1595176863748{margin-top: 33px !important;}&#8221;]Bienvenidos\/as a la Red de cooperaci\u00f3n de Pedagooog\u00eda 3000.<\/p>\n<p>&nbsp;<\/p>\n<p>Si deseas ser miembro de esta gran Red y crear un apoyo com\u00fan, te invitamos a escribir a:<br \/>\nNelly Chavarr\u00eda Lic\u00f3n\u00a0<a href=\"mailto:enlacemundialeducacion@gmail.com\">enlacemundialeducacion@gmail.com<\/a>, encargada de Convenios<br \/>\nInternacionales.<\/p>\n<p>&nbsp;<\/p>\n<p>Aqu\u00ed puedes leer nuestro Acuerdo de Cooperaci\u00f3n.[\/vc_column_text][vc_btn title=&#8221;Descargar Acuerdo&#8221; link=&#8221;url:http%3A%2F%2Fp3000.info%2Fwp-content%2Fuploads%2F2020%2F07%2F2.2.1-Acuerdo-de-Cooperaci%C3%B3n.docx|||&#8221;][vc_row_inner][vc_column_inner width=&#8221;1\/4&#8243;][vc_single_image image=&#8221;159&#8243; alignment=&#8221;center&#8221;][vc_column_text]<\/p>\n<h3 style=\"text-align: center;\"><a href=\"http:\/\/infundo.weebly.com\"> Infundo Consulting<\/a><\/h3>\n<p style=\"text-align: center;\">Shout Africa<\/p>\n<p>[\/vc_column_text][\/vc_column_inner][vc_column_inner width=&#8221;1\/4&#8243;][vc_single_image image=&#8221;167&#8243; alignment=&#8221;center&#8221;][vc_column_text]<\/p>\n<h3 style=\"text-align: center;\"><a href=\"http:\/\/www.parikrmafoundation.org\">Parikrma Humanity<\/a><\/h3>\n<p style=\"text-align: center;\">India, Bangalore<\/p>\n<p>[\/vc_column_text][\/vc_column_inner][vc_column_inner width=&#8221;1\/4&#8243;][vc_single_image image=&#8221;168&#8243; alignment=&#8221;center&#8221;][vc_column_text]<\/p>\n<h3 style=\"text-align: center;\"><a href=\"http:\/\/www.estrella-impacto.org\/\"> Asociaci\u00f3n Estrella de Mar<\/a><\/h3>\n<p style=\"text-align: center;\">Panajachel, Guatemala<\/p>\n<p>[\/vc_column_text][\/vc_column_inner][vc_column_inner width=&#8221;1\/4&#8243;][vc_single_image image=&#8221;169&#8243; alignment=&#8221;center&#8221;][vc_column_text]<\/p>\n<h3 style=\"text-align: center;\"><a href=\"http:\/\/www.heartmath.org\">HeartMath Institute<\/a><\/h3>\n<p style=\"text-align: center;\">Boulder Creek, California, USA<\/p>\n<p>[\/vc_column_text][\/vc_column_inner][\/vc_row_inner][vc_row_inner][vc_column_inner width=&#8221;1\/4&#8243;][vc_single_image image=&#8221;163&#8243; alignment=&#8221;center&#8221;][vc_column_text]<\/p>\n<h3 style=\"text-align: center;\"><a href=\"https:\/\/pedagooogia3000.info\/centro-unesco.org\"> Fundaci\u00f3n Centro UNESCO<\/a><\/h3>\n<p style=\"text-align: center;\">Antillas Holandesas<\/p>\n<p>[\/vc_column_text][\/vc_column_inner][vc_column_inner width=&#8221;1\/4&#8243;][vc_single_image image=&#8221;164&#8243; alignment=&#8221;center&#8221;][vc_column_text]<\/p>\n<h3 style=\"text-align: center;\"><a href=\"https:\/\/es-la.facebook.com\/lasonrisadelnino\"> Fundaci\u00f3n POULIAS<\/a><\/h3>\n<p style=\"text-align: center;\">Guatemala<\/p>\n<p>[\/vc_column_text][\/vc_column_inner][vc_column_inner width=&#8221;1\/4&#8243;][vc_single_image image=&#8221;165&#8243; alignment=&#8221;center&#8221;][vc_column_text]<\/p>\n<h3 style=\"text-align: center;\"><a href=\"http:\/\/svetlina.net\/en\/\"> Svetlina School<\/a><\/h3>\n<h4 style=\"text-align: center;\">Nursery, Kindergarten<br \/>\nPrimary School<\/h4>\n<p style=\"text-align: center;\">Sofia, Bulgaria<\/p>\n<p>[\/vc_column_text][\/vc_column_inner][vc_column_inner width=&#8221;1\/4&#8243;][vc_single_image image=&#8221;166&#8243; alignment=&#8221;center&#8221;][vc_column_text]<\/p>\n<h3 style=\"text-align: center;\"><a href=\"http:\/\/www.cogitalnost.com\">Academy Cogitality Cogitalnost Ltd<\/a><\/h3>\n<p style=\"text-align: center;\">Sofia, Bulgaria<\/p>\n<p>[\/vc_column_text][\/vc_column_inner][\/vc_row_inner][vc_row_inner][vc_column_inner width=&#8221;1\/4&#8243;][vc_single_image image=&#8221;170&#8243; alignment=&#8221;center&#8221;][vc_column_text]<\/p>\n<h3 style=\"text-align: center;\"><a href=\"http:\/\/www.fieldingnair.com\">Fielding Nair International<\/a><\/h3>\n<p style=\"text-align: center;\">Lutz, Florida, USA<\/p>\n<p>[\/vc_column_text][\/vc_column_inner][vc_column_inner width=&#8221;1\/4&#8243;][vc_single_image image=&#8221;171&#8243; alignment=&#8221;center&#8221;][vc_column_text]<\/p>\n<h3 style=\"text-align: center;\"><a href=\"http:\/\/uae.edu.mx\/\">UAE<\/a><\/h3>\n<p style=\"text-align: center;\">Mexico<\/p>\n<p>[\/vc_column_text][\/vc_column_inner][vc_column_inner width=&#8221;1\/4&#8243;][vc_single_image image=&#8221;172&#8243; alignment=&#8221;center&#8221;][vc_column_text]<\/p>\n<h3 style=\"text-align: center;\"><a href=\"mailto:educaparalapaz@gmail.com.mx\"> Asociaci\u00f3n Educadores para la paz<\/a><\/h3>\n<p style=\"text-align: center;\">Chihuahua, M\u00e9xico<\/p>\n<p>[\/vc_column_text][\/vc_column_inner][vc_column_inner width=&#8221;1\/4&#8243;][vc_single_image image=&#8221;173&#8243; alignment=&#8221;center&#8221;][vc_column_text]<\/p>\n<h3 style=\"text-align: center;\"><a href=\"http:\/\/www.gigliopoli.org\">Associazione Il Giglio<\/a><\/h3>\n<p style=\"text-align: center;\">Milazzo, Sicily, Italy<\/p>\n<p>[\/vc_column_text][\/vc_column_inner][\/vc_row_inner][vc_row_inner][vc_column_inner width=&#8221;1\/4&#8243;][vc_single_image image=&#8221;174&#8243; alignment=&#8221;center&#8221;][vc_column_text]<\/p>\n<h3 style=\"text-align: center;\"><a href=\"http:\/\/www.ltc-tunisia.com\">L.T.C Leaders Training Center<\/a><\/h3>\n<p style=\"text-align: center;\">Tunis, Tunisia<\/p>\n<p>[\/vc_column_text][\/vc_column_inner][vc_column_inner width=&#8221;1\/4&#8243;][vc_single_image image=&#8221;175&#8243; alignment=&#8221;center&#8221;][vc_column_text]<\/p>\n<h3 style=\"text-align: center;\"><a href=\"http:\/\/www.acern.com.au\">ACERN<\/a><\/h3>\n<p style=\"text-align: center;\">Brisbane, Australia<\/p>\n<p>[\/vc_column_text][\/vc_column_inner][vc_column_inner width=&#8221;1\/4&#8243;][vc_single_image image=&#8221;176&#8243; alignment=&#8221;center&#8221;][vc_column_text]<\/p>\n<h3 style=\"text-align: center;\"><a href=\"https:\/\/www.facebook.com\/beyondassociation\/\">BEYOND ASSOCIATION<\/a><\/h3>\n<p style=\"text-align: center;\">Beirut, Lebanon<\/p>\n<p>[\/vc_column_text][\/vc_column_inner][vc_column_inner width=&#8221;1\/4&#8243;][vc_single_image image=&#8221;177&#8243; alignment=&#8221;center&#8221;][vc_column_text]<\/p>\n<h3 style=\"text-align: center;\"><a href=\"mailto:shakticomunidad@gmail.com\"> SHAKTI<\/a><\/h3>\n<p style=\"text-align: center;\">M\u00e9rida, Yucat\u00e1n, M\u00e9xico<\/p>\n<p>[\/vc_column_text][\/vc_column_inner][\/vc_row_inner][vc_row_inner][vc_column_inner width=&#8221;1\/4&#8243;][vc_single_image image=&#8221;178&#8243; alignment=&#8221;center&#8221;][vc_column_text]<\/p>\n<h3 style=\"text-align: center;\"><a href=\"http:\/\/www.machi-ko.org\/\">Machi-ko, AC.<\/a><\/h3>\n<p style=\"text-align: center;\">Chihuahua, M\u00e9xico<\/p>\n<p>[\/vc_column_text][\/vc_column_inner][vc_column_inner width=&#8221;1\/4&#8243;][vc_single_image image=&#8221;179&#8243; alignment=&#8221;center&#8221;][vc_column_text]<\/p>\n<h3 style=\"text-align: center;\"><a href=\"http:\/\/www.metodoasiri.org\">Asiri<\/a><\/h3>\n<p style=\"text-align: center;\">Miraflores, Lima, Per\u00fa<\/p>\n<p>[\/vc_column_text][\/vc_column_inner][vc_column_inner width=&#8221;1\/4&#8243;][vc_single_image image=&#8221;180&#8243; alignment=&#8221;center&#8221;][vc_column_text]<\/p>\n<h3 style=\"text-align: center;\"><a href=\"mailto:sbenek@hotmail.com\">GAP ARDER<\/a><\/h3>\n<p style=\"text-align: center;\">Turquia, Sanliurfa<\/p>\n<p>[\/vc_column_text][\/vc_column_inner][vc_column_inner width=&#8221;1\/4&#8243;][vc_single_image image=&#8221;181&#8243; alignment=&#8221;center&#8221;][vc_column_text]<\/p>\n<h3 style=\"text-align: center;\"><a href=\"http:\/\/beijingmindfulness.com\">The Beijing Mindfulness Centre<\/a><\/h3>\n<p style=\"text-align: center;\">Beijing, PRC China<\/p>\n<p>[\/vc_column_text][\/vc_column_inner][\/vc_row_inner][vc_row_inner][vc_column_inner width=&#8221;1\/4&#8243;][vc_single_image image=&#8221;182&#8243; alignment=&#8221;center&#8221;][vc_column_text]<\/p>\n<h3 style=\"text-align: center;\"><a href=\"https:\/\/www.facebook.com\/ColegioLeonardoDaVinciFloresDeVida\/\">Colegio Privado Leonardo Da Vinci<\/a><\/h3>\n<p style=\"text-align: center;\">Ayacucho, Peru<\/p>\n<p>[\/vc_column_text][\/vc_column_inner][vc_column_inner width=&#8221;1\/4&#8243;][vc_single_image image=&#8221;183&#8243; alignment=&#8221;center&#8221;][vc_column_text]<\/p>\n<h3 style=\"text-align: center;\"><a href=\"https:\/\/www.facebook.com\/Suhudoo-Ghana-1460450250889387\/\">SUHUDOO Ghana<\/a><\/h3>\n<p style=\"text-align: center;\">Tamale, Ghana<\/p>\n<p>[\/vc_column_text][\/vc_column_inner][vc_column_inner width=&#8221;1\/4&#8243;][vc_single_image image=&#8221;184&#8243; alignment=&#8221;center&#8221;][vc_column_text]<\/p>\n<h3 style=\"text-align: center;\"><a href=\"http:\/\/www.20questionstotheworld.com\u202a\">20 Questions to the World<\/a><\/h3>\n<p style=\"text-align: center;\">Francia<\/p>\n<p>[\/vc_column_text][\/vc_column_inner][vc_column_inner width=&#8221;1\/4&#8243;][vc_single_image image=&#8221;185&#8243; alignment=&#8221;center&#8221;][vc_column_text]<\/p>\n<h3 style=\"text-align: center;\"><a href=\"http:\/\/www.aprendizajenaccion.org\">Fundacion AEA<\/a><\/h3>\n<p style=\"text-align: center;\">Santa Cruz &#8211; Bolivia<\/p>\n<p>[\/vc_column_text][\/vc_column_inner][\/vc_row_inner][vc_row_inner][vc_column_inner width=&#8221;1\/4&#8243;][vc_single_image image=&#8221;189&#8243; alignment=&#8221;center&#8221;][vc_column_text]<\/p>\n<h3 style=\"text-align: center;\">Kosar<\/h3>\n<p style=\"text-align: center;\">Iraq, kurdistan<\/p>\n<p>[\/vc_column_text][\/vc_column_inner][vc_column_inner width=&#8221;1\/4&#8243;][vc_single_image image=&#8221;162&#8243; alignment=&#8221;center&#8221;][vc_column_text]<\/p>\n<h3 style=\"text-align: center;\"><a href=\"http:\/\/feducacion.org\">Feducaci\u00f3n<\/a><\/h3>\n<p>[\/vc_column_text][\/vc_column_inner][vc_column_inner width=&#8221;1\/4&#8243;][vc_single_image image=&#8221;161&#8243; alignment=&#8221;center&#8221;][vc_column_text]<\/p>\n<h3 style=\"text-align: center;\"><a href=\"http:\/\/www.facebook.com\/groups\/ishipo\/\"> Metaversity<\/a><\/h3>\n<p style=\"text-align: center;\">Rusia<\/p>\n<p>[\/vc_column_text][\/vc_column_inner][vc_column_inner width=&#8221;1\/4&#8243;][vc_single_image image=&#8221;160&#8243; alignment=&#8221;center&#8221;][vc_column_text]<\/p>\n<h3 style=\"text-align: center;\"><a href=\"http:\/\/ww.facebook.com\/hellofuturecenter\/\">Hello Future Family<\/a><\/h3>\n<p style=\"text-align: center;\">Rusia<\/p>\n<p>[\/vc_column_text][\/vc_column_inner][\/vc_row_inner][vc_row_inner][vc_column_inner width=&#8221;1\/4&#8243;][\/vc_column_inner][vc_column_inner width=&#8221;1\/4&#8243;][vc_single_image image=&#8221;186&#8243; alignment=&#8221;center&#8221;][vc_column_text]<\/p>\n<h3 style=\"text-align: center;\"><a href=\"mailto:kawsarchaya@gmail.com\">Oteralerz NGO<\/a><\/h3>\n<p style=\"text-align: center;\">Libano<\/p>\n<p>[\/vc_column_text][\/vc_column_inner][vc_column_inner width=&#8221;1\/4&#8243;][vc_single_image image=&#8221;187&#8243; alignment=&#8221;center&#8221;][vc_column_text]<\/p>\n<h3 style=\"text-align: center;\">Family Hub<\/h3>\n<p style=\"text-align: center;\">Bucarest, Rumania<\/p>\n<p>[\/vc_column_text][\/vc_column_inner][vc_column_inner width=&#8221;1\/4&#8243;][\/vc_column_inner][\/vc_row_inner][\/vc_column][\/vc_row][vc_row full_width=&#8221;stretch_row_content_no_spaces&#8221;][vc_column][vc_single_image image=&#8221;188&#8243; img_size=&#8221;full&#8221; alignment=&#8221;center&#8221; css=&#8221;.vc_custom_1758821371972{margin-bottom: -30px !important;}&#8221;][\/vc_column][\/vc_row]<\/p>\n","protected":false},"excerpt":{"rendered":"<p>[vc_row full_width=&#8221;stretch_row_content_no_spaces&#8221;][vc_column][vc_single_image image=&#8221;17&#8243; img_size=&#8221;full&#8221;][\/vc_column][\/vc_row][vc_row css=&#8221;.vc_custom_1595176841723{margin-bottom: 20px !important;}&#8221;][vc_column width=&#8221;1\/4&#8243; css=&#8221;.vc_custom_1595176875812{padding-right: 15px !important;padding-bottom: 25px !important;padding-left: 25px !important;}&#8221;][vc_custom_heading text=&#8221;P3000 en el mundo&#8221; font_container=&#8221;tag:h2|text_align:left|color:%235970b5&#8243; [&hellip;]<\/p>\n","protected":false},"author":1,"featured_media":0,"parent":0,"menu_order":0,"comment_status":"closed","ping_status":"closed","template":"","meta":{"site-sidebar-layout":"no-sidebar","site-content-layout":"plain-container","ast-site-content-layout":"default","site-content-style":"default","site-sidebar-style":"default","ast-global-header-display":"","ast-banner-title-visibility":"","ast-main-header-display":"","ast-hfb-above-header-display":"","ast-hfb-below-header-display":"","ast-hfb-mobile-header-display":"","site-post-title":"disabled","ast-breadcrumbs-content":"","ast-featured-img":"disabled","footer-sml-layout":"","theme-transparent-header-meta":"default","adv-header-id-meta":"","stick-header-meta":"","header-above-stick-meta":"","header-main-stick-meta":"","header-below-stick-meta":"","astra-migrate-meta-layouts":"set","ast-page-background-enabled":"default","ast-page-background-meta":{"desktop":{"background-color":"var(--ast-global-color-5)","background-image":"","background-repeat":"repeat","background-position":"center center","background-size":"auto","background-attachment":"scroll","background-type":"","background-media":"","overlay-type":"","overlay-color":"","overlay-opacity":"","overlay-gradient":""},"tablet":{"background-color":"","background-image":"","background-repeat":"repeat","background-position":"center center","background-size":"auto","background-attachment":"scroll","background-type":"","background-media":"","overlay-type":"","overlay-color":"","overlay-opacity":"","overlay-gradient":""},"mobile":{"background-color":"","background-image":"","background-repeat":"repeat","background-position":"center center","background-size":"auto","background-attachment":"scroll","background-type":"","background-media":"","overlay-type":"","overlay-color":"","overlay-opacity":"","overlay-gradient":""}},"ast-content-background-meta":{"desktop":{"background-color":"var(--ast-global-color-4)","background-image":"","background-repeat":"repeat","background-position":"center center","background-size":"auto","background-attachment":"scroll","background-type":"","background-media":"","overlay-type":"","overlay-color":"","overlay-opacity":"","overlay-gradient":""},"tablet":{"background-color":"var(--ast-global-color-4)","background-image":"","background-repeat":"repeat","background-position":"center center","background-size":"auto","background-attachment":"scroll","background-type":"","background-media":"","overlay-type":"","overlay-color":"","overlay-opacity":"","overlay-gradient":""},"mobile":{"background-color":"var(--ast-global-color-4)","background-image":"","background-repeat":"repeat","background-position":"center center","background-size":"auto","background-attachment":"scroll","background-type":"","background-media":"","overlay-type":"","overlay-color":"","overlay-opacity":"","overlay-gradient":""}},"footnotes":""},"class_list":["post-158","page","type-page","status-publish","hentry"],"_links":{"self":[{"href":"https:\/\/p3000.info\/index.php\/wp-json\/wp\/v2\/pages\/158","targetHints":{"allow":["GET"]}}],"collection":[{"href":"https:\/\/p3000.info\/index.php\/wp-json\/wp\/v2\/pages"}],"about":[{"href":"https:\/\/p3000.info\/index.php\/wp-json\/wp\/v2\/types\/page"}],"author":[{"embeddable":true,"href":"https:\/\/p3000.info\/index.php\/wp-json\/wp\/v2\/users\/1"}],"replies":[{"embeddable":true,"href":"https:\/\/p3000.info\/index.php\/wp-json\/wp\/v2\/comments?post=158"}],"version-history":[{"count":2,"href":"https:\/\/p3000.info\/index.php\/wp-json\/wp\/v2\/pages\/158\/revisions"}],"predecessor-version":[{"id":191,"href":"https:\/\/p3000.info\/index.php\/wp-json\/wp\/v2\/pages\/158\/revisions\/191"}],"wp:attachment":[{"href":"https:\/\/p3000.info\/index.php\/wp-json\/wp\/v2\/media?parent=158"}],"curies":[{"name":"wp","href":"https:\/\/api.w.org\/{rel}","templated":true}]}}