{"id":196,"date":"2025-09-25T18:01:58","date_gmt":"2025-09-25T18:01:58","guid":{"rendered":"https:\/\/p3000.info\/?page_id=196"},"modified":"2025-09-25T18:05:53","modified_gmt":"2025-09-25T18:05:53","slug":"los-ninos","status":"publish","type":"page","link":"https:\/\/p3000.info\/index.php\/los-ninos\/","title":{"rendered":"Los ni\u00f1os y ni\u00f1as de hoy"},"content":{"rendered":"<p>[vc_row full_width=&#8221;stretch_row_content_no_spaces&#8221;][vc_column][vc_single_image image=&#8221;17&#8243; img_size=&#8221;full&#8221;][\/vc_column][\/vc_row][vc_row css=&#8221;.vc_custom_1595126693549{margin-top: 30px !important;margin-bottom: 20px !important;padding-left: 35px !important;}&#8221;][vc_column css=&#8221;.vc_custom_1594159756076{margin-left: 35px !important;}&#8221;][vc_custom_heading text=&#8221;Los ni\u00f1os y ni\u00f1as de hoy&#8221; font_container=&#8221;tag:h1|font_size:40px|text_align:left|line_height:50px&#8221; use_theme_fonts=&#8221;yes&#8221; css_animation=&#8221;fadeInUp&#8221;][vc_column_text]<\/p>\n<div class=\"wpb_text_column wpb_content_element vc_custom_1595171298446\">\n<div class=\"wpb_wrapper\">\n<p>La labor de Pedagooog\u00eda 3000 ha estado siempre fundamentada en los cambios observables en los ni\u00f1os y ni\u00f1as de las \u00faltimas d\u00e9cadas.<\/p>\n<p>El ser humano contin\u00faa avanzando en su evoluci\u00f3n natural tanto f\u00edsica, como emocional y cognitivo\/conciencial. Tanto el sistema educativo como la sociedad al completo, han de ir adapt\u00e1ndose para atender este progreso. En las \u00faltimas d\u00e9cadas, el cambio es m\u00e1s acelerado y notable, es momento de dar un salto sustancial.<\/p>\n<p>Se han documentado ampliamente estos cambios junto a pediatras, matronas, profesores e investigadores, en el libro<strong> \u2018Los ni\u00f1os y ni\u00f1as de hoy y de ma\u00f1ana\u2019<\/strong>.<\/p>\n<p>De forma breve podemos se\u00f1alar:<\/p>\n<\/div>\n<\/div>\n<p>[\/vc_column_text][\/vc_column][\/vc_row][vc_row css=&#8221;.vc_custom_1595126693549{margin-top: 30px !important;margin-bottom: 20px !important;padding-left: 35px !important;}&#8221;][vc_column css=&#8221;.vc_custom_1594159756076{margin-left: 35px !important;}&#8221;][vc_tta_tabs][vc_tta_section title=&#8221;Cambios F\u00edsicos&#8221; tab_id=&#8221;1758823089562-cbcb3b02-a767&#8243;][vc_column_text]<\/p>\n<div class=\"vc_tta-panel-body\">\n<h1 class=\"vc_custom_heading vc_custom_1591226239274\">Metabolismo<\/h1>\n<div class=\"wpb_text_column wpb_content_element \">\n<div class=\"wpb_wrapper\">\n<p>Los ni\u00f1os\/as de hoy presentan en general un nivel energ\u00e9tico m\u00e1s alto, siendo m\u00e1s veloces y m\u00e1s precoces en su desarrollo. Seg\u00fan las investigaciones de algunos pediatras, sus mitocondrias presenten un aumento en la producci\u00f3n de ATP. Esto se traduce en una mayor disponibilidad de energ\u00eda para los procesos metab\u00f3licos diarios.<\/p>\n<\/div>\n<\/div>\n<div class=\"vc_separator wpb_content_element vc_separator_align_center vc_sep_width_100 vc_sep_shadow vc_sep_pos_align_center vc_separator_no_text vc_sep_color_grey\"><\/div>\n<h1 class=\"vc_custom_heading vc_custom_1591226350621\">Desarrollo f\u00edsico y motor<\/h1>\n<div class=\"wpb_text_column wpb_content_element \">\n<div class=\"wpb_wrapper\">\n<p>Mucho m\u00e1s temprano y acelerado. Nacer ya con los ojos abiertos, querer levantarse con 5 o 6 meses y comenzar a caminar alrededor de los 10 meses, son aspectos comunes, lo cual genera tambi\u00e9n un desarrollo m\u00e1s veloz y \u00e1gil del cerebro. Desde muy peque\u00f1os, los ni\u00f1os\/as de hoy son capaces de realizar movimientos complejos de forma muy perfeccionada.<\/p>\n<\/div>\n<\/div>\n<div class=\"vc_separator wpb_content_element vc_separator_align_center vc_sep_width_100 vc_sep_shadow vc_sep_pos_align_center vc_separator_no_text vc_sep_color_grey\"><\/div>\n<h1 class=\"vc_custom_heading vc_custom_1591226363666\">Sensibilidad a los t\u00f3xicos<\/h1>\n<div class=\"wpb_text_column wpb_content_element \">\n<div class=\"wpb_wrapper\">\n<p>Sus cuerpos son m\u00e1s sensibles a la alimentaci\u00f3n y a los t\u00f3xicos, lo cual favorece ciertas enfermedades, por ejemplo, el autismo.<\/p>\n<\/div>\n<\/div>\n<div class=\"vc_separator wpb_content_element vc_separator_align_center vc_sep_width_100 vc_sep_shadow vc_sep_pos_align_center vc_separator_no_text vc_sep_color_grey\"><\/div>\n<h1 class=\"vc_custom_heading vc_custom_1591226397750\">Hiperestesia<\/h1>\n<div class=\"wpb_text_column wpb_content_element \">\n<div class=\"wpb_wrapper\">\n<p>Muchos ni\u00f1os\/as de hoy presentan hiper agudeza sensorial en cualquiera de sus 5 sentidos b\u00e1sicos.<\/p>\n<\/div>\n<\/div>\n<div class=\"vc_separator wpb_content_element vc_separator_align_center vc_sep_width_100 vc_sep_shadow vc_sep_pos_align_center vc_separator_no_text vc_sep_color_grey\"><\/div>\n<h1 class=\"vc_custom_heading vc_custom_1591226431054\">Desarrollo hormonal y glandular m\u00e1s activo<\/h1>\n<div class=\"wpb_text_column wpb_content_element vc_custom_1591227510227\">\n<div class=\"wpb_wrapper\">\n<p>Lo cual se relaciona con procesos emocionales observ\u00e1ndose un coeficiente emocional m\u00e1s elevado.<\/p>\n<\/div>\n<\/div>\n<\/div>\n<p>[\/vc_column_text][\/vc_tta_section][vc_tta_section title=&#8221;Cambios Emocionales&#8221; tab_id=&#8221;1758823088546-1f462505-bfdb&#8221;][vc_column_text]<\/p>\n<div class=\"vc_tta-panel-body\">\n<h1 class=\"vc_custom_heading vc_custom_1591226648382\">Inteligencia Emocional supradesarrollada<\/h1>\n<div class=\"wpb_text_column wpb_content_element \">\n<div class=\"wpb_wrapper\">\n<p>Proporciona gran velocidad de entendimiento de las situaciones, empat\u00eda, respuesta de actuaci\u00f3n veloz, perseverancia\u2026 As\u00ed como, facilidad para la frustraci\u00f3n, reacciones muy emocionales o gran autonom\u00eda en sus decisiones, lo cual desconcierta a los adultos.<\/p>\n<\/div>\n<\/div>\n<div class=\"vc_separator wpb_content_element vc_separator_align_center vc_sep_width_100 vc_sep_shadow vc_sep_pos_align_center vc_separator_no_text vc_sep_color_grey\"><\/div>\n<h1 class=\"vc_custom_heading vc_custom_1591226678217\">Mayor activaci\u00f3n de sus neuronas espejo<\/h1>\n<div class=\"wpb_text_column wpb_content_element \">\n<div class=\"wpb_wrapper\">\n<p>captan los procesos emocionales de otros sujetos. Sienten las acciones y pensamientos de otras personas. Ser m\u00e1s emp\u00e1ticos deriva, por un lado, en la absorci\u00f3n exacerbada de emociones ajenas, y por otro, en una mejor comprensi\u00f3n de los dem\u00e1s y una gran capacidad de socializaci\u00f3n.<\/p>\n<\/div>\n<\/div>\n<div class=\"vc_separator wpb_content_element vc_separator_align_center vc_sep_width_100 vc_sep_shadow vc_sep_pos_align_center vc_separator_no_text vc_sep_color_grey\"><\/div>\n<h1 class=\"vc_custom_heading vc_custom_1591226715586\">Mayor desarrollo de su hemisferio cerebral derecho<\/h1>\n<div class=\"wpb_text_column wpb_content_element vc_custom_1591227551120\">\n<div class=\"wpb_wrapper\">\n<p>Asociado a procesos creativos e intuitivos. Ni\u00f1os\/as con gran imaginaci\u00f3n, pensamiento lateral y capacidad de resoluci\u00f3n y abordaje de problemas.<\/p>\n<\/div>\n<\/div>\n<\/div>\n<p>[\/vc_column_text][\/vc_tta_section][vc_tta_section title=&#8221;Cambios Concienciales&#8221; tab_id=&#8221;1758823085155-3fa8df2d-c8e3&#8243;][vc_column_text]<\/p>\n<div class=\"vc_tta-panel-body\">\n<h1 class=\"vc_custom_heading vc_custom_1591226985081\">M\u00e1s conscientes<\/h1>\n<div class=\"wpb_text_column wpb_content_element \">\n<div class=\"wpb_wrapper\">\n<p>Los ni\u00f1o\/as de hoy son mejores observadores de ellos mismos y la realidad universal. Conservan una conexi\u00f3n m\u00e1s arraigada con su esencia. Homo no\u00e9ticus.<\/p>\n<\/div>\n<\/div>\n<div class=\"vc_separator wpb_content_element vc_separator_align_center vc_sep_width_100 vc_sep_shadow vc_sep_pos_align_center vc_separator_no_text vc_sep_color_grey\"><\/div>\n<h1 class=\"vc_custom_heading vc_custom_1591226870155\">Conexi\u00f3n y comunicaci\u00f3n con la Naturaleza<\/h1>\n<div class=\"wpb_text_column wpb_content_element \">\n<div class=\"wpb_wrapper\">\n<p>Ni\u00f1os\/as conscientes de una fuerte uni\u00f3n con el medio natural, plantas y animales.<\/p>\n<\/div>\n<\/div>\n<div class=\"vc_separator wpb_content_element vc_separator_align_center vc_sep_width_100 vc_sep_shadow vc_sep_pos_align_center vc_separator_no_text vc_sep_color_grey\"><\/div>\n<h1 class=\"vc_custom_heading vc_custom_1591226898996\">Ni\u00f1os ps\u00edquicos<\/h1>\n<div class=\"wpb_text_column wpb_content_element vc_custom_1591227567858\">\n<div class=\"wpb_wrapper\">\n<p>Muchos ni\u00f1os\/as hoy en d\u00eda tienen capacidades mentales ampliadas.<\/p>\n<\/div>\n<\/div>\n<\/div>\n<p>[\/vc_column_text][\/vc_tta_section][vc_tta_section title=&#8221;Cambios Cognitivos&#8221; tab_id=&#8221;1758823085161-411a92fa-39a5&#8243;][vc_column_text]<\/p>\n<div class=\"vc_tta-panel-body\">\n<h1 class=\"vc_custom_heading vc_custom_1591227016264\">Sinestesia<\/h1>\n<div class=\"wpb_text_column wpb_content_element \">\n<div class=\"wpb_wrapper\">\n<p>Debemos tener en cuenta los a los ni\u00f1os\/as con cerebros sinest\u00e9sicos, es decir, con una percepci\u00f3n adicional involuntaria de est\u00edmulos. Por ejemplo, cuando nombran n\u00fameros ellos ven colores.<\/p>\n<\/div>\n<\/div>\n<div class=\"vc_separator wpb_content_element vc_separator_align_center vc_sep_width_100 vc_sep_shadow vc_sep_pos_align_center vc_separator_no_text vc_sep_color_grey\"><\/div>\n<h1 class=\"vc_custom_heading vc_custom_1591227030094\">Mejor conexi\u00f3n entre los hemisferios del cerebro<\/h1>\n<div class=\"wpb_text_column wpb_content_element \">\n<div class=\"wpb_wrapper\">\n<p>Unidos pueden llegar a tener una velocidad de procesamiento de 40.000 bits\/seg (Fuente: Rob Williams y Emilio Carrillo). Ni\u00f1os que aprenden extremadamente r\u00e1pido y de forma global.<\/p>\n<\/div>\n<\/div>\n<div class=\"vc_separator wpb_content_element vc_separator_align_center vc_sep_width_100 vc_sep_shadow vc_sep_pos_align_center vc_separator_no_text vc_sep_color_grey\"><\/div>\n<h1 class=\"vc_custom_heading vc_custom_1591227047593\">Autodidactas y autodesarrollados<\/h1>\n<div class=\"wpb_text_column wpb_content_element \">\n<div class=\"wpb_wrapper\">\n<p>Los ni\u00f1os\/as de hoy aprenden por ellos mismos o con ejemplos muy breves. Acotar esta capacidad es ralentizar sus posibilidades de aprendizaje, \u2018dejar hacer\u2019, \u2018dejar decidir\u2019.<\/p>\n<\/div>\n<\/div>\n<div class=\"vc_separator wpb_content_element vc_separator_align_center vc_sep_width_100 vc_sep_shadow vc_sep_pos_align_center vc_separator_no_text vc_sep_color_grey\"><\/div>\n<h1 class=\"vc_custom_heading vc_custom_1591227058955\">\u00bfTDA o Supra-atenci\u00f3n?<\/h1>\n<div class=\"wpb_text_column wpb_content_element vc_custom_1591227578447\">\n<div class=\"wpb_wrapper\">\n<p>Muchos ni\u00f1os diagnosticados con d\u00e9ficit de atenci\u00f3n en realidad lo que tienen es supra atenci\u00f3n, gran capacidad para captar varios est\u00edmulos y estar en varios niveles de conciencia a la vez -atenci\u00f3n dividida-. Simplemente, se aburren!.<\/p>\n<\/div>\n<\/div>\n<\/div>\n<p>[\/vc_column_text][\/vc_tta_section][\/vc_tta_tabs][\/vc_column][\/vc_row][vc_row css=&#8221;.vc_custom_1595126693549{margin-top: 30px !important;margin-bottom: 20px !important;padding-left: 35px !important;}&#8221;][vc_column css=&#8221;.vc_custom_1594159756076{margin-left: 35px !important;}&#8221;][vc_column_text]<\/p>\n<div class=\"nd_options_container nd_options_padding_0_15 nd_options_box_sizing_border_box nd_options_clearfix\">\n<div id=\"post-80\" class=\"post-80 page type-page status-publish hentry\">\n<div class=\"vc_row wpb_row vc_row-fluid vc_custom_1591239230090 vc_row-has-fill\">\n<div class=\"wpb_column vc_column_container vc_col-sm-9\">\n<div class=\"vc_column-inner\">\n<div class=\"wpb_wrapper\">\n<div class=\"wpb_text_column wpb_content_element \">\n<div class=\"wpb_wrapper\">\n<p>Teniendo en cuenta todas estas caracter\u00edsticas, en Pedagooog\u00eda 3000 proponemos una educaci\u00f3n m\u00e1s cuidada, ampliada, no centrada en la informaci\u00f3n sino en las habilidades, focalizada en el desarrollo completo del ni\u00f1o\/a en relaci\u00f3n con la sociedad en la que vive y no s\u00f3lo en la estandarizaci\u00f3n del conocimiento.<\/p>\n<p>El cambio educativo es necesario para evitar el fracaso escolar y reconstruir una sociedad equitativa. Un cambio en la Educaci\u00f3n p\u00fablica y universal, no una alternativa minoritaria, es la opci\u00f3n educativa que proponemos para empezar AHORA!<\/p>\n<\/div>\n<\/div>\n<\/div>\n<\/div>\n<\/div>\n<\/div>\n<\/div>\n<\/div>\n<p>[\/vc_column_text][\/vc_column][\/vc_row]<\/p>\n","protected":false},"excerpt":{"rendered":"<p>[vc_row full_width=&#8221;stretch_row_content_no_spaces&#8221;][vc_column][vc_single_image image=&#8221;17&#8243; img_size=&#8221;full&#8221;][\/vc_column][\/vc_row][vc_row css=&#8221;.vc_custom_1595126693549{margin-top: 30px !important;margin-bottom: 20px !important;padding-left: 35px !important;}&#8221;][vc_column css=&#8221;.vc_custom_1594159756076{margin-left: 35px !important;}&#8221;][vc_custom_heading text=&#8221;Los ni\u00f1os y ni\u00f1as de hoy&#8221; [&hellip;]<\/p>\n","protected":false},"author":1,"featured_media":0,"parent":0,"menu_order":0,"comment_status":"closed","ping_status":"closed","template":"","meta":{"site-sidebar-layout":"no-sidebar","site-content-layout":"plain-container","ast-site-content-layout":"default","site-content-style":"default","site-sidebar-style":"default","ast-global-header-display":"","ast-banner-title-visibility":"","ast-main-header-display":"","ast-hfb-above-header-display":"","ast-hfb-below-header-display":"","ast-hfb-mobile-header-display":"","site-post-title":"disabled","ast-breadcrumbs-content":"","ast-featured-img":"disabled","footer-sml-layout":"","theme-transparent-header-meta":"default","adv-header-id-meta":"","stick-header-meta":"","header-above-stick-meta":"","header-main-stick-meta":"","header-below-stick-meta":"","astra-migrate-meta-layouts":"set","ast-page-background-enabled":"default","ast-page-background-meta":{"desktop":{"background-color":"var(--ast-global-color-5)","background-image":"","background-repeat":"repeat","background-position":"center center","background-size":"auto","background-attachment":"scroll","background-type":"","background-media":"","overlay-type":"","overlay-color":"","overlay-opacity":"","overlay-gradient":""},"tablet":{"background-color":"","background-image":"","background-repeat":"repeat","background-position":"center center","background-size":"auto","background-attachment":"scroll","background-type":"","background-media":"","overlay-type":"","overlay-color":"","overlay-opacity":"","overlay-gradient":""},"mobile":{"background-color":"","background-image":"","background-repeat":"repeat","background-position":"center center","background-size":"auto","background-attachment":"scroll","background-type":"","background-media":"","overlay-type":"","overlay-color":"","overlay-opacity":"","overlay-gradient":""}},"ast-content-background-meta":{"desktop":{"background-color":"var(--ast-global-color-4)","background-image":"","background-repeat":"repeat","background-position":"center center","background-size":"auto","background-attachment":"scroll","background-type":"","background-media":"","overlay-type":"","overlay-color":"","overlay-opacity":"","overlay-gradient":""},"tablet":{"background-color":"var(--ast-global-color-4)","background-image":"","background-repeat":"repeat","background-position":"center center","background-size":"auto","background-attachment":"scroll","background-type":"","background-media":"","overlay-type":"","overlay-color":"","overlay-opacity":"","overlay-gradient":""},"mobile":{"background-color":"var(--ast-global-color-4)","background-image":"","background-repeat":"repeat","background-position":"center center","background-size":"auto","background-attachment":"scroll","background-type":"","background-media":"","overlay-type":"","overlay-color":"","overlay-opacity":"","overlay-gradient":""}},"footnotes":""},"class_list":["post-196","page","type-page","status-publish","hentry"],"_links":{"self":[{"href":"https:\/\/p3000.info\/index.php\/wp-json\/wp\/v2\/pages\/196","targetHints":{"allow":["GET"]}}],"collection":[{"href":"https:\/\/p3000.info\/index.php\/wp-json\/wp\/v2\/pages"}],"about":[{"href":"https:\/\/p3000.info\/index.php\/wp-json\/wp\/v2\/types\/page"}],"author":[{"embeddable":true,"href":"https:\/\/p3000.info\/index.php\/wp-json\/wp\/v2\/users\/1"}],"replies":[{"embeddable":true,"href":"https:\/\/p3000.info\/index.php\/wp-json\/wp\/v2\/comments?post=196"}],"version-history":[{"count":4,"href":"https:\/\/p3000.info\/index.php\/wp-json\/wp\/v2\/pages\/196\/revisions"}],"predecessor-version":[{"id":199,"href":"https:\/\/p3000.info\/index.php\/wp-json\/wp\/v2\/pages\/196\/revisions\/199"}],"wp:attachment":[{"href":"https:\/\/p3000.info\/index.php\/wp-json\/wp\/v2\/media?parent=196"}],"curies":[{"name":"wp","href":"https:\/\/api.w.org\/{rel}","templated":true}]}}