{"id":207,"date":"2025-09-26T14:44:41","date_gmt":"2025-09-26T14:44:41","guid":{"rendered":"https:\/\/p3000.info\/?page_id=207"},"modified":"2025-09-26T14:44:41","modified_gmt":"2025-09-26T14:44:41","slug":"petalo-amarillo","status":"publish","type":"page","link":"https:\/\/p3000.info\/index.php\/petalo-amarillo\/","title":{"rendered":"P\u00e9talo Amarillo"},"content":{"rendered":"<p>[vc_row full_width=&#8221;stretch_row_content_no_spaces&#8221; css=&#8221;.vc_custom_1593991357256{margin-top: -13px !important;padding-top: 3px !important;background-image: url(http:\/\/p3000.info\/wp-content\/uploads\/2020\/05\/banda-de-colores.jpg?id=17) !important;background-position: center !important;background-repeat: no-repeat !important;background-size: contain !important;}&#8221;][vc_column][\/vc_column][\/vc_row][vc_row css=&#8221;.vc_custom_1595167371815{margin-top: 33px !important;margin-bottom: 20px !important;}&#8221;][vc_column width=&#8221;1\/4&#8243; css=&#8221;.vc_custom_1595167333387{padding-top: 15px !important;padding-right: 15px !important;padding-bottom: 25px !important;padding-left: 25px !important;}&#8221;][vc_custom_heading text=&#8221;7 P\u00e9talos&#8221; font_container=&#8221;tag:h2|text_align:left|color:%235970b5&#8243; google_fonts=&#8221;font_family:Raleway%3A100%2C200%2C300%2Cregular%2C500%2C600%2C700%2C800%2C900|font_style:800%20bold%20regular%3A800%3Anormal&#8221; css=&#8221;.vc_custom_1595167341997{margin-bottom: 10px !important;padding-top: 15px !important;}&#8221;][vc_widget_sidebar sidebar_id=&#8221;cs-3&#8243;][\/vc_column][vc_column width=&#8221;3\/4&#8243; css=&#8221;.vc_custom_1593959213687{padding-left: 35px !important;}&#8221;][vc_custom_heading text=&#8221;La Escuela de los 7 P\u00e9talos&#8221; font_container=&#8221;tag:h1|font_size:40px|text_align:left|color:%23ffe95a|line_height:50px&#8221; use_theme_fonts=&#8221;yes&#8221; css_animation=&#8221;fadeInUp&#8221;][vc_row_inner css=&#8221;.vc_custom_1595167378877{margin-top: 33px !important;}&#8221;][vc_column_inner width=&#8221;1\/4&#8243;][vc_single_image image=&#8221;203&#8243; img_size=&#8221;&#8221;][\/vc_column_inner][vc_column_inner width=&#8221;3\/4&#8243;][vc_cta h2=&#8221;P\u00e9talo Amarillo&#8221; h2_font_container=&#8221;color:%23666666&#8243; h2_google_fonts=&#8221;font_family:Raleway%3A100%2C200%2C300%2Cregular%2C500%2C600%2C700%2C800%2C900|font_style:400%20regular%3A400%3Anormal&#8221; txt_align=&#8221;center&#8221; style=&#8221;flat&#8221; color=&#8221;blue&#8221; use_custom_fonts_h2=&#8221;true&#8221; use_custom_fonts_h4=&#8221;true&#8221; css=&#8221;.vc_custom_1593992412998{background-color: #ffe95a !important;}&#8221;][\/vc_cta][vc_column_text css=&#8221;.vc_custom_1593991902744{padding-left: 0px !important;}&#8221;]\u00c1rea COGNITIVA, articulada, contextualizada y de <strong>alto nivel acad\u00e9mico<\/strong>. Potencia el pensamiento lateral y original, la creatividad, la investigaci\u00f3n, <strong>la inteligencia l\u00f3gico-matem\u00e1tica <\/strong>entrelazada con otras materias, por ejemplo: Ciencias, Tecnolog\u00eda, Ingenier\u00eda, Astronom\u00eda, Rob\u00f3tica, Matem\u00e1ticas, Inform\u00e1tica, F\u00edsica, Qu\u00edmica\u2026 todo ello <strong>desarrollando proyectos integradores<\/strong> y con sentido.<\/p>\n<p>&nbsp;<\/p>\n<p>En este p\u00e9talo se desarrollan: el conocimiento articulado, el entendimiento, el criterio, la capacidad de investigar y relacionar saberes\u2026 Se favorece la capacidad de ser <strong>autodidacta<\/strong> y de elegir las materias que m\u00e1s interesan a cada cual.[\/vc_column_text][\/vc_column_inner][\/vc_row_inner][\/vc_column][\/vc_row][vc_row full_width=&#8221;stretch_row_content_no_spaces&#8221; css=&#8221;.vc_custom_1593988254952{background-position: center !important;background-repeat: no-repeat !important;background-size: cover !important;}&#8221;][vc_column][vc_single_image image=&#8221;763&#8243; img_size=&#8221;full&#8221; alignment=&#8221;center&#8221; css_animation=&#8221;slideInUp&#8221; css=&#8221;.vc_custom_1593990541225{margin-bottom: -20px !important;}&#8221;][\/vc_column][\/vc_row]<\/p>\n","protected":false},"excerpt":{"rendered":"<p>[vc_row full_width=&#8221;stretch_row_content_no_spaces&#8221; css=&#8221;.vc_custom_1593991357256{margin-top: -13px !important;padding-top: 3px !important;background-image: url(http:\/\/p3000.info\/wp-content\/uploads\/2020\/05\/banda-de-colores.jpg?id=17) !important;background-position: center !important;background-repeat: no-repeat !important;background-size: contain !important;}&#8221;][vc_column][\/vc_column][\/vc_row][vc_row css=&#8221;.vc_custom_1595167371815{margin-top: 33px !important;margin-bottom: 20px !important;}&#8221;][vc_column [&hellip;]<\/p>\n","protected":false},"author":1,"featured_media":0,"parent":0,"menu_order":0,"comment_status":"closed","ping_status":"closed","template":"","meta":{"site-sidebar-layout":"default","site-content-layout":"plain-container","ast-site-content-layout":"default","site-content-style":"default","site-sidebar-style":"default","ast-global-header-display":"","ast-banner-title-visibility":"","ast-main-header-display":"","ast-hfb-above-header-display":"","ast-hfb-below-header-display":"","ast-hfb-mobile-header-display":"","site-post-title":"","ast-breadcrumbs-content":"","ast-featured-img":"","footer-sml-layout":"","theme-transparent-header-meta":"default","adv-header-id-meta":"","stick-header-meta":"","header-above-stick-meta":"","header-main-stick-meta":"","header-below-stick-meta":"","astra-migrate-meta-layouts":"set","ast-page-background-enabled":"default","ast-page-background-meta":{"desktop":{"background-color":"var(--ast-global-color-5)","background-image":"","background-repeat":"repeat","background-position":"center center","background-size":"auto","background-attachment":"scroll","background-type":"","background-media":"","overlay-type":"","overlay-color":"","overlay-opacity":"","overlay-gradient":""},"tablet":{"background-color":"","background-image":"","background-repeat":"repeat","background-position":"center center","background-size":"auto","background-attachment":"scroll","background-type":"","background-media":"","overlay-type":"","overlay-color":"","overlay-opacity":"","overlay-gradient":""},"mobile":{"background-color":"","background-image":"","background-repeat":"repeat","background-position":"center center","background-size":"auto","background-attachment":"scroll","background-type":"","background-media":"","overlay-type":"","overlay-color":"","overlay-opacity":"","overlay-gradient":""}},"ast-content-background-meta":{"desktop":{"background-color":"var(--ast-global-color-4)","background-image":"","background-repeat":"repeat","background-position":"center center","background-size":"auto","background-attachment":"scroll","background-type":"","background-media":"","overlay-type":"","overlay-color":"","overlay-opacity":"","overlay-gradient":""},"tablet":{"background-color":"var(--ast-global-color-4)","background-image":"","background-repeat":"repeat","background-position":"center center","background-size":"auto","background-attachment":"scroll","background-type":"","background-media":"","overlay-type":"","overlay-color":"","overlay-opacity":"","overlay-gradient":""},"mobile":{"background-color":"var(--ast-global-color-4)","background-image":"","background-repeat":"repeat","background-position":"center center","background-size":"auto","background-attachment":"scroll","background-type":"","background-media":"","overlay-type":"","overlay-color":"","overlay-opacity":"","overlay-gradient":""}},"footnotes":""},"class_list":["post-207","page","type-page","status-publish","hentry"],"_links":{"self":[{"href":"https:\/\/p3000.info\/index.php\/wp-json\/wp\/v2\/pages\/207","targetHints":{"allow":["GET"]}}],"collection":[{"href":"https:\/\/p3000.info\/index.php\/wp-json\/wp\/v2\/pages"}],"about":[{"href":"https:\/\/p3000.info\/index.php\/wp-json\/wp\/v2\/types\/page"}],"author":[{"embeddable":true,"href":"https:\/\/p3000.info\/index.php\/wp-json\/wp\/v2\/users\/1"}],"replies":[{"embeddable":true,"href":"https:\/\/p3000.info\/index.php\/wp-json\/wp\/v2\/comments?post=207"}],"version-history":[{"count":2,"href":"https:\/\/p3000.info\/index.php\/wp-json\/wp\/v2\/pages\/207\/revisions"}],"predecessor-version":[{"id":209,"href":"https:\/\/p3000.info\/index.php\/wp-json\/wp\/v2\/pages\/207\/revisions\/209"}],"wp:attachment":[{"href":"https:\/\/p3000.info\/index.php\/wp-json\/wp\/v2\/media?parent=207"}],"curies":[{"name":"wp","href":"https:\/\/api.w.org\/{rel}","templated":true}]}}