{"id":210,"date":"2025-09-26T14:45:38","date_gmt":"2025-09-26T14:45:38","guid":{"rendered":"https:\/\/p3000.info\/?page_id=210"},"modified":"2025-09-26T14:45:49","modified_gmt":"2025-09-26T14:45:49","slug":"petalo-blanco","status":"publish","type":"page","link":"https:\/\/p3000.info\/index.php\/petalo-blanco\/","title":{"rendered":"P\u00e9talo Blanco"},"content":{"rendered":"<p>[vc_row full_width=&#8221;stretch_row_content_no_spaces&#8221; css=&#8221;.vc_custom_1593991357256{margin-top: -13px !important;padding-top: 3px !important;background-image: url(http:\/\/p3000.info\/wp-content\/uploads\/2020\/05\/banda-de-colores.jpg?id=17) !important;background-position: center !important;background-repeat: no-repeat !important;background-size: contain !important;}&#8221;][vc_column][\/vc_column][\/vc_row][vc_row css=&#8221;.vc_custom_1591310025833{margin-top: 15px !important;margin-bottom: 30px !important;}&#8221;][vc_column][\/vc_column][\/vc_row][vc_row css=&#8221;.vc_custom_1595167661377{margin-top: 33px !important;margin-bottom: 20px !important;}&#8221;][vc_column width=&#8221;1\/4&#8243; css=&#8221;.vc_custom_1595167697910{padding-top: 15px !important;padding-right: 15px !important;padding-bottom: 25px !important;padding-left: 25px !important;}&#8221;][vc_custom_heading text=&#8221;7 P\u00e9talos&#8221; font_container=&#8221;tag:h2|text_align:left|color:%235970b5&#8243; google_fonts=&#8221;font_family:Raleway%3A100%2C200%2C300%2Cregular%2C500%2C600%2C700%2C800%2C900|font_style:800%20bold%20regular%3A800%3Anormal&#8221; css=&#8221;.vc_custom_1595167716513{margin-bottom: 10px !important;padding-top: 15px !important;}&#8221;][vc_widget_sidebar sidebar_id=&#8221;cs-3&#8243;][\/vc_column][vc_column width=&#8221;3\/4&#8243; css=&#8221;.vc_custom_1593959213687{padding-left: 35px !important;}&#8221;][vc_custom_heading text=&#8221;La Escuela de los 7 P\u00e9talos&#8221; font_container=&#8221;tag:h1|font_size:40px|text_align:left|color:%23e2e0e0|line_height:50px&#8221; use_theme_fonts=&#8221;yes&#8221; css_animation=&#8221;fadeInUp&#8221;][vc_row_inner css=&#8221;.vc_custom_1595167669821{margin-top: 33px !important;}&#8221;][vc_column_inner width=&#8221;1\/4&#8243;][vc_single_image image=&#8221;203&#8243; img_size=&#8221;&#8221;][\/vc_column_inner][vc_column_inner width=&#8221;3\/4&#8243;][vc_cta h2=&#8221;P\u00e9talo Blanco&#8221; h2_font_container=&#8221;color:%23bcbcbc&#8221; h2_google_fonts=&#8221;font_family:Raleway%3A100%2C200%2C300%2Cregular%2C500%2C600%2C700%2C800%2C900|font_style:400%20regular%3A400%3Anormal&#8221; txt_align=&#8221;center&#8221; style=&#8221;flat&#8221; color=&#8221;blue&#8221; use_custom_fonts_h2=&#8221;true&#8221; use_custom_fonts_h4=&#8221;true&#8221; css=&#8221;.vc_custom_1593992477403{background-color: #f4f1f1 !important;}&#8221;][\/vc_cta][vc_column_text css=&#8221;.vc_custom_1593992282355{padding-left: 0px !important;}&#8221;]\u00c1rea de ARTES y CREATIVIDAD. Corresponde a la <strong>Inteligencia Visual-Espacial y Musical<\/strong>, entre otras.<\/p>\n<p>&nbsp;<\/p>\n<p>Permite la utilizaci\u00f3n de todos los medios y materiales de <strong>expresi\u00f3n creativa<\/strong> que se nos ocurran: m\u00fasica, pintura, escultura, arte con elementos reciclados, video, poes\u00eda, cine, performances y teatro, dise\u00f1o\u2026 Geometr\u00eda Universal y Bio-Arquitectura.<\/p>\n<p>&nbsp;<\/p>\n<p>En este p\u00e9talo se expresa nuestra singularidad conectando a la vez con el exterior. Permite sublimar la emocionalidad generando <strong>lenguajes simb\u00f3licos<\/strong> y universales.<\/p>\n<p>&nbsp;<\/p>\n<p>La artesan\u00eda y la <strong>creaci\u00f3n art\u00edstica<\/strong> nos permiten la elaboraci\u00f3n directa con las manos, nos ancla y nos conecta con nuestro ser. Este p\u00e9talo cubre la necesidad de expresi\u00f3n profunda, <strong>consciente e inconsciente<\/strong>.[\/vc_column_text][\/vc_column_inner][\/vc_row_inner][\/vc_column][\/vc_row][vc_row full_width=&#8221;stretch_row_content_no_spaces&#8221; css=&#8221;.vc_custom_1593988254952{background-position: center !important;background-repeat: no-repeat !important;background-size: cover !important;}&#8221;][vc_column][vc_single_image image=&#8221;763&#8243; img_size=&#8221;full&#8221; alignment=&#8221;center&#8221; css_animation=&#8221;slideInUp&#8221; css=&#8221;.vc_custom_1593990541225{margin-bottom: -20px !important;}&#8221;][\/vc_column][\/vc_row]<\/p>\n","protected":false},"excerpt":{"rendered":"<p>[vc_row full_width=&#8221;stretch_row_content_no_spaces&#8221; css=&#8221;.vc_custom_1593991357256{margin-top: -13px !important;padding-top: 3px !important;background-image: url(http:\/\/p3000.info\/wp-content\/uploads\/2020\/05\/banda-de-colores.jpg?id=17) !important;background-position: center !important;background-repeat: no-repeat !important;background-size: contain !important;}&#8221;][vc_column][\/vc_column][\/vc_row][vc_row css=&#8221;.vc_custom_1591310025833{margin-top: 15px !important;margin-bottom: 30px !important;}&#8221;][vc_column][\/vc_column][\/vc_row][vc_row [&hellip;]<\/p>\n","protected":false},"author":1,"featured_media":0,"parent":0,"menu_order":0,"comment_status":"closed","ping_status":"closed","template":"","meta":{"site-sidebar-layout":"no-sidebar","site-content-layout":"plain-container","ast-site-content-layout":"default","site-content-style":"default","site-sidebar-style":"default","ast-global-header-display":"","ast-banner-title-visibility":"","ast-main-header-display":"","ast-hfb-above-header-display":"","ast-hfb-below-header-display":"","ast-hfb-mobile-header-display":"","site-post-title":"disabled","ast-breadcrumbs-content":"","ast-featured-img":"disabled","footer-sml-layout":"","theme-transparent-header-meta":"default","adv-header-id-meta":"","stick-header-meta":"","header-above-stick-meta":"","header-main-stick-meta":"","header-below-stick-meta":"","astra-migrate-meta-layouts":"set","ast-page-background-enabled":"default","ast-page-background-meta":{"desktop":{"background-color":"var(--ast-global-color-5)","background-image":"","background-repeat":"repeat","background-position":"center center","background-size":"auto","background-attachment":"scroll","background-type":"","background-media":"","overlay-type":"","overlay-color":"","overlay-opacity":"","overlay-gradient":""},"tablet":{"background-color":"","background-image":"","background-repeat":"repeat","background-position":"center center","background-size":"auto","background-attachment":"scroll","background-type":"","background-media":"","overlay-type":"","overlay-color":"","overlay-opacity":"","overlay-gradient":""},"mobile":{"background-color":"","background-image":"","background-repeat":"repeat","background-position":"center center","background-size":"auto","background-attachment":"scroll","background-type":"","background-media":"","overlay-type":"","overlay-color":"","overlay-opacity":"","overlay-gradient":""}},"ast-content-background-meta":{"desktop":{"background-color":"var(--ast-global-color-4)","background-image":"","background-repeat":"repeat","background-position":"center center","background-size":"auto","background-attachment":"scroll","background-type":"","background-media":"","overlay-type":"","overlay-color":"","overlay-opacity":"","overlay-gradient":""},"tablet":{"background-color":"var(--ast-global-color-4)","background-image":"","background-repeat":"repeat","background-position":"center center","background-size":"auto","background-attachment":"scroll","background-type":"","background-media":"","overlay-type":"","overlay-color":"","overlay-opacity":"","overlay-gradient":""},"mobile":{"background-color":"var(--ast-global-color-4)","background-image":"","background-repeat":"repeat","background-position":"center center","background-size":"auto","background-attachment":"scroll","background-type":"","background-media":"","overlay-type":"","overlay-color":"","overlay-opacity":"","overlay-gradient":""}},"footnotes":""},"class_list":["post-210","page","type-page","status-publish","hentry"],"_links":{"self":[{"href":"https:\/\/p3000.info\/index.php\/wp-json\/wp\/v2\/pages\/210","targetHints":{"allow":["GET"]}}],"collection":[{"href":"https:\/\/p3000.info\/index.php\/wp-json\/wp\/v2\/pages"}],"about":[{"href":"https:\/\/p3000.info\/index.php\/wp-json\/wp\/v2\/types\/page"}],"author":[{"embeddable":true,"href":"https:\/\/p3000.info\/index.php\/wp-json\/wp\/v2\/users\/1"}],"replies":[{"embeddable":true,"href":"https:\/\/p3000.info\/index.php\/wp-json\/wp\/v2\/comments?post=210"}],"version-history":[{"count":3,"href":"https:\/\/p3000.info\/index.php\/wp-json\/wp\/v2\/pages\/210\/revisions"}],"predecessor-version":[{"id":213,"href":"https:\/\/p3000.info\/index.php\/wp-json\/wp\/v2\/pages\/210\/revisions\/213"}],"wp:attachment":[{"href":"https:\/\/p3000.info\/index.php\/wp-json\/wp\/v2\/media?parent=210"}],"curies":[{"name":"wp","href":"https:\/\/api.w.org\/{rel}","templated":true}]}}