{"id":222,"date":"2025-09-26T14:52:00","date_gmt":"2025-09-26T14:52:00","guid":{"rendered":"https:\/\/p3000.info\/?page_id=222"},"modified":"2025-09-26T14:52:11","modified_gmt":"2025-09-26T14:52:11","slug":"petalo-verde","status":"publish","type":"page","link":"https:\/\/p3000.info\/index.php\/petalo-verde\/","title":{"rendered":"P\u00e9talo Verde"},"content":{"rendered":"<p>[vc_row full_width=&#8221;stretch_row_content_no_spaces&#8221; css=&#8221;.vc_custom_1593991357256{margin-top: -13px !important;padding-top: 3px !important;background-image: url(http:\/\/p3000.info\/wp-content\/uploads\/2020\/05\/banda-de-colores.jpg?id=17) !important;background-position: center !important;background-repeat: no-repeat !important;background-size: contain !important;}&#8221;][vc_column][\/vc_column][\/vc_row][vc_row css=&#8221;.vc_custom_1595167799736{margin-top: 33px !important;margin-bottom: 20px !important;}&#8221;][vc_column width=&#8221;1\/4&#8243; css=&#8221;.vc_custom_1595167834607{padding-top: 15px !important;padding-right: 15px !important;padding-bottom: 25px !important;padding-left: 25px !important;}&#8221;][vc_custom_heading text=&#8221;7 P\u00e9talos&#8221; font_container=&#8221;tag:h2|text_align:left|color:%235970b5&#8243; google_fonts=&#8221;font_family:Raleway%3A100%2C200%2C300%2Cregular%2C500%2C600%2C700%2C800%2C900|font_style:800%20bold%20regular%3A800%3Anormal&#8221; css=&#8221;.vc_custom_1595167843977{margin-bottom: 10px !important;padding-top: 15px !important;}&#8221;][vc_widget_sidebar sidebar_id=&#8221;cs-3&#8243;][\/vc_column][vc_column width=&#8221;3\/4&#8243; css=&#8221;.vc_custom_1593959213687{padding-left: 35px !important;}&#8221;][vc_custom_heading text=&#8221;La Escuela de los 7 P\u00e9talos&#8221; font_container=&#8221;tag:h1|font_size:40px|text_align:left|color:%236cb251|line_height:50px&#8221; use_theme_fonts=&#8221;yes&#8221; css_animation=&#8221;fadeInUp&#8221;][vc_row_inner css=&#8221;.vc_custom_1595167794637{margin-top: 33px !important;}&#8221;][vc_column_inner width=&#8221;1\/4&#8243;][vc_single_image image=&#8221;203&#8243; img_size=&#8221;&#8221;][\/vc_column_inner][vc_column_inner width=&#8221;3\/4&#8243;][vc_cta h2=&#8221;P\u00e9talo Verde&#8221; h2_font_container=&#8221;color:%23ffffff&#8221; h2_google_fonts=&#8221;font_family:Raleway%3A100%2C200%2C300%2Cregular%2C500%2C600%2C700%2C800%2C900|font_style:400%20regular%3A400%3Anormal&#8221; txt_align=&#8221;center&#8221; style=&#8221;flat&#8221; color=&#8221;blue&#8221; use_custom_fonts_h2=&#8221;true&#8221; use_custom_fonts_h4=&#8221;true&#8221; css=&#8221;.vc_custom_1593993377816{background-color: #6cb251 !important;}&#8221;][\/vc_cta][vc_column_text css=&#8221;.vc_custom_1593992585242{padding-left: 0px !important;}&#8221;]\u00c1rea de <strong>ECOLOG\u00cdA<\/strong>. Entendida como educaci\u00f3n ambiental en todas sus formas, permitiendo la implementaci\u00f3n de <strong>energ\u00edas limpias<\/strong>. Corresponde a la Inteligencia Naturalista.<\/p>\n<p>&nbsp;<\/p>\n<p>Incluye: Ciencias Naturales, <strong>biodiversidad<\/strong> y geolog\u00eda, cuidado de bio-huerto, nutrici\u00f3n, reciclaje, biosostenibilidad, cuidado del agua, compostaje, energ\u00edas alternativas, <strong>permacultura<\/strong>\u2026<\/p>\n<p>&nbsp;<\/p>\n<p>En este p\u00e9talo se desarrolla un sentido esencial de <strong>convivencia con nuestro planeta<\/strong>, de uni\u00f3n con los elementos y los ciclos de la Tierra, mientras se anima a la investigaci\u00f3n y uso de recursos limpios, nuevas tecnolog\u00edas y energ\u00edas que nos permiten una evoluci\u00f3n responsable con el entorno.<\/p>\n<p>&nbsp;<\/p>\n<p>En este p\u00e9talo se incluye un programa de salud preventiva que incluye nutrici\u00f3n libre de t\u00f3xicos, remedios naturales, conocimiento de plantas medicinales\u2026<\/p>\n<p>&nbsp;<\/p>\n<p>En el p\u00e9talo verde se experimenta c\u00f3mo vivir en comuni\u00f3n con la Tierra, conociendo sus infinitas posibilidades.[\/vc_column_text][\/vc_column_inner][\/vc_row_inner][\/vc_column][\/vc_row][vc_row full_width=&#8221;stretch_row_content_no_spaces&#8221; css=&#8221;.vc_custom_1593988254952{background-position: center !important;background-repeat: no-repeat !important;background-size: cover !important;}&#8221;][vc_column][vc_single_image image=&#8221;763&#8243; img_size=&#8221;full&#8221; alignment=&#8221;center&#8221; css_animation=&#8221;slideInUp&#8221; css=&#8221;.vc_custom_1593990541225{margin-bottom: -20px !important;}&#8221;][\/vc_column][\/vc_row]<\/p>\n","protected":false},"excerpt":{"rendered":"<p>[vc_row full_width=&#8221;stretch_row_content_no_spaces&#8221; css=&#8221;.vc_custom_1593991357256{margin-top: -13px !important;padding-top: 3px !important;background-image: url(http:\/\/p3000.info\/wp-content\/uploads\/2020\/05\/banda-de-colores.jpg?id=17) !important;background-position: center !important;background-repeat: no-repeat !important;background-size: contain !important;}&#8221;][vc_column][\/vc_column][\/vc_row][vc_row css=&#8221;.vc_custom_1595167799736{margin-top: 33px !important;margin-bottom: 20px !important;}&#8221;][vc_column [&hellip;]<\/p>\n","protected":false},"author":1,"featured_media":0,"parent":0,"menu_order":0,"comment_status":"closed","ping_status":"closed","template":"","meta":{"site-sidebar-layout":"no-sidebar","site-content-layout":"plain-container","ast-site-content-layout":"default","site-content-style":"default","site-sidebar-style":"default","ast-global-header-display":"","ast-banner-title-visibility":"","ast-main-header-display":"","ast-hfb-above-header-display":"","ast-hfb-below-header-display":"","ast-hfb-mobile-header-display":"","site-post-title":"disabled","ast-breadcrumbs-content":"","ast-featured-img":"disabled","footer-sml-layout":"","theme-transparent-header-meta":"default","adv-header-id-meta":"","stick-header-meta":"","header-above-stick-meta":"","header-main-stick-meta":"","header-below-stick-meta":"","astra-migrate-meta-layouts":"set","ast-page-background-enabled":"default","ast-page-background-meta":{"desktop":{"background-color":"var(--ast-global-color-5)","background-image":"","background-repeat":"repeat","background-position":"center center","background-size":"auto","background-attachment":"scroll","background-type":"","background-media":"","overlay-type":"","overlay-color":"","overlay-opacity":"","overlay-gradient":""},"tablet":{"background-color":"","background-image":"","background-repeat":"repeat","background-position":"center center","background-size":"auto","background-attachment":"scroll","background-type":"","background-media":"","overlay-type":"","overlay-color":"","overlay-opacity":"","overlay-gradient":""},"mobile":{"background-color":"","background-image":"","background-repeat":"repeat","background-position":"center center","background-size":"auto","background-attachment":"scroll","background-type":"","background-media":"","overlay-type":"","overlay-color":"","overlay-opacity":"","overlay-gradient":""}},"ast-content-background-meta":{"desktop":{"background-color":"var(--ast-global-color-4)","background-image":"","background-repeat":"repeat","background-position":"center center","background-size":"auto","background-attachment":"scroll","background-type":"","background-media":"","overlay-type":"","overlay-color":"","overlay-opacity":"","overlay-gradient":""},"tablet":{"background-color":"var(--ast-global-color-4)","background-image":"","background-repeat":"repeat","background-position":"center center","background-size":"auto","background-attachment":"scroll","background-type":"","background-media":"","overlay-type":"","overlay-color":"","overlay-opacity":"","overlay-gradient":""},"mobile":{"background-color":"var(--ast-global-color-4)","background-image":"","background-repeat":"repeat","background-position":"center center","background-size":"auto","background-attachment":"scroll","background-type":"","background-media":"","overlay-type":"","overlay-color":"","overlay-opacity":"","overlay-gradient":""}},"footnotes":""},"class_list":["post-222","page","type-page","status-publish","hentry"],"_links":{"self":[{"href":"https:\/\/p3000.info\/index.php\/wp-json\/wp\/v2\/pages\/222","targetHints":{"allow":["GET"]}}],"collection":[{"href":"https:\/\/p3000.info\/index.php\/wp-json\/wp\/v2\/pages"}],"about":[{"href":"https:\/\/p3000.info\/index.php\/wp-json\/wp\/v2\/types\/page"}],"author":[{"embeddable":true,"href":"https:\/\/p3000.info\/index.php\/wp-json\/wp\/v2\/users\/1"}],"replies":[{"embeddable":true,"href":"https:\/\/p3000.info\/index.php\/wp-json\/wp\/v2\/comments?post=222"}],"version-history":[{"count":3,"href":"https:\/\/p3000.info\/index.php\/wp-json\/wp\/v2\/pages\/222\/revisions"}],"predecessor-version":[{"id":225,"href":"https:\/\/p3000.info\/index.php\/wp-json\/wp\/v2\/pages\/222\/revisions\/225"}],"wp:attachment":[{"href":"https:\/\/p3000.info\/index.php\/wp-json\/wp\/v2\/media?parent=222"}],"curies":[{"name":"wp","href":"https:\/\/api.w.org\/{rel}","templated":true}]}}