{"id":234,"date":"2025-09-26T15:02:58","date_gmt":"2025-09-26T15:02:58","guid":{"rendered":"https:\/\/p3000.info\/?page_id=234"},"modified":"2025-09-26T15:03:10","modified_gmt":"2025-09-26T15:03:10","slug":"7-petalos-en-otros-espacios","status":"publish","type":"page","link":"https:\/\/p3000.info\/index.php\/7-petalos-en-otros-espacios\/","title":{"rendered":"7 P\u00e9talos en otros espacios"},"content":{"rendered":"<p>[vc_row full_width=&#8221;stretch_row_content_no_spaces&#8221;][vc_column][vc_single_image image=&#8221;17&#8243; img_size=&#8221;full&#8221;][\/vc_column][\/vc_row][vc_row css=&#8221;.vc_custom_1595164882703{margin-top: 33px !important;}&#8221;][vc_column width=&#8221;1\/4&#8243; css=&#8221;.vc_custom_1595165903469{padding-top: 15px !important;padding-right: 15px !important;padding-bottom: 25px !important;padding-left: 25px !important;border-radius: 20px !important;}&#8221;][vc_custom_heading text=&#8221;7 P\u00e9talos&#8221; font_container=&#8221;tag:h2|text_align:left|color:%235970b5&#8243; google_fonts=&#8221;font_family:Raleway%3A100%2C200%2C300%2Cregular%2C500%2C600%2C700%2C800%2C900|font_style:800%20bold%20regular%3A800%3Anormal&#8221; css=&#8221;.vc_custom_1595165680638{margin-bottom: 10px !important;padding-top: 15px !important;}&#8221;][vc_widget_sidebar sidebar_id=&#8221;cs-3&#8243;][vc_separator color=&#8221;white&#8221; border_width=&#8221;4&#8243;][\/vc_column][vc_column width=&#8221;3\/4&#8243; css=&#8221;.vc_custom_1593959213687{padding-left: 35px !important;}&#8221;][vc_custom_heading text=&#8221;7 P\u00e9talos en otros espacios&#8221; font_container=&#8221;tag:h1|font_size:40px|text_align:left|line_height:50px&#8221; use_theme_fonts=&#8221;yes&#8221; css_animation=&#8221;fadeInLeft&#8221;][vc_row_inner css=&#8221;.vc_custom_1595164888995{margin-top: 33px !important;}&#8221;][vc_column_inner width=&#8221;1\/4&#8243;][vc_single_image image=&#8221;203&#8243; img_size=&#8221;&#8221;][\/vc_column_inner][vc_column_inner width=&#8221;3\/4&#8243;][vc_column_text css=&#8221;.vc_custom_1595159141965{padding-left: 0px !important;}&#8221;]Si bien es cierto que 7 P\u00e9talos nace como una idea de Escuela de transici\u00f3n adecuada al tiempo que vivimos, en su esencia, P3000 es una forma de vida y 7P es un lugar interior. Es por ello que podemos replicar la estructura de 7P en cualquier espacio o comunidad.<\/p>\n<p>&nbsp;<\/p>\n<p>Se han creado ideas de 7 P\u00e9talos en negocios como restaurantes, empresas, centros de ocio\u2026 S\u00f3lo requiere imaginaci\u00f3n y compromiso con el desarrollo personal amplio de cada individuo y su relaci\u00f3n en comunidad.<\/p>\n<p>&nbsp;<\/p>\n<p>An\u00edmate a crear espacios 7P en tu barrio, con tus vecinos, con amigos o en el hogar. Donde cada cual colabore de manera activa con un p\u00e9talo, ense\u00f1ando sobre \u00e9l y, a la vez, desarroll\u00e1ndose en los dem\u00e1s. Creando proyectos donde se relacionen las \u00e1reas y se enriquezcan entre s\u00ed.<\/p>\n<p>&nbsp;<\/p>\n<p>Te animamos a crear comunidades sostenibles, en desarrollo coherente f\u00edsico-mental-existencial, en contacto sincero y natural con la esencia y expresi\u00f3n art\u00edstica del ser, en equilibrio con la Tierra y en armon\u00eda econ\u00f3mica y productiva.<\/p>\n<p>&nbsp;<\/p>\n<h2>\u00a1Si necesitas sugerencias y quieres consultarnos, estamos a tu disposici\u00f3n!<\/h2>\n<p>&nbsp;<\/p>\n<p>Puedes contactar con el facilitador\/a m\u00e1s cercano a tu ciudad\u00a0\u00a0\u00a0<a href=\"http:\/\/p3000.info\/facilitadores-certificados-de-pedagooogia-3000\/\"> <em><strong>CLICK AQU\u00cd<\/strong><\/em><\/a><\/p>\n<p>&nbsp;<\/p>\n<p>Adem\u00e1s, nuestro equipo de Arquitectos 3000 puede dise\u00f1ar cualquier tipo de espacio 7P.<\/p>\n<p>&nbsp;<\/p>\n<h2>\u00bfTienes una idea sobre un lugar renovado y acorde al futuro que comienza a vislumbrarse?<\/h2>\n<p>&nbsp;<\/p>\n<p>Te ayudamos a darle forma y hacerlo realidad.[\/vc_column_text][\/vc_column_inner][\/vc_row_inner][\/vc_column][\/vc_row][vc_row full_width=&#8221;stretch_row_content_no_spaces&#8221; css=&#8221;.vc_custom_1593988254952{background-position: center !important;background-repeat: no-repeat !important;background-size: cover !important;}&#8221;][vc_column][vc_single_image image=&#8221;235&#8243; img_size=&#8221;full&#8221; alignment=&#8221;center&#8221; css_animation=&#8221;slideInUp&#8221; css=&#8221;.vc_custom_1758898961952{margin-bottom: -20px !important;}&#8221;][\/vc_column][\/vc_row]<\/p>\n","protected":false},"excerpt":{"rendered":"<p>[vc_row full_width=&#8221;stretch_row_content_no_spaces&#8221;][vc_column][vc_single_image image=&#8221;17&#8243; img_size=&#8221;full&#8221;][\/vc_column][\/vc_row][vc_row css=&#8221;.vc_custom_1595164882703{margin-top: 33px !important;}&#8221;][vc_column width=&#8221;1\/4&#8243; css=&#8221;.vc_custom_1595165903469{padding-top: 15px !important;padding-right: 15px !important;padding-bottom: 25px !important;padding-left: 25px !important;border-radius: 20px !important;}&#8221;][vc_custom_heading text=&#8221;7 [&hellip;]<\/p>\n","protected":false},"author":1,"featured_media":0,"parent":0,"menu_order":0,"comment_status":"closed","ping_status":"closed","template":"","meta":{"site-sidebar-layout":"no-sidebar","site-content-layout":"plain-container","ast-site-content-layout":"default","site-content-style":"default","site-sidebar-style":"default","ast-global-header-display":"","ast-banner-title-visibility":"","ast-main-header-display":"","ast-hfb-above-header-display":"","ast-hfb-below-header-display":"","ast-hfb-mobile-header-display":"","site-post-title":"disabled","ast-breadcrumbs-content":"","ast-featured-img":"disabled","footer-sml-layout":"","theme-transparent-header-meta":"default","adv-header-id-meta":"","stick-header-meta":"","header-above-stick-meta":"","header-main-stick-meta":"","header-below-stick-meta":"","astra-migrate-meta-layouts":"set","ast-page-background-enabled":"default","ast-page-background-meta":{"desktop":{"background-color":"var(--ast-global-color-5)","background-image":"","background-repeat":"repeat","background-position":"center center","background-size":"auto","background-attachment":"scroll","background-type":"","background-media":"","overlay-type":"","overlay-color":"","overlay-opacity":"","overlay-gradient":""},"tablet":{"background-color":"","background-image":"","background-repeat":"repeat","background-position":"center center","background-size":"auto","background-attachment":"scroll","background-type":"","background-media":"","overlay-type":"","overlay-color":"","overlay-opacity":"","overlay-gradient":""},"mobile":{"background-color":"","background-image":"","background-repeat":"repeat","background-position":"center center","background-size":"auto","background-attachment":"scroll","background-type":"","background-media":"","overlay-type":"","overlay-color":"","overlay-opacity":"","overlay-gradient":""}},"ast-content-background-meta":{"desktop":{"background-color":"var(--ast-global-color-4)","background-image":"","background-repeat":"repeat","background-position":"center center","background-size":"auto","background-attachment":"scroll","background-type":"","background-media":"","overlay-type":"","overlay-color":"","overlay-opacity":"","overlay-gradient":""},"tablet":{"background-color":"var(--ast-global-color-4)","background-image":"","background-repeat":"repeat","background-position":"center center","background-size":"auto","background-attachment":"scroll","background-type":"","background-media":"","overlay-type":"","overlay-color":"","overlay-opacity":"","overlay-gradient":""},"mobile":{"background-color":"var(--ast-global-color-4)","background-image":"","background-repeat":"repeat","background-position":"center center","background-size":"auto","background-attachment":"scroll","background-type":"","background-media":"","overlay-type":"","overlay-color":"","overlay-opacity":"","overlay-gradient":""}},"footnotes":""},"class_list":["post-234","page","type-page","status-publish","hentry"],"_links":{"self":[{"href":"https:\/\/p3000.info\/index.php\/wp-json\/wp\/v2\/pages\/234","targetHints":{"allow":["GET"]}}],"collection":[{"href":"https:\/\/p3000.info\/index.php\/wp-json\/wp\/v2\/pages"}],"about":[{"href":"https:\/\/p3000.info\/index.php\/wp-json\/wp\/v2\/types\/page"}],"author":[{"embeddable":true,"href":"https:\/\/p3000.info\/index.php\/wp-json\/wp\/v2\/users\/1"}],"replies":[{"embeddable":true,"href":"https:\/\/p3000.info\/index.php\/wp-json\/wp\/v2\/comments?post=234"}],"version-history":[{"count":3,"href":"https:\/\/p3000.info\/index.php\/wp-json\/wp\/v2\/pages\/234\/revisions"}],"predecessor-version":[{"id":237,"href":"https:\/\/p3000.info\/index.php\/wp-json\/wp\/v2\/pages\/234\/revisions\/237"}],"wp:attachment":[{"href":"https:\/\/p3000.info\/index.php\/wp-json\/wp\/v2\/media?parent=234"}],"curies":[{"name":"wp","href":"https:\/\/api.w.org\/{rel}","templated":true}]}}