{"id":32,"date":"2025-09-11T19:21:34","date_gmt":"2025-09-11T19:21:34","guid":{"rendered":"https:\/\/p3000.info\/?page_id=32"},"modified":"2025-11-15T04:39:58","modified_gmt":"2025-11-15T04:39:58","slug":"libros-3000","status":"publish","type":"page","link":"https:\/\/p3000.info\/index.php\/libros-3000\/","title":{"rendered":"Libros 3000"},"content":{"rendered":"<p>[vc_row full_width=&#8221;stretch_row_content_no_spaces&#8221;][vc_column][vc_single_image image=&#8221;17&#8243; img_size=&#8221;full&#8221;][\/vc_column][\/vc_row][vc_row css=&#8221;.vc_custom_1595169650047{margin-bottom: 20px !important;}&#8221;][vc_column css=&#8221;.vc_custom_1593959551176{padding-left: 30px !important;}&#8221;][vc_custom_heading text=&#8221;Libros&#8221; font_container=&#8221;tag:h1|font_size:40px|text_align:left|line_height:50px&#8221; use_theme_fonts=&#8221;yes&#8221; css_animation=&#8221;fadeInUp&#8221;][vc_row_inner css=&#8221;.vc_custom_1595170069256{margin-top: 33px !important;}&#8221;][vc_column_inner width=&#8221;1\/4&#8243;][vc_single_image image=&#8221;61&#8243; img_size=&#8221;full&#8221;][vc_btn title=&#8221;Descargar&#8221; style=&#8221;flat&#8221; color=&#8221;sky&#8221; align=&#8221;center&#8221; i_icon_fontawesome=&#8221;fas fa-cloud-download-alt&#8221; css_animation=&#8221;fadeIn&#8221; button_block=&#8221;true&#8221; add_icon=&#8221;true&#8221; link=&#8221;url:https%3A%2F%2Fp3000.info%2Frecursos%2Flibros%2FPaz_Activa_3000_v2018.pdf||target:%20_blank|&#8221;][\/vc_column_inner][vc_column_inner width=&#8221;3\/4&#8243;][vc_column_text]<\/p>\n<h3><strong>La Paz Activa 3000<\/strong><\/h3>\n<p>&nbsp;<\/p>\n<h4>El libro <em>La Paz Activa<\/em>, es la continuaci\u00f3n del Minilibro <em>Paz 3000<\/em> y del proyecto <em>Yo puedo escoger\u2026 y escojo la Paz<\/em>. Brinda muchas herramientas pr\u00e1cticas de Paz, a implementar en ambiente escolar, comunidad o en la casa.<\/h4>\n<p>&nbsp;<\/p>\n<h4><\/h4>\n<h4>Re\u00fane experiencias exitosas de Argentina, Espa\u00f1a, Marrueco, Mexico y Uruguay\u2026 cubriendo excelentes propuestas para logar la Paz individual, la Paz Social y la Paz planetaria. \u00a0Adem\u00e1s, comparte c\u00f3mo hacer una <em>Escuelas de los 7 P\u00e9talos para la Paz<\/em>, y c\u00f3mo hacer un c\u00edrculo de paz para ni\u00f1os\/as y c\u00edrculos de paz para adultos.<\/h4>\n<p>&nbsp;<\/p>\n<h4><\/h4>\n<h4>Un libro maravilloso de Pedagooogia 3000, para que brindemos a todos los ni\u00f1os y ni\u00f1as del mundo un Mundo de Paz y un Planeta Verde restaurando armon\u00eda y sabidur\u00eda en la Tierra.<\/h4>\n<p>[\/vc_column_text][\/vc_column_inner][\/vc_row_inner][vc_zigzag color=&#8221;blue&#8221; el_border_width=&#8221;8&#8243; css_animation=&#8221;fadeIn&#8221;][vc_row_inner css=&#8221;.vc_custom_1595170069256{margin-top: 33px !important;}&#8221;][vc_column_inner width=&#8221;1\/4&#8243;][vc_single_image image=&#8221;60&#8243; img_size=&#8221;&#8221;][vc_btn title=&#8221;Descargar&#8221; style=&#8221;flat&#8221; color=&#8221;sky&#8221; align=&#8221;center&#8221; i_icon_fontawesome=&#8221;fas fa-cloud-download-alt&#8221; css_animation=&#8221;fadeIn&#8221; button_block=&#8221;true&#8221; add_icon=&#8221;true&#8221; link=&#8221;url:https%3A%2F%2Fp3000.info%2Frecursos%2Flibros%2FLibro_EEP.pdf||target:%20_blank|&#8221;][\/vc_column_inner][vc_column_inner width=&#8221;3\/4&#8243;][vc_column_text]<\/p>\n<h3><strong>Escuelas Embajadoras de Paz<\/strong><\/h3>\n<p>&nbsp;<\/p>\n<h4>Imagina una Escuela sin bullying.<\/h4>\n<h4>Todos y todas se saludan, son felices y se respetan. Cada estudiante tiene auto-estima, habla positivamente, se ayudan mutuamente. Los profesores est\u00e1n relajados y sonr\u00eden\u2026<\/h4>\n<p>&nbsp;<\/p>\n<h4>Imagina una escuela verde, con flores, m\u00fasica y ritmos, una bandera de Paz ondeando a la entrada\u2026<\/h4>\n<p>&nbsp;<\/p>\n<h4>Es posible, muy posible\u2026 Este minilibro le ofrece los pasos de c\u00f3mo lograrlo y hacer que cada estudiante sea un Embajador de Paz.<\/h4>\n<p>&nbsp;<\/p>\n<h4>Paz en uno mismo, Paz con los dem\u00e1s, Paz con la Naturaleza, Paz en el Mundo.<\/h4>\n<h4><\/h4>\n<p>[\/vc_column_text][\/vc_column_inner][\/vc_row_inner][vc_zigzag color=&#8221;blue&#8221; el_border_width=&#8221;8&#8243; css_animation=&#8221;fadeIn&#8221;][vc_row_inner css=&#8221;.vc_custom_1593960923967{margin-top: 35px !important;}&#8221;][vc_column_inner width=&#8221;1\/4&#8243;][vc_single_image image=&#8221;56&#8243; img_size=&#8221;&#8221;][vc_btn title=&#8221;Descargar&#8221; style=&#8221;flat&#8221; color=&#8221;sky&#8221; align=&#8221;center&#8221; i_icon_fontawesome=&#8221;fas fa-cloud-download-alt&#8221; css_animation=&#8221;fadeIn&#8221; button_block=&#8221;true&#8221; add_icon=&#8221;true&#8221; link=&#8221;url:https%3A%2F%2Fp3000.info%2Frecursos%2Flibros%2FLibro_7Petalos_web.pdf||target:%20_blank|&#8221;][\/vc_column_inner][vc_column_inner width=&#8221;3\/4&#8243;][vc_column_text]<\/p>\n<h3><strong>La Escuela de los 7 P\u00e9talos<\/strong><\/h3>\n<p>&nbsp;<\/p>\n<h4>La materializaci\u00f3n m\u00e1s inmediata de Pedagogia 3000 se halla en la Escuela de los 7 P\u00e9talos, una propuesta educativo integral basado en 7 \u00e1reas de desarrollo humano, f\u00e1cil de trasladar a cualquier contexto y desarrollar con los medios disponibles.<\/h4>\n<h4><\/h4>\n<p>&nbsp;<\/p>\n<h4>Este libro nos ofrece todos los detalles sobre qu\u00e9 es la Escuela de los 7 P\u00e9talos, c\u00f3mo implementar cada p\u00e9talo y hacia donde nos dirigimos como humanidad con una forma de vivir solidaria.<\/h4>\n<h4><\/h4>\n<p>&nbsp;<\/p>\n<h4>Una Escuela donde estudiantes y acompa\u00f1antes no se aburren, y crecen felices, en Paz, escuchados y respetados, aprendiendo con libertad, sabidur\u00eda y amor.<\/h4>\n<h4><\/h4>\n<h4>La Escuela de los 7 P\u00e9talos se sostiene en una filosof\u00eda profunda de la existencia, una conexi\u00f3n con nosotros mismos\/as y lo que nos rodea\u2026<\/h4>\n<h4><\/h4>\n<p>&nbsp;<\/p>\n<h4>Es una Escuela \/ Cultura que honra el pasado, proyecta consciente y activamente una nueva sociedad equitativa y pac\u00edfica con un cuidado amplio de nuestro Planeta, y vive plenamente el presente.<\/h4>\n<h4><\/h4>\n<p>&nbsp;<\/p>\n<h4>Que lo disfruten\u2026<\/h4>\n<p>[\/vc_column_text][\/vc_column_inner][\/vc_row_inner][vc_zigzag color=&#8221;blue&#8221; el_border_width=&#8221;8&#8243; css_animation=&#8221;fadeIn&#8221;][vc_row_inner css=&#8221;.vc_custom_1593960923967{margin-top: 35px !important;}&#8221;][vc_column_inner width=&#8221;1\/4&#8243;][vc_single_image image=&#8221;57&#8243; img_size=&#8221;&#8221;][vc_btn title=&#8221;Descargar&#8221; style=&#8221;flat&#8221; color=&#8221;sky&#8221; align=&#8221;center&#8221; i_icon_fontawesome=&#8221;fas fa-cloud-download-alt&#8221; css_animation=&#8221;fadeIn&#8221; button_block=&#8221;true&#8221; add_icon=&#8221;true&#8221; link=&#8221;url:http%3A%2F%2Fp3000.info%2Frecursos%2Flibros%2FLibro_La_Escuela_7_Petalos_Tomo_II.pdf||target:%20_blank|&#8221;][\/vc_column_inner][vc_column_inner width=&#8221;3\/4&#8243;][vc_column_text]<\/p>\n<h3><strong>La Escuela de los 7 P\u00e9talos Tomo II (Versi\u00f3n preliminar)<\/strong><\/h3>\n<p>&nbsp;<\/p>\n<h4>Este libro desarrollo c\u00f3mo pr\u00e1cticamente se puede co-crear una Escuela de los 7 P\u00e9talos. Nos provee herramientas innovadoras y\u00a0divertidas que brinda un maravilloso crecimiento para todos y todas. Cambiar la Educaci\u00f3n es, hoy por hoy, la m\u00e1s bella aventura a transitar en la Tierra, ya que la Educaci\u00f3n que proveemos ahora es la sociedad de ma\u00f1ana.<\/h4>\n<p>[\/vc_column_text][\/vc_column_inner][\/vc_row_inner][vc_zigzag color=&#8221;blue&#8221; el_border_width=&#8221;8&#8243; css_animation=&#8221;fadeIn&#8221;][vc_row_inner css=&#8221;.vc_custom_1593960923967{margin-top: 35px !important;}&#8221;][vc_column_inner width=&#8221;1\/4&#8243;][vc_single_image image=&#8221;59&#8243; img_size=&#8221;&#8221;][vc_btn title=&#8221;Descargar&#8221; style=&#8221;flat&#8221; color=&#8221;sky&#8221; align=&#8221;center&#8221; i_icon_fontawesome=&#8221;fas fa-cloud-download-alt&#8221; css_animation=&#8221;fadeIn&#8221; button_block=&#8221;true&#8221; add_icon=&#8221;true&#8221; link=&#8221;url:http%3A%2F%2Fp3000.info%2Frecursos%2Flibros%2FEducion_del_Futuro_2ED_P3000.pdf||target:%20_blank|&#8221;][\/vc_column_inner][vc_column_inner width=&#8221;3\/4&#8243;][vc_column_text]<\/p>\n<h3><strong>La Educaci\u00f3n del FUTURO \u00a1Ahora!<\/strong><\/h3>\n<h4><\/h4>\n<h4><\/h4>\n<h4>\u00a1Est\u00e1 en nuestras manos!<\/h4>\n<p>&nbsp;<\/p>\n<h4><\/h4>\n<h4>Todos y todas somos parte de este bello proceso tan necesario en estos tiempos de cambios acelerados. Para nuestros hijos, hijas, nietos, nietas, sobrinos, sobrinas, bisnietos\/as\u2026 re-evolucionemos la Educaci\u00f3n para un aprendizaje y un crecimiento, tanto individual como colectivo, m\u00e1s respetuoso, divertido, hol\u00edstico, cooperativo, pro-activo, ecol\u00f3gico, multicultural y cari\u00f1oso\u2026 en una palabra, m\u00e1s humano.<\/h4>\n<p>&nbsp;<\/p>\n<h4><\/h4>\n<h4>Un hermoso libro sobre como co-construir la <em>Educaci\u00f3n del FUTURO \u00a1Ahora!<\/em> que todos los padres y maestros deber\u00edan leer, disfrutando, adem\u00e1s, en cada cap\u00edtulo, de la novela de\u00a0Anku y Anka, que narra las aventuras de dos ni\u00f1os que cambiaron su Educaci\u00f3n y crearon su propia escuela.<\/h4>\n<p>[\/vc_column_text][\/vc_column_inner][\/vc_row_inner][vc_zigzag color=&#8221;blue&#8221; el_border_width=&#8221;8&#8243; css_animation=&#8221;fadeIn&#8221;][vc_row_inner css=&#8221;.vc_custom_1593960923967{margin-top: 35px !important;}&#8221;][vc_column_inner width=&#8221;1\/4&#8243;][vc_single_image image=&#8221;58&#8243; img_size=&#8221;&#8221;][vc_btn title=&#8221;Descargar&#8221; style=&#8221;flat&#8221; color=&#8221;sky&#8221; align=&#8221;center&#8221; i_icon_fontawesome=&#8221;fas fa-cloud-download-alt&#8221; css_animation=&#8221;fadeIn&#8221; button_block=&#8221;true&#8221; add_icon=&#8221;true&#8221; link=&#8221;url:http%3A%2F%2Fp3000.info%2Frecursos%2Flibros%2FAportes_cientificos3000_web.pdf||target:%20_blank|&#8221;][\/vc_column_inner][vc_column_inner width=&#8221;3\/4&#8243;][vc_column_text]<\/p>\n<h3><strong>Los ni\u00f1os y ni\u00f1as de hoy y de ma\u00f1ana<\/strong><\/h3>\n<h4><\/h4>\n<h4><\/h4>\n<p>&nbsp;<\/p>\n<h4>Aportes cient\u00edficos sobre los cambios fisiol\u00f3gicos, psico-emocionales y neurol\u00f3gicos de los ni\u00f1os y ni\u00f1as y la educaci\u00f3n que necesitan<\/h4>\n<h4><\/h4>\n<p>&nbsp;<\/p>\n<h4>Desde hace un par de d\u00e9cadas, padres y madres, profesores, psic\u00f3logos y pediatras reportan cambios significativos en los ni\u00f1os\/as de hoy. Al mismo tiempo, presenciamos la crisis mundial que atraviesa la educaci\u00f3n en general.<\/h4>\n<h4><\/h4>\n<p>&nbsp;<\/p>\n<h4>Es evidente que los ni\u00f1os\/as han cambiado; la sociedad, la tecnolog\u00eda, los medios de comunicaci\u00f3n y la realidad diaria cambian con rapidez. Sin embargo, la Educaci\u00f3n y el cuidado de la salud que proveemos a los ni\u00f1os y ni\u00f1as no corresponde con sus necesidades reales.<\/h4>\n<h4><\/h4>\n<p>&nbsp;<\/p>\n<h4>Hoy en d\u00eda, el asunto requiere definitivamente la atenci\u00f3n de los cient\u00edficos a nivel mundial. \u00bfQu\u00e9 opinan los pediatras? \u00bfLos neur\u00f3logos? \u00bfC\u00f3mo podemos explicar los cambios que se observan en los ni\u00f1os\/as de hoy, tanto a nivel conductual como cognitivo? Este libro recoge una serie de testimonios que tenemos que tomar en cuenta como base del cambio educativo que ya ha comenzado a generarse.<\/h4>\n<p>[\/vc_column_text][\/vc_column_inner][\/vc_row_inner][vc_zigzag color=&#8221;blue&#8221; el_border_width=&#8221;8&#8243; css_animation=&#8221;fadeIn&#8221;][vc_row_inner css=&#8221;.vc_custom_1593960923967{margin-top: 35px !important;}&#8221;][vc_column_inner width=&#8221;1\/4&#8243;][vc_single_image image=&#8221;62&#8243; img_size=&#8221;&#8221;][vc_btn title=&#8221;Descargar&#8221; style=&#8221;flat&#8221; color=&#8221;sky&#8221; align=&#8221;center&#8221; i_icon_fontawesome=&#8221;fas fa-cloud-download-alt&#8221; css_animation=&#8221;fadeIn&#8221; button_block=&#8221;true&#8221; add_icon=&#8221;true&#8221; link=&#8221;url:http%3A%2F%2Fwww.p3000.info%2Frecursos%2Flibros%2FP3000_Book_Tomo_I_web.pdf||target:%20_blank|&#8221;][\/vc_column_inner][vc_column_inner width=&#8221;3\/4&#8243;][vc_column_text]<\/p>\n<h3><strong>Libro Pedagooogia 3000 Tomo I<\/strong><\/h3>\n<h4><\/h4>\n<h4><\/h4>\n<p>&nbsp;<\/p>\n<h4>Con alegr\u00eda presentamos la 5\u00ba edici\u00f3n de un libro clave de \u2018Pedagooogia 3000, una pedagog\u00eda para el tercer milenio\u2019.<\/h4>\n<h4><\/h4>\n<p>&nbsp;<\/p>\n<h4>Este libro presenta un exhaustivo estudio de los ni\u00f1os\/as de las \u00faltimas d\u00e9cadas, sus nuevas pautas de comportamientos y manera de aprender. Ampliamente documentado, provee un paso importante en el entendimiento de las nuevas generaciones.<\/h4>\n<h4><\/h4>\n<p>&nbsp;<\/p>\n<h4>Presenta propuestas innovadoras para crear espacios educativos desde una visi\u00f3n actualizada de los ni\u00f1os\/as de ahora, sus capacidades y su misi\u00f3n. Se exploran nuevas formas de aprendizaje y recursos transversales, as\u00ed como interesantes corrientes educativas y experiencias innovadoras.<\/h4>\n<p>[\/vc_column_text][\/vc_column_inner][\/vc_row_inner][vc_zigzag color=&#8221;blue&#8221; el_border_width=&#8221;8&#8243; css_animation=&#8221;fadeIn&#8221;][vc_row_inner css=&#8221;.vc_custom_1593960923967{margin-top: 35px !important;}&#8221;][vc_column_inner width=&#8221;1\/4&#8243;][vc_single_image image=&#8221;63&#8243; img_size=&#8221;&#8221;][vc_btn title=&#8221;Descargar&#8221; style=&#8221;flat&#8221; color=&#8221;sky&#8221; align=&#8221;center&#8221; i_icon_fontawesome=&#8221;fas fa-cloud-download-alt&#8221; css_animation=&#8221;fadeIn&#8221; button_block=&#8221;true&#8221; add_icon=&#8221;true&#8221; link=&#8221;url:http%3A%2F%2Fp3000.info%2Frecursos%2Flibros%2FP3000_Book_Tomo_II_web.pdf||target:%20_blank|&#8221;][\/vc_column_inner][vc_column_inner width=&#8221;3\/4&#8243;][vc_column_text]<\/p>\n<h3><strong>Libro Pedagooogia 3000 Tomo II<\/strong><\/h3>\n<h4><\/h4>\n<h4><\/h4>\n<p>&nbsp;<\/p>\n<h4>Es con mucha alegr\u00eda que presentamos el Tomo II de Pedagooogia 3000. Cada vez m\u00e1s el concepto de \u201cEducaci\u00f3n\u201d se va ampliando: crecimiento hol\u00edstico, individual y grupal, proceso de aprendizaje infinito, educaci\u00f3n social, educaci\u00f3n ecol\u00f3gica\u2026<\/h4>\n<p>&nbsp;<\/p>\n<h4><\/h4>\n<h4>Consideramos cada momento, cada situaci\u00f3n, cada espacio, como un escenario de aprendizaje \u00fanico en un constante aprender y crecer.<\/h4>\n<h4><\/h4>\n<p>&nbsp;<\/p>\n<h4>Este Tomo II presente una gran variedad de herramientas pedag\u00f3gicas y experiencias educativas muy \u00fatiles para re-co-construir una nueva Educaci\u00f3n alrededor del mundo.<\/h4>\n<p>&nbsp;<\/p>\n<h4>Una Educaci\u00f3n basada sobe la solidaridad y el crecimiento integral del ser humano.<\/h4>\n<p>&nbsp;<\/p>\n<h4>Este libro es impredecible para todo educador, que sean padres\/madres o maestros\/as.<\/h4>\n<p>[\/vc_column_text][\/vc_column_inner][\/vc_row_inner][\/vc_column][\/vc_row][vc_row full_width=&#8221;stretch_row_content_no_spaces&#8221; css=&#8221;.vc_custom_1593575050182{background-position: center !important;background-repeat: no-repeat !important;background-size: cover !important;}&#8221;][vc_column][vc_single_image image=&#8221;566&#8243; img_size=&#8221;full&#8221;][\/vc_column][\/vc_row]<\/p>\n","protected":false},"excerpt":{"rendered":"<p>[vc_row full_width=&#8221;stretch_row_content_no_spaces&#8221;][vc_column][vc_single_image image=&#8221;17&#8243; img_size=&#8221;full&#8221;][\/vc_column][\/vc_row][vc_row css=&#8221;.vc_custom_1595169650047{margin-bottom: 20px !important;}&#8221;][vc_column css=&#8221;.vc_custom_1593959551176{padding-left: 30px !important;}&#8221;][vc_custom_heading text=&#8221;Libros&#8221; font_container=&#8221;tag:h1|font_size:40px|text_align:left|line_height:50px&#8221; use_theme_fonts=&#8221;yes&#8221; css_animation=&#8221;fadeInUp&#8221;][vc_row_inner css=&#8221;.vc_custom_1595170069256{margin-top: 33px !important;}&#8221;][vc_column_inner width=&#8221;1\/4&#8243;][vc_single_image image=&#8221;61&#8243; img_size=&#8221;full&#8221;][vc_btn [&hellip;]<\/p>\n","protected":false},"author":1,"featured_media":0,"parent":0,"menu_order":0,"comment_status":"closed","ping_status":"closed","template":"","meta":{"site-sidebar-layout":"no-sidebar","site-content-layout":"plain-container","ast-site-content-layout":"default","site-content-style":"default","site-sidebar-style":"default","ast-global-header-display":"","ast-banner-title-visibility":"","ast-main-header-display":"","ast-hfb-above-header-display":"","ast-hfb-below-header-display":"","ast-hfb-mobile-header-display":"","site-post-title":"disabled","ast-breadcrumbs-content":"","ast-featured-img":"disabled","footer-sml-layout":"","theme-transparent-header-meta":"default","adv-header-id-meta":"","stick-header-meta":"","header-above-stick-meta":"","header-main-stick-meta":"","header-below-stick-meta":"","astra-migrate-meta-layouts":"set","ast-page-background-enabled":"default","ast-page-background-meta":{"desktop":{"background-color":"var(--ast-global-color-5)","background-image":"","background-repeat":"repeat","background-position":"center center","background-size":"auto","background-attachment":"scroll","background-type":"","background-media":"","overlay-type":"","overlay-color":"","overlay-opacity":"","overlay-gradient":""},"tablet":{"background-color":"","background-image":"","background-repeat":"repeat","background-position":"center center","background-size":"auto","background-attachment":"scroll","background-type":"","background-media":"","overlay-type":"","overlay-color":"","overlay-opacity":"","overlay-gradient":""},"mobile":{"background-color":"","background-image":"","background-repeat":"repeat","background-position":"center center","background-size":"auto","background-attachment":"scroll","background-type":"","background-media":"","overlay-type":"","overlay-color":"","overlay-opacity":"","overlay-gradient":""}},"ast-content-background-meta":{"desktop":{"background-color":"var(--ast-global-color-4)","background-image":"","background-repeat":"repeat","background-position":"center center","background-size":"auto","background-attachment":"scroll","background-type":"","background-media":"","overlay-type":"","overlay-color":"","overlay-opacity":"","overlay-gradient":""},"tablet":{"background-color":"var(--ast-global-color-4)","background-image":"","background-repeat":"repeat","background-position":"center center","background-size":"auto","background-attachment":"scroll","background-type":"","background-media":"","overlay-type":"","overlay-color":"","overlay-opacity":"","overlay-gradient":""},"mobile":{"background-color":"var(--ast-global-color-4)","background-image":"","background-repeat":"repeat","background-position":"center center","background-size":"auto","background-attachment":"scroll","background-type":"","background-media":"","overlay-type":"","overlay-color":"","overlay-opacity":"","overlay-gradient":""}},"footnotes":""},"class_list":["post-32","page","type-page","status-publish","hentry"],"_links":{"self":[{"href":"https:\/\/p3000.info\/index.php\/wp-json\/wp\/v2\/pages\/32","targetHints":{"allow":["GET"]}}],"collection":[{"href":"https:\/\/p3000.info\/index.php\/wp-json\/wp\/v2\/pages"}],"about":[{"href":"https:\/\/p3000.info\/index.php\/wp-json\/wp\/v2\/types\/page"}],"author":[{"embeddable":true,"href":"https:\/\/p3000.info\/index.php\/wp-json\/wp\/v2\/users\/1"}],"replies":[{"embeddable":true,"href":"https:\/\/p3000.info\/index.php\/wp-json\/wp\/v2\/comments?post=32"}],"version-history":[{"count":9,"href":"https:\/\/p3000.info\/index.php\/wp-json\/wp\/v2\/pages\/32\/revisions"}],"predecessor-version":[{"id":411,"href":"https:\/\/p3000.info\/index.php\/wp-json\/wp\/v2\/pages\/32\/revisions\/411"}],"wp:attachment":[{"href":"https:\/\/p3000.info\/index.php\/wp-json\/wp\/v2\/media?parent=32"}],"curies":[{"name":"wp","href":"https:\/\/api.w.org\/{rel}","templated":true}]}}