{"id":412,"date":"2025-11-16T16:47:39","date_gmt":"2025-11-16T16:47:39","guid":{"rendered":"https:\/\/p3000.info\/?page_id=412"},"modified":"2025-11-16T16:51:55","modified_gmt":"2025-11-16T16:51:55","slug":"carta-a-los-gobiernos","status":"publish","type":"page","link":"https:\/\/p3000.info\/index.php\/carta-a-los-gobiernos\/","title":{"rendered":"Carta a los gobiernos"},"content":{"rendered":"<p>[vc_row full_width=&#8221;stretch_row_content_no_spaces&#8221;][vc_column][vc_single_image image=&#8221;17&#8243; img_size=&#8221;full&#8221;][\/vc_column][\/vc_row][vc_row css=&#8221;.vc_custom_1591309789423{margin-bottom: 20px !important;}&#8221;][vc_column width=&#8221;3\/4&#8243; css=&#8221;.vc_custom_1593959406816{padding-left: 35px !important;}&#8221;][vc_custom_heading text=&#8221;Carta a los Gobiernos&#8221; font_container=&#8221;tag:h1|font_size:40px|text_align:left|line_height:50px&#8221; use_theme_fonts=&#8221;yes&#8221; css_animation=&#8221;fadeInUp&#8221;][vc_column_text css=&#8221;.vc_custom_1763311805425{margin-top: 33px !important;}&#8221;]<\/p>\n<h2><strong>22 Pasos Sencillos, para una Educaci\u00f3n Integral\u00a0y la Cultura de Paz en todo el Planeta<\/strong><\/h2>\n<p>Documento elaborado por Pedagooogia 3000\u00ae el 21 de marzo de 2013. Honrando nuestras ra\u00edces, culturas y ecolog\u00edas, proyectando activamente el futuro y viviendo plenamente el presente.<\/p>\n<p>Se\u00f1ores y Se\u00f1oras Dirigentes de los Pa\u00edses del Mundo<br \/>\nMinistros y Ministras de Educaci\u00f3n y Culturas del Mundo:<\/p>\n<p>Es un honor y un placer hacerles llegar esta Carta y presentarles 22 Pasos Sencillos y Pr\u00e1cticos para ayudar a definir ejes educacionales que permitan una mejora sustancial de los sistemas educativos y de la sociedad en general.<\/p>\n<p>Como integrantes de Pedagooog\u00eda 3000\u00ae y Enlace Mundial para una Nueva Educaci\u00f3n, nuestro prop\u00f3sito y deseo es colaborar en todo aquello que beneficie y aporte para la renovaci\u00f3n de la Educaci\u00f3n a nivel local, regional, mundial:<\/p>\n<p>\u2022 Por la gran responsabilidad que enfrentan los Gobiernos y Ministerios de Educaci\u00f3n y Culturas del Mundo en cuanto a sus respectivos sistemas educativos.<br \/>\n\u2022 Por los billones de ni\u00f1os\/as y j\u00f3venes que tienen que ser entendidos y atendidos en toda su dignidad, capacidad, talentos y dones.<br \/>\n\u2022 Por los r\u00e1pidos cambios neurofisiol\u00f3gicos, psico-emocionales y cognitivos de los ni\u00f1os\/as y j\u00f3venes de hoy, seg\u00fan lo reportan tanto pediatras y neur\u00f3logos como psic\u00f3logos y pedagogos.<br \/>\n\u2022 Por los r\u00e1pidos cambios de la misma sociedad, tecnolog\u00eda, medios de comunicaci\u00f3n y por los paradigmas de paz y solidaridad de este Milenio.<br \/>\n\u2022 Y por el deseo innato del ser humano hacia la plenitud y la paz personal y global.<\/p>\n<p>Respetuosamente y de coraz\u00f3n, a continuaci\u00f3n, sugerimos t\u00e9cnicas sencillas que pueden mejorar sustancialmente el sistema educativo de sus respectivos pa\u00edses, disminuyendo el abandono y el fracaso escolar, las delincuencias y los gastos de rehabilitaci\u00f3n social, ganando en cambio ciudadanos felices, responsables y creativos en todas las instituciones educativas.<\/p>\n<h2><\/h2>\n<h2>FASE I: A CORTO PLAZO y de manera urgente Educaci\u00f3n de Emergencia de Transici\u00f3n, EET<\/h2>\n<p>&nbsp;<\/p>\n<p>1. Proveer t\u00e9cnicas anti estr\u00e9s para profesores\/as, personal administrativo de los colegios y para las famlias.<\/p>\n<p><em><strong>Un profesor relajado es diez veces m\u00e1s creativo, paciente y eficaz.<\/strong><\/em><\/p>\n<p>2. Permitir ejercicios de distensi\u00f3n al menos cada 30 minutos, Brain Gym (kinesiolog\u00eda educativa o gimnasia cerebral), danzas y movimientos de todo tipo, ejercicios f\u00edsicos y t\u00e9cnicas anti estr\u00e9s para ni\u00f1os\/as y beber agua.<\/p>\n<p><em><strong>El pensamiento y el aprendizaje se anclan con el movimiento.<\/strong><\/em><\/p>\n<p>3. Favorecer todas las formas de Arte en todos los establecimientos escolares.<br \/>\nBelleza y armon\u00eda son indispensables para el desarrollo del ser humano.<\/p>\n<p><em><strong>Equilibran los dos hemisferios cerebrales incrementando as\u00ed resultados escolares positivos.<\/strong><\/em><\/p>\n<p>4. Incentivar actividades diarias para desarrollar la Inteligencia Emocional: c\u00edrculos de escucha, autoestima, pensamiento positivo, respiraci\u00f3n consciente\u2026<\/p>\n<p><em><strong>El Coeficiente Emocional es m\u00e1s importante que el Coeficiente Intelectual en relaci\u00f3n al \u00e9xito, el rendimiento y la calidad de vida de las personas.<\/strong><\/em><\/p>\n<p>5. Permitir que lo cognitivo sea: experimental, autodidacta, pr\u00e1ctico, activo y divertido.<\/p>\n<p><em><strong>Aprendo haciendo, aprendo descubriendo, aprendo ense\u00f1ando.<\/strong><\/em><\/p>\n<p>6. Ofrecer una selecci\u00f3n de talleres multidisciplinares extra-escolares seg\u00fan el inter\u00e9s de los estudiantes.<\/p>\n<p><em><strong>Ampl\u00edo mis conocimientos seg\u00fan mis intereses y talentos.<\/strong><\/em><\/p>\n<p>7. Favorecer deportes \u2013 no competitivos, lo m\u00e1s cooperativos posible- en todas sus formas seg\u00fan las inclinaciones de los ni\u00f1os, ni\u00f1as y j\u00f3venes: f\u00fatbol con ejercicios de respiraci\u00f3n, capoeira, artes marciales, nataci\u00f3n, escalada, salidas al campo, etc.<\/p>\n<p><em><strong>Cuerpo sano, emociones sanas, mente sana, esp\u00edritu en paz.<\/strong><\/em><\/p>\n<p>8. Desarrollar la ecolog\u00eda aplicada: sembrar toda clase de plantas y \u00e1rboles, reconocer plantas medicinales, hacer huertos escolares, manejar de forma sustentable el entorno en todos los centros educativos, incluyendo jardines de infancia.<\/p>\n<p><em><strong>El contacto con la Tierra es sanador y ense\u00f1a la solidaridad.<\/strong><\/em><\/p>\n<p>9. Erradicar los abusos f\u00edsicos y psicol\u00f3gicos a cualquier edad, haciendo prevalecer el respeto mutuo y el di\u00e1logo.<\/p>\n<p><em><strong>Tratando con cari\u00f1o a un ni\u00f1o \/a, le permitimos que despliegue sus talentos y dones, refuerce su auto-estima y crezca arm\u00f3nicamente para toda la vida.<\/strong><\/em><\/p>\n<p>&nbsp;<\/p>\n<h2>FASE II: A MEDIO PLAZO<br \/>\nEducaci\u00f3n Preventiva Integral, EPI<\/h2>\n<p>&nbsp;<\/p>\n<p>10. Actualizar la Formaci\u00f3n B\u00e1sica de los maestros\/as, profesores\/as y los Departamentos de Ciencias de la Educaci\u00f3n: en contenidos, metodolog\u00edas y objetivos. Con actualizaciones constantes por los cambios permanentes que ocurren actualmente.<\/p>\n<p><em><strong>La Educaci\u00f3n del siglo XXI no funciona con la informaci\u00f3n del siglo XIX.<\/strong><\/em><\/p>\n<p>11. Dise\u00f1ar e implementar una Formaci\u00f3n-Actualizaci\u00f3n en Ciclos cortos para \u201ctalleristas \/ acompa\u00f1antes pedag\u00f3gicos\u201d multi-disciplinarios, de apoyo a los docentes, creando puestos de trabajo para los j\u00f3venes y dando espacio a su creatividad pedag\u00f3gica.<\/p>\n<p><em><strong>Los j\u00f3venes son excelentes pedagogos para los ni\u00f1os\/as de ahora.<\/strong><\/em><\/p>\n<p>12. Apoyar (incluyendo el aspecto legal) a padres\/madres, profesores\/as o responsables de escuelas que est\u00e1n realizando actividades educativas experimentales, alternativas o complementarias.<\/p>\n<p><em><strong>La Educaci\u00f3n es responsabilidad de todos los ciudadanos\/as.<\/strong><\/em><\/p>\n<p>13. Cambiar los deberes \/ tareas tradicionales por investigaci\u00f3n, elaboraci\u00f3n y aplicaci\u00f3n de proyectos, actividades autodidactas, juegos did\u00e1cticos y exposiciones\/presentaciones de resultados de manera creativa.<\/p>\n<p><em><strong>Los deberes aburridos del siglo pasado son contraproducentes.<\/strong><\/em><br \/>\n<em><strong>Deben ser activos, atractivos, divertidos y productivos.<\/strong><\/em><\/p>\n<p>14. Complementar los ex\u00e1menes con proyectos y exposiciones que ayuden a la evoluci\u00f3n de cada ser humano, la sociedad y el Planeta.<\/p>\n<p><em><strong>Los ex\u00e1menes deben reflejar las verdaderas aptitudes de los estudiantes y ser multidisciplinarios, considerando las Inteligencias M\u00faltiples.<\/strong><\/em><\/p>\n<p>15. Crear planes y programas escolares (curr\u00edculo o curriculum) flexibles y ajustados a la realidad que est\u00e1 cambiando con rapidez. Dar m\u00e1s opciones a los profesores y a los estudiantes en cuanto a lo que desean aprender y hacer.<\/p>\n<p><em><strong>Nuevos contenidos, nueva pedagog\u00eda, nuevas herramientas metodol\u00f3gicas <\/strong><\/em><em><strong>y nuevas metas.<\/strong><\/em><\/p>\n<p>16. Utilizar y co-crear material audio-visual de apoyo y complementario en las propuestas de aprendizajes escolares.<\/p>\n<p><em><strong>Los conocimientos y aprendizajes se amplian desde lo visual y lo pr\u00e1ctico.<\/strong><\/em><\/p>\n<p>17. Desarrollar e implementar juegos integrales interactivos, multiculturales y cooperativos.<\/p>\n<p><em><strong>Lo l\u00fadico y lo colaborativo har\u00e1n ni\u00f1os\/as felices y solidarios,<\/strong><\/em><br \/>\n<em><strong>desembocando as\u00ed en una verdadera Cultura de Paz.<\/strong><\/em><\/p>\n<p>18. Desarrollar programas piloto de alimentaci\u00f3n y nutrici\u00f3n sana. Los procesos metab\u00f3licos de los ni\u00f1os, ni\u00f1as y j\u00f3venes han cambiado\u2026<\/p>\n<p><em><strong>Una comida sana ayuda a todos\/as y, junto al deporte diario, disminuyen eficazmente la Hiperactividad y el D\u00e9ficit de Atenci\u00f3n (ADDH).<\/strong><\/em><\/p>\n<p>19. Asegurar una hora m\u00ednima diaria de actividad f\u00edsica integral y divertida en todos los centros educativos. Y sistematizar momentos de relajaci\u00f3n e interiorizaci\u00f3n en las escuelas (a adaptar seg\u00fan la cultura local).<\/p>\n<p><em><strong>Cuerpo sano, emociones sanas, ideas brillantes.<\/strong><\/em><\/p>\n<p>20. Retroalimentar, sistematizar y ampliar lo introducido en la Fase I, acompa\u00f1ado de intercambios de experiencias con otras instituciones y otros pa\u00edses. Ampliar la educaci\u00f3n ecol\u00f3gica e introducir la permacultura en los establecimientos escolares.<\/p>\n<p><em><strong>Aprendemos mutuamente de forma constante.<\/strong><\/em><\/p>\n<p>&nbsp;<\/p>\n<h2>FASE III: A LARGO PLAZO<br \/>\nSocio-Multi-Educaci\u00f3n para todos\/as, SME<\/h2>\n<p>&nbsp;<\/p>\n<p>21. Crear sistem\u00e1ticamente un Sistema Educativo Integral con la experiencia de la Fase II, llevando a cabo una educaci\u00f3n integral, ecol\u00f3gica, multicultural, activa y productiva. Insertar las escuelas en el barrio y en diferentes instituciones de la comunidad. La educaci\u00f3n se ampl\u00eda y extiende a todas las edades y sectores sociales.<\/p>\n<p><em><strong>Buscamos una educaci\u00f3n donde ganamos todos, siendo m\u00e1s felices y creativos.<\/strong><\/em><\/p>\n<p><em><strong>La educaci\u00f3n es permanente, desde la concepci\u00f3n hasta el \u00faltimo aliento.<\/strong><\/em><\/p>\n<p>22. Contar con un curr\u00edculo flexible y articulado, proyectos sociales, cient\u00edficos, t\u00e9cnicos, ecol\u00f3gicos, productivos y de interacci\u00f3n con la sociedad. Los estudiantes son protagonistas de sus aprendizajes, con \u00e9tica, consciencia social, ecol\u00f3gica y ciudadana.<\/p>\n<p><em><strong>La Educaci\u00f3n es integral, o no es Educaci\u00f3n.<\/strong><\/em><\/p>\n<p>Se\u00f1ores y Se\u00f1oras Gobernantes y Ministros y Ministras de Educaci\u00f3n y Cultura:<br \/>\nLo que proponemos y solicitamos es que este Programa sea considerado.<br \/>\nNo se requieren reformas costosas. Es un cambio de mentalidad que se puede dar en pasos concretos y pr\u00e1cticos de f\u00e1cil aplicaci\u00f3n-implementaci\u00f3n, que pueden asumir con entusiasmo los ciudadanos\/as y el cuerpo docente en sus respectivos pa\u00edses, para que juntos entendamos y atendamos el enorme potencial actual de la ni\u00f1ez y juventud.<\/p>\n<p>Vuestro apoyo, compromiso y visi\u00f3n de futuro son absolutamente necesarios para la nueva humanidad.<\/p>\n<p>Por tanto:<br \/>\n\u2022 Les expresan su agradecimiento los profesores\/as de su pa\u00eds y regi\u00f3n, por tener menos estr\u00e9s y disfrutar de su vocaci\u00f3n.<br \/>\n\u2022 Les expresan su agradecimiento los padres, las madres de familia por tener la dicha de criar y educar juntos\/as a sus hijos\/as con el coraz\u00f3n.<br \/>\n\u2022 Les expresan su agradecimiento los beb\u00e9s, ni\u00f1os\/as y j\u00f3venes por tener el espacio para ser felices y creativos.<br \/>\n\u2022 Y la sociedad en general les agradece por permitir que emerjan los futuros cient\u00edficos, ecologistas, artistas, geopol\u00edticos y dem\u00e1s profesionales, con \u00e9tica, compromiso y solidaridad.<\/p>\n<p>Reiteramos que, el equipo de voluntarios integrantes de Pedagooog\u00eda 3000\u00ae y EME, Enlace Mundial para una Nueva Educaci\u00f3n \u2013 que estamos en m\u00e1s de 50 pa\u00edses- estamos fielmente comprometidos con esta tarea de co-educar y acompa\u00f1ar en nuevos aprendizajes a las nuevas y diferentes generaciones, re-educ\u00e1ndonos a nosotros mismos\/as, en equipo, colaborativamente, conscientes de la necesidad de cambio para que la nueva humanidad que est\u00e1 emergiendo, sea m\u00e1s respetuosa y sensible en el cuidado de la vida de nuestro planeta y co-creando la Cultura de Paz que todos los seres humanos anhelamos y necesitamos.<\/p>\n<p>Nuestros m\u00e1s profundos y sinceros agradecimientos, dese\u00e1ndoles \u00e9xito pleno en sus importantes misiones y funciones al servicio de sus pueblos y pa\u00edses.[\/vc_column_text][vc_custom_heading text=&#8221;Para los ni\u00f1os, ni\u00f1as y j\u00f3venes y los que est\u00e1n por venir<br \/>\nPara una humanidad fraterna<br \/>\nPara nuestro planeta Tierra<br \/>\nPara la Paz, la Armon\u00eda y la Unidad&#8221; font_container=&#8221;tag:h2|font_size:28px|text_align:center|line_height:33px&#8221; google_fonts=&#8221;font_family:Raleway%3A100%2C200%2C300%2Cregular%2C500%2C600%2C700%2C800%2C900|font_style:300%20light%20regular%3A300%3Anormal&#8221;][vc_custom_heading text=&#8221;La Paz, Bolivia, 21 de marzo de 2013&#8243; font_container=&#8221;tag:h2|font_size:18px|text_align:center|line_height:33px&#8221; google_fonts=&#8221;font_family:Raleway%3A100%2C200%2C300%2Cregular%2C500%2C600%2C700%2C800%2C900|font_style:300%20light%20regular%3A300%3Anormal&#8221;][vc_video link=&#8221;https:\/\/www.youtube.com\/watch?v=geolxMqEcPo&amp;t=98s&#8221; align=&#8221;center&#8221; css=&#8221;.vc_custom_1591925872957{margin-top: 50px !important;}&#8221;][\/vc_column][\/vc_row]<\/p>\n","protected":false},"excerpt":{"rendered":"<p>[vc_row full_width=&#8221;stretch_row_content_no_spaces&#8221;][vc_column][vc_single_image image=&#8221;17&#8243; img_size=&#8221;full&#8221;][\/vc_column][\/vc_row][vc_row css=&#8221;.vc_custom_1591309789423{margin-bottom: 20px !important;}&#8221;][vc_column width=&#8221;3\/4&#8243; css=&#8221;.vc_custom_1593959406816{padding-left: 35px !important;}&#8221;][vc_custom_heading text=&#8221;Carta a los Gobiernos&#8221; font_container=&#8221;tag:h1|font_size:40px|text_align:left|line_height:50px&#8221; use_theme_fonts=&#8221;yes&#8221; css_animation=&#8221;fadeInUp&#8221;][vc_column_text css=&#8221;.vc_custom_1763311805425{margin-top: 33px [&hellip;]<\/p>\n","protected":false},"author":1,"featured_media":0,"parent":0,"menu_order":0,"comment_status":"closed","ping_status":"closed","template":"","meta":{"site-sidebar-layout":"default","site-content-layout":"plain-container","ast-site-content-layout":"default","site-content-style":"default","site-sidebar-style":"default","ast-global-header-display":"","ast-banner-title-visibility":"","ast-main-header-display":"","ast-hfb-above-header-display":"","ast-hfb-below-header-display":"","ast-hfb-mobile-header-display":"","site-post-title":"disabled","ast-breadcrumbs-content":"","ast-featured-img":"","footer-sml-layout":"","theme-transparent-header-meta":"default","adv-header-id-meta":"","stick-header-meta":"","header-above-stick-meta":"","header-main-stick-meta":"","header-below-stick-meta":"","astra-migrate-meta-layouts":"set","ast-page-background-enabled":"default","ast-page-background-meta":{"desktop":{"background-color":"var(--ast-global-color-5)","background-image":"","background-repeat":"repeat","background-position":"center center","background-size":"auto","background-attachment":"scroll","background-type":"","background-media":"","overlay-type":"","overlay-color":"","overlay-opacity":"","overlay-gradient":""},"tablet":{"background-color":"","background-image":"","background-repeat":"repeat","background-position":"center center","background-size":"auto","background-attachment":"scroll","background-type":"","background-media":"","overlay-type":"","overlay-color":"","overlay-opacity":"","overlay-gradient":""},"mobile":{"background-color":"","background-image":"","background-repeat":"repeat","background-position":"center center","background-size":"auto","background-attachment":"scroll","background-type":"","background-media":"","overlay-type":"","overlay-color":"","overlay-opacity":"","overlay-gradient":""}},"ast-content-background-meta":{"desktop":{"background-color":"var(--ast-global-color-4)","background-image":"","background-repeat":"repeat","background-position":"center center","background-size":"auto","background-attachment":"scroll","background-type":"","background-media":"","overlay-type":"","overlay-color":"","overlay-opacity":"","overlay-gradient":""},"tablet":{"background-color":"var(--ast-global-color-4)","background-image":"","background-repeat":"repeat","background-position":"center center","background-size":"auto","background-attachment":"scroll","background-type":"","background-media":"","overlay-type":"","overlay-color":"","overlay-opacity":"","overlay-gradient":""},"mobile":{"background-color":"var(--ast-global-color-4)","background-image":"","background-repeat":"repeat","background-position":"center center","background-size":"auto","background-attachment":"scroll","background-type":"","background-media":"","overlay-type":"","overlay-color":"","overlay-opacity":"","overlay-gradient":""}},"footnotes":""},"class_list":["post-412","page","type-page","status-publish","hentry"],"_links":{"self":[{"href":"https:\/\/p3000.info\/index.php\/wp-json\/wp\/v2\/pages\/412","targetHints":{"allow":["GET"]}}],"collection":[{"href":"https:\/\/p3000.info\/index.php\/wp-json\/wp\/v2\/pages"}],"about":[{"href":"https:\/\/p3000.info\/index.php\/wp-json\/wp\/v2\/types\/page"}],"author":[{"embeddable":true,"href":"https:\/\/p3000.info\/index.php\/wp-json\/wp\/v2\/users\/1"}],"replies":[{"embeddable":true,"href":"https:\/\/p3000.info\/index.php\/wp-json\/wp\/v2\/comments?post=412"}],"version-history":[{"count":4,"href":"https:\/\/p3000.info\/index.php\/wp-json\/wp\/v2\/pages\/412\/revisions"}],"predecessor-version":[{"id":416,"href":"https:\/\/p3000.info\/index.php\/wp-json\/wp\/v2\/pages\/412\/revisions\/416"}],"wp:attachment":[{"href":"https:\/\/p3000.info\/index.php\/wp-json\/wp\/v2\/media?parent=412"}],"curies":[{"name":"wp","href":"https:\/\/api.w.org\/{rel}","templated":true}]}}