{"id":456,"date":"2026-03-13T18:54:26","date_gmt":"2026-03-13T18:54:26","guid":{"rendered":"https:\/\/p3000.info\/?page_id=456"},"modified":"2026-03-13T18:54:26","modified_gmt":"2026-03-13T18:54:26","slug":"declaracion-azul","status":"publish","type":"page","link":"https:\/\/p3000.info\/index.php\/declaracion-azul\/","title":{"rendered":"Declaracion Azul"},"content":{"rendered":"<p>[vc_row css=&#8221;.vc_custom_1591309789423{margin-bottom: 20px !important;}&#8221;][vc_column css=&#8221;.vc_custom_1593959406816{padding-left: 35px !important;}&#8221;][vc_custom_heading text=&#8221;Declaraci\u00f3n Azul<br \/>\nDeclaraci\u00f3n de los Ni\u00f1os y las Ni\u00f1as<br \/>\ndel Mundo para el Mundo&#8221; font_container=&#8221;tag:h1|font_size:40px|text_align:left|line_height:50px&#8221; use_theme_fonts=&#8221;yes&#8221; css_animation=&#8221;fadeInUp&#8221;][vc_column_text css=&#8221;.vc_custom_1773427610041{margin-top: 33px !important;}&#8221;]Nosotros, los ni\u00f1os y las ni\u00f1as de hoy y de ma\u00f1ana, nos presentamos ante ustedes<br \/>\npara recordarles la necesidad de cambiar la Educaci\u00f3n en el Planeta Tierra, este,<br \/>\nnuestro mundo. Muchos seres apoyan nuestra petici\u00f3n: beb\u00e9s, ni\u00f1as, ni\u00f1os, j\u00f3venes,<br \/>\nsomos millones, miles de millones\u2026 con miles de millones m\u00e1s por venir. Por favor,<br \/>\nescuchen nuestra petici\u00f3n y escuchen con el Coraz\u00f3n.<br \/>\nNosotros, los ni\u00f1os y las ni\u00f1as de hoy y de ma\u00f1ana<br \/>\nNosotros, los ni\u00f1os y las ni\u00f1as del Mundo<br \/>\nDeclaramos<br \/>\n\u2013 Que deseamos un mundo sin hambre.<br \/>\n\u2013 Que deseamos un mundo sin guerras.<br \/>\n\u2013 Que deseamos un mundo que cuide nuestra Tierra y a los animales.<br \/>\n\u2013 Que deseamos un Mundo de AMOR.<br \/>\nNosotros, los ni\u00f1os y las ni\u00f1as de hoy y de ma\u00f1ana<br \/>\nNosotros, los ni\u00f1os y las ni\u00f1as del Mundo<br \/>\nSolicitamos<br \/>\n1. Que el primer cambio en este mundo sea la EDUCACI\u00d3N, ya que tenemos que<br \/>\nir a la escuela casi todos los d\u00edas \u00a1y eso es mucho tiempo! Necesitamos una<br \/>\nEducaci\u00f3n que nos permita conectarnos con nosotros\/as mismos. Y necesitamos<br \/>\nser escuchados\/as.<br \/>\n2. Que la Educaci\u00f3n que recibimos sea<br \/>\n\u2013 \u00datil.<br \/>\n\u2013 Que nos prepare de verdad para la vida, para el presente y para el futuro.<br \/>\n\u2013 Que sea divertida, que no sea aburrida.<br \/>\n\u2013 Y que los profesores nos traten bien, que no nos griten ni juzguen.<br \/>\n3. Que la escuela<br \/>\n\u2013 Sea con amigos\/as.<br \/>\n\u2013 Nos deje ser felices, expresarnos y descubrir por nosotros\/as mismos, sin<br \/>\ncompetir.<br \/>\n\u2013 Sea con clases interesantes, teniendo en cuenta lo que queremos aprender.<br \/>\n\u2013 Nos ayude a desarrollar nuestros talentos.<br \/>\n4. Queremos y necesitamos<br \/>\n\u2013 Movernos, correr, saltar y disfrutar de un cuerpo saludable.<br \/>\n\u2013 Muchos conocimientos interesantes: estamos deseosos de aprender,<br \/>\naprender cosas nuevas y tecnolog\u00edas.<br \/>\n\u2013 Conocer el Mundo, los pa\u00edses y su gente; comunicarnos y lograr la Paz<br \/>\nMundial.<br \/>\n\u2013 Muchos espacios para crear, expresarnos, cantar, dibujar, pintar y bailar.<br \/>\n\u2013 Muchas actividades en la Naturaleza: que nos permitan tocar la tierra y el<br \/>\nagua, conocer las plantas, los animales, las rocas. Necesitamos conocer<br \/>\nnuestro Planeta para poder cuidarlo bien. Ese es nuestro compromiso.<br \/>\n\u2013 Mucha acci\u00f3n. Nos gusta hacer, construir, sentirnos \u00fatiles. Todo lo que<br \/>\naprendemos deseamos usarlo. No olviden que debemos ser pr\u00e1cticos, ya<br \/>\nque estamos aqu\u00ed para transformar muchas cosas.<br \/>\n\u2013 M\u00e1s que nunca, conectarnos con nosotros mismos. Queremos una conexi\u00f3n<br \/>\ndirecta con nuestro coraz\u00f3n. Necesitamos aprender temas profundos.<br \/>\nEntendemos muchas cosas. Perm\u00edtannos desarrollar \u201ctodo lo que sabemos\u201d.<br \/>\n5. Por favor, pedimos que nos vean como somos. Necesitamos dar y recibir AMOR.<br \/>\nSomos los ni\u00f1os y las ni\u00f1as del mundo, vamos a reconstruir la Sociedad y cuidar el<br \/>\nPlaneta. Si somos felices, lo haremos mejor, mucho mejor. Pedimos que ustedes los<br \/>\nadultos tambi\u00e9n sean felices, que jueguen, se r\u00edan y se diviertan con nosotros. Eso<br \/>\nnos hace felices, muy felices.<br \/>\n6. Les rogamos que nos cuiden de verdad<br \/>\n\u2013 Que nos dejen so\u00f1ar<br \/>\n\u2013 Que no nos apaguen<br \/>\n\u2013 Que no nos maltraten, que no nos peguen<br \/>\n\u2013 Que no nos corten las alas, que nos dejen volar<br \/>\n7. Y finalmente, solicitamos que nos ense\u00f1en<br \/>\n\u2013 Con Entusiasmo<br \/>\n\u2013 Y con la Verdad<br \/>\nY, sobre todo, si no nos comprenden completamente, simplemente \u00e1mennos, tanto<br \/>\ncomo nosotros les amamos a ustedes.<br \/>\nEste es nuestro ruego, el ruego de millones de ni\u00f1os y ni\u00f1as de ahora, y de los<br \/>\nmillones de ni\u00f1os y ni\u00f1as por venir, el ruego de la Tierra misma, el ruego de \u00e9sta y la<br \/>\npr\u00f3xima Humanidad.<br \/>\nSomos millones<br \/>\nSomos el futuro<br \/>\nSomos su esperanza<br \/>\nCon amor,[\/vc_column_text][vc_custom_heading text=&#8221;Los ni\u00f1os y las ni\u00f1as de hoy y de ma\u00f1ana<br \/>\nLos ni\u00f1os y las ni\u00f1as del Mundo<br \/>\nPara la Paz, la Armon\u00eda y la Unidad&#8221; font_container=&#8221;tag:h2|font_size:28px|text_align:center|line_height:33px&#8221; google_fonts=&#8221;font_family:Raleway%3A100%2C200%2C300%2Cregular%2C500%2C600%2C700%2C800%2C900|font_style:300%20light%20regular%3A300%3Anormal&#8221;][vc_custom_heading text=&#8221;Isla del Sol, 08\/08\/2015.&#8221; font_container=&#8221;tag:h2|font_size:18px|text_align:center|line_height:33px&#8221; google_fonts=&#8221;font_family:Raleway%3A100%2C200%2C300%2Cregular%2C500%2C600%2C700%2C800%2C900|font_style:300%20light%20regular%3A300%3Anormal&#8221;][vc_video link=&#8221;https:\/\/youtu.be\/2LEv2q6XqdU?si=3DLc61ll8HNIsPv6&#8243; align=&#8221;center&#8221; css=&#8221;.vc_custom_1773427888932{margin-top: 50px !important;}&#8221;][\/vc_column][\/vc_row][vc_row full_width=&#8221;stretch_row_content_no_spaces&#8221; css=&#8221;.vc_custom_1595173071586{margin-bottom: -66px !important;}&#8221;][vc_column][vc_single_image image=&#8221;132&#8243; img_size=&#8221;full&#8221;][\/vc_column][\/vc_row]<\/p>\n","protected":false},"excerpt":{"rendered":"<p>[vc_row css=&#8221;.vc_custom_1591309789423{margin-bottom: 20px !important;}&#8221;][vc_column css=&#8221;.vc_custom_1593959406816{padding-left: 35px !important;}&#8221;][vc_custom_heading text=&#8221;Declaraci\u00f3n Azul Declaraci\u00f3n de los Ni\u00f1os y las Ni\u00f1as del Mundo para el [&hellip;]<\/p>\n","protected":false},"author":1,"featured_media":0,"parent":0,"menu_order":0,"comment_status":"closed","ping_status":"closed","template":"","meta":{"site-sidebar-layout":"default","site-content-layout":"plain-container","ast-site-content-layout":"default","site-content-style":"default","site-sidebar-style":"default","ast-global-header-display":"","ast-banner-title-visibility":"","ast-main-header-display":"","ast-hfb-above-header-display":"","ast-hfb-below-header-display":"","ast-hfb-mobile-header-display":"","site-post-title":"","ast-breadcrumbs-content":"","ast-featured-img":"","footer-sml-layout":"","theme-transparent-header-meta":"default","adv-header-id-meta":"","stick-header-meta":"","header-above-stick-meta":"","header-main-stick-meta":"","header-below-stick-meta":"","astra-migrate-meta-layouts":"set","ast-page-background-enabled":"default","ast-page-background-meta":{"desktop":{"background-color":"var(--ast-global-color-5)","background-image":"","background-repeat":"repeat","background-position":"center center","background-size":"auto","background-attachment":"scroll","background-type":"","background-media":"","overlay-type":"","overlay-color":"","overlay-opacity":"","overlay-gradient":""},"tablet":{"background-color":"","background-image":"","background-repeat":"repeat","background-position":"center center","background-size":"auto","background-attachment":"scroll","background-type":"","background-media":"","overlay-type":"","overlay-color":"","overlay-opacity":"","overlay-gradient":""},"mobile":{"background-color":"","background-image":"","background-repeat":"repeat","background-position":"center center","background-size":"auto","background-attachment":"scroll","background-type":"","background-media":"","overlay-type":"","overlay-color":"","overlay-opacity":"","overlay-gradient":""}},"ast-content-background-meta":{"desktop":{"background-color":"var(--ast-global-color-4)","background-image":"","background-repeat":"repeat","background-position":"center center","background-size":"auto","background-attachment":"scroll","background-type":"","background-media":"","overlay-type":"","overlay-color":"","overlay-opacity":"","overlay-gradient":""},"tablet":{"background-color":"var(--ast-global-color-4)","background-image":"","background-repeat":"repeat","background-position":"center center","background-size":"auto","background-attachment":"scroll","background-type":"","background-media":"","overlay-type":"","overlay-color":"","overlay-opacity":"","overlay-gradient":""},"mobile":{"background-color":"var(--ast-global-color-4)","background-image":"","background-repeat":"repeat","background-position":"center center","background-size":"auto","background-attachment":"scroll","background-type":"","background-media":"","overlay-type":"","overlay-color":"","overlay-opacity":"","overlay-gradient":""}},"footnotes":""},"class_list":["post-456","page","type-page","status-publish","hentry"],"_links":{"self":[{"href":"https:\/\/p3000.info\/index.php\/wp-json\/wp\/v2\/pages\/456","targetHints":{"allow":["GET"]}}],"collection":[{"href":"https:\/\/p3000.info\/index.php\/wp-json\/wp\/v2\/pages"}],"about":[{"href":"https:\/\/p3000.info\/index.php\/wp-json\/wp\/v2\/types\/page"}],"author":[{"embeddable":true,"href":"https:\/\/p3000.info\/index.php\/wp-json\/wp\/v2\/users\/1"}],"replies":[{"embeddable":true,"href":"https:\/\/p3000.info\/index.php\/wp-json\/wp\/v2\/comments?post=456"}],"version-history":[{"count":1,"href":"https:\/\/p3000.info\/index.php\/wp-json\/wp\/v2\/pages\/456\/revisions"}],"predecessor-version":[{"id":457,"href":"https:\/\/p3000.info\/index.php\/wp-json\/wp\/v2\/pages\/456\/revisions\/457"}],"wp:attachment":[{"href":"https:\/\/p3000.info\/index.php\/wp-json\/wp\/v2\/media?parent=456"}],"curies":[{"name":"wp","href":"https:\/\/api.w.org\/{rel}","templated":true}]}}