{"id":461,"date":"2026-03-13T19:05:11","date_gmt":"2026-03-13T19:05:11","guid":{"rendered":"https:\/\/p3000.info\/?page_id=461"},"modified":"2026-03-13T19:10:18","modified_gmt":"2026-03-13T19:10:18","slug":"comite-cientifico","status":"publish","type":"page","link":"https:\/\/p3000.info\/index.php\/comite-cientifico\/","title":{"rendered":"Comit\u00e9 Cient\u00edfico"},"content":{"rendered":"<p>[vc_row css=&#8221;.vc_custom_1591309789423{margin-bottom: 20px !important;}&#8221;][vc_column css=&#8221;.vc_custom_1593959446971{padding-left: 35px !important;}&#8221;][vc_custom_heading text=&#8221;Comit\u00e9 Cient\u00edfico&#8221; font_container=&#8221;tag:h1|font_size:40px|text_align:center|line_height:50px&#8221; use_theme_fonts=&#8221;yes&#8221; css_animation=&#8221;fadeInUp&#8221;][vc_custom_heading text=&#8221;de la Red de Multi U 3000 4000 5000 por la Paz&#8221; font_container=&#8221;tag:h4|font_size:25px|text_align:center|line_height:50px&#8221; use_theme_fonts=&#8221;yes&#8221; css_animation=&#8221;fadeInUp&#8221;][vc_column_text css=&#8221;.vc_custom_1773428662041{margin-top: 33px !important;}&#8221;]<strong>Presentado por:<\/strong> <strong>Pedagooogia 3000\u00ae \/ Educatiooon 3000<\/strong> (P3000), una organizaci\u00f3n no gubernamental sin fines de lucro, que comenz\u00f3 en 2001. A la fecha, estamos vinculados a m\u00e1s de 50 pa\u00edses, con 3 Fundaciones y 6 Asociaciones (ONG), legalmente constituidas en 9 pa\u00edses. <strong>Nuestra Fundaci\u00f3n principal est\u00e1 ubicada en Uruguay<\/strong> y est\u00e1 aprobada por el Ministerio de Educaci\u00f3n y Cultura de Uruguay, es un Fundaci\u00f3n sin fines de lucro, con plena capacidad y personalidad jur\u00eddica otorgada a trav\u00e9s de la Resoluci\u00f3n del Ministerio de Educaci\u00f3n y Cultura del Uruguay \u201cRESOLUCION MEC 1360\/021\u201d del 26 de noviembre de 2021 de acuerdo con la ley N.\u00ba 17.163 y se inscribi\u00f3 en el Registro de las Asociaciones y Fundaciones con el N.\u00ba 197\/2021 el 02 de diciembre de 2021<\/p>\n<p><strong>El Comit\u00e9 Cient\u00edfico Multi U<\/strong><\/p>\n<p>Organizamos el siguiente Comit\u00e9 con el fin de respaldar los proyectos de P3000 y la Red Multi-U con el mejor especialista en cada pilar de la Multi U, ayudando en la consolidaci\u00f3n de nuestra curr\u00edcula y metodolog\u00eda de vanguardia, compartiendo nuestra visi\u00f3n, solidaridad y esp\u00edritu de unidad, y reuniendo las \u00faltimas innovaciones para cumplir con nuestra misi\u00f3n.<\/p>\n<p>En 2023, se conform\u00f3 el Comit\u00e9 Cient\u00edfico de la Red de Multi U 3000 4000 5000 por la Paz. A todas y todas que se juntaron a esta grande aventura, les mandamos nuestros m\u00e1s profundos agradecimientos.[\/vc_column_text][\/vc_column][\/vc_row][vc_row full_width=&#8221;stretch_row_content_no_spaces&#8221; css=&#8221;.vc_custom_1595173463501{margin-bottom: -66px !important;}&#8221;][vc_column][vc_single_image image=&#8221;132&#8243; img_size=&#8221;full&#8221;][\/vc_column][\/vc_row]<\/p>\n","protected":false},"excerpt":{"rendered":"<p>[vc_row css=&#8221;.vc_custom_1591309789423{margin-bottom: 20px !important;}&#8221;][vc_column css=&#8221;.vc_custom_1593959446971{padding-left: 35px !important;}&#8221;][vc_custom_heading text=&#8221;Comit\u00e9 Cient\u00edfico&#8221; font_container=&#8221;tag:h1|font_size:40px|text_align:center|line_height:50px&#8221; use_theme_fonts=&#8221;yes&#8221; css_animation=&#8221;fadeInUp&#8221;][vc_custom_heading text=&#8221;de la Red de Multi U 3000 4000 [&hellip;]<\/p>\n","protected":false},"author":1,"featured_media":0,"parent":0,"menu_order":0,"comment_status":"closed","ping_status":"closed","template":"","meta":{"site-sidebar-layout":"default","site-content-layout":"plain-container","ast-site-content-layout":"default","site-content-style":"default","site-sidebar-style":"default","ast-global-header-display":"","ast-banner-title-visibility":"","ast-main-header-display":"","ast-hfb-above-header-display":"","ast-hfb-below-header-display":"","ast-hfb-mobile-header-display":"","site-post-title":"","ast-breadcrumbs-content":"","ast-featured-img":"","footer-sml-layout":"","theme-transparent-header-meta":"default","adv-header-id-meta":"","stick-header-meta":"","header-above-stick-meta":"","header-main-stick-meta":"","header-below-stick-meta":"","astra-migrate-meta-layouts":"set","ast-page-background-enabled":"default","ast-page-background-meta":{"desktop":{"background-color":"var(--ast-global-color-5)","background-image":"","background-repeat":"repeat","background-position":"center center","background-size":"auto","background-attachment":"scroll","background-type":"","background-media":"","overlay-type":"","overlay-color":"","overlay-opacity":"","overlay-gradient":""},"tablet":{"background-color":"","background-image":"","background-repeat":"repeat","background-position":"center center","background-size":"auto","background-attachment":"scroll","background-type":"","background-media":"","overlay-type":"","overlay-color":"","overlay-opacity":"","overlay-gradient":""},"mobile":{"background-color":"","background-image":"","background-repeat":"repeat","background-position":"center center","background-size":"auto","background-attachment":"scroll","background-type":"","background-media":"","overlay-type":"","overlay-color":"","overlay-opacity":"","overlay-gradient":""}},"ast-content-background-meta":{"desktop":{"background-color":"var(--ast-global-color-4)","background-image":"","background-repeat":"repeat","background-position":"center center","background-size":"auto","background-attachment":"scroll","background-type":"","background-media":"","overlay-type":"","overlay-color":"","overlay-opacity":"","overlay-gradient":""},"tablet":{"background-color":"var(--ast-global-color-4)","background-image":"","background-repeat":"repeat","background-position":"center center","background-size":"auto","background-attachment":"scroll","background-type":"","background-media":"","overlay-type":"","overlay-color":"","overlay-opacity":"","overlay-gradient":""},"mobile":{"background-color":"var(--ast-global-color-4)","background-image":"","background-repeat":"repeat","background-position":"center center","background-size":"auto","background-attachment":"scroll","background-type":"","background-media":"","overlay-type":"","overlay-color":"","overlay-opacity":"","overlay-gradient":""}},"footnotes":""},"class_list":["post-461","page","type-page","status-publish","hentry"],"_links":{"self":[{"href":"https:\/\/p3000.info\/index.php\/wp-json\/wp\/v2\/pages\/461","targetHints":{"allow":["GET"]}}],"collection":[{"href":"https:\/\/p3000.info\/index.php\/wp-json\/wp\/v2\/pages"}],"about":[{"href":"https:\/\/p3000.info\/index.php\/wp-json\/wp\/v2\/types\/page"}],"author":[{"embeddable":true,"href":"https:\/\/p3000.info\/index.php\/wp-json\/wp\/v2\/users\/1"}],"replies":[{"embeddable":true,"href":"https:\/\/p3000.info\/index.php\/wp-json\/wp\/v2\/comments?post=461"}],"version-history":[{"count":4,"href":"https:\/\/p3000.info\/index.php\/wp-json\/wp\/v2\/pages\/461\/revisions"}],"predecessor-version":[{"id":465,"href":"https:\/\/p3000.info\/index.php\/wp-json\/wp\/v2\/pages\/461\/revisions\/465"}],"wp:attachment":[{"href":"https:\/\/p3000.info\/index.php\/wp-json\/wp\/v2\/media?parent=461"}],"curies":[{"name":"wp","href":"https:\/\/api.w.org\/{rel}","templated":true}]}}