{"id":488,"date":"2026-04-06T16:14:47","date_gmt":"2026-04-06T16:14:47","guid":{"rendered":"https:\/\/p3000.info\/?page_id=488"},"modified":"2026-04-06T16:27:58","modified_gmt":"2026-04-06T16:27:58","slug":"landing_page3000","status":"publish","type":"page","link":"https:\/\/p3000.info\/index.php\/landing_page3000\/","title":{"rendered":"Landing_page3000"},"content":{"rendered":"<p>[vc_row full_width=&#8221;stretch_row_content_no_spaces&#8221;][vc_column][vc_single_image image=&#8221;495&#8243; img_size=&#8221;full&#8221; alignment=&#8221;center&#8221;][vc_custom_heading text=&#8221;\u00a1Disfruta de la Educaci\u00f3n que deseas, recibiendo las herramientas que necesitas!&#8221; font_container=&#8221;tag:h2|text_align:center&#8221; google_fonts=&#8221;font_family:Raleway%3A100%2C200%2C300%2Cregular%2C500%2C600%2C700%2C800%2C900|font_style:400%20regular%3A400%3Anormal&#8221;][\/vc_column][\/vc_row][vc_row][vc_column][vc_separator color=&#8221;sky&#8221; style=&#8221;shadow&#8221; border_width=&#8221;2&#8243;][\/vc_column][\/vc_row][vc_row][vc_column width=&#8221;1\/2&#8243;][vc_custom_heading text=&#8221;www.P3000.info&#8221; font_container=&#8221;tag:h2|text_align:center&#8221; google_fonts=&#8221;font_family:Raleway%3A100%2C200%2C300%2Cregular%2C500%2C600%2C700%2C800%2C900|font_style:400%20regular%3A400%3Anormal&#8221;][vc_column_text css=&#8221;.vc_custom_1775490432918{margin-top: 20px !important;}&#8221;]<\/p>\n<ul>\n<li>Pedagooogia 3000 es una invitaci\u00f3n y sinergia mundial para co-crear juntos y juntas una Educaci\u00f3n con consciencia.<\/li>\n<li>Impulsa un sistema de aprendizaje mutuo, cooperativo, integral, pro-activo, multicultural, de alto nivel, ecol\u00f3gico, humano, afectivo y divertido, que construye las bases de una s\u00f3lida Cultura de Paz en todo el mundo.<\/li>\n<li>P3000 es un movimiento educativo, social, cient\u00edfico y divulgativo que abre espacios de di\u00e1logo, formaci\u00f3n y experimentaci\u00f3n.<\/li>\n<\/ul>\n<p>[\/vc_column_text][\/vc_column][vc_column width=&#8221;1\/2&#8243;][vc_custom_heading text=&#8221;www.P40005000.info&#8221; font_container=&#8221;tag:h2|text_align:center&#8221; google_fonts=&#8221;font_family:Raleway%3A100%2C200%2C300%2Cregular%2C500%2C600%2C700%2C800%2C900|font_style:400%20regular%3A400%3Anormal&#8221;][\/vc_column][\/vc_row][vc_row][vc_column][vc_separator color=&#8221;sky&#8221; style=&#8221;shadow&#8221; border_width=&#8221;2&#8243;][\/vc_column][\/vc_row][vc_row][vc_column width=&#8221;1\/2&#8243;][vc_custom_heading text=&#8221;www.pooortal.info&#8221; font_container=&#8221;tag:h2|text_align:center&#8221; google_fonts=&#8221;font_family:Raleway%3A100%2C200%2C300%2Cregular%2C500%2C600%2C700%2C800%2C900|font_style:400%20regular%3A400%3Anormal&#8221;][vc_column_text css=&#8221;.vc_custom_1775491235562{margin-top: 20px !important;}&#8221;]<\/p>\n<ul>\n<li>Somos organizaciones sin \u00e1nimo de lucro que, en sinergia, creamos una nueva educaci\u00f3n, m\u00e1s humana, m\u00e1s divertida y m\u00e1s creativa, que promueve el desarrollo integral y multidimensional de las personas y la sociedad.<\/li>\n<li>Les invitamos a abrir caminos para ni\u00f1os felices, proactivos, creativos y responsables, as\u00ed como para docentes y familias que disfruten de un ambiente libre de estr\u00e9s, lleno de amor y entusiasmo.<\/li>\n<li>Estamos creando una educaci\u00f3n que realmente nos prepara para construir una nueva sociedad, con una cultura de paz duradera y un profundo respeto por el planeta.<\/li>\n<\/ul>\n<p>[\/vc_column_text][\/vc_column][vc_column width=&#8221;1\/2&#8243;][vc_custom_heading text=&#8221;www.MultiU3000.info&#8221; font_container=&#8221;tag:h2|text_align:center&#8221; google_fonts=&#8221;font_family:Raleway%3A100%2C200%2C300%2Cregular%2C500%2C600%2C700%2C800%2C900|font_style:400%20regular%3A400%3Anormal&#8221;][vc_column_text css=&#8221;.vc_custom_1775491220370{margin-top: 20px !important;}&#8221;]<\/p>\n<ul>\n<li>Somos una red de centros, multi-educativos, multi-niveles, multiculturales y multifac\u00e9ticos. Ofrecemos y co-creamos juntos y juntas materias innovadoras y complementarias, orientadas a la re-co-construcci\u00f3n de una sociedad de paz y solidaridad, con protagonistas fraternos, pro-activos, colaborativos y felices y que cuide responsablemente a su planeta.<\/li>\n<li>Co-creaci\u00f3n, En efecto, desde un punto social y antropol\u00f3gico, estamos asistiendo -m\u00e1s que eso, estamos co-construyendo activamente- una nueva Sociedad, co-creada en solidaridad con conciencia, escucha mutua, respeto, cuidado y auto-cuidado que llevar\u00e1 la humanidad a su pr\u00f3ximo nivel de evoluci\u00f3n (o Re-Evoluci\u00f3n).<\/li>\n<\/ul>\n<p>[\/vc_column_text][\/vc_column][\/vc_row][vc_row][vc_column][vc_separator color=&#8221;sky&#8221; style=&#8221;shadow&#8221; border_width=&#8221;2&#8243;][\/vc_column][\/vc_row][vc_row][vc_column width=&#8221;1\/2&#8243;][vc_custom_heading text=&#8221;Cursos en Linea&#8221; font_container=&#8221;tag:h2|text_align:center&#8221; google_fonts=&#8221;font_family:Raleway%3A100%2C200%2C300%2Cregular%2C500%2C600%2C700%2C800%2C900|font_style:400%20regular%3A400%3Anormal&#8221;][vc_column_text css=&#8221;.vc_custom_1775490927875{margin-top: 20px !important;}&#8221;]Plataforma de Cursos de la Multi U 3000 4000 5000 de Pedagooogia 3000 \/ Educatiooon 3000 Cursos cortos para le tercer milenio Novedades, actualizaci\u00f3n, e informaci\u00f3n pr\u00e1ctica para co-crear una nueva sociedad, de paz, solidaridad y alegr\u00eda. Juntos y juntas Ahora[\/vc_column_text][\/vc_column][vc_column width=&#8221;1\/2&#8243;][vc_custom_heading text=&#8221;www.educatiooon3000.info&#8221; font_container=&#8221;tag:h2|text_align:center&#8221; google_fonts=&#8221;font_family:Raleway%3A100%2C200%2C300%2Cregular%2C500%2C600%2C700%2C800%2C900|font_style:400%20regular%3A400%3Anormal&#8221;][vc_column_text css=&#8221;.vc_custom_1775490977826{margin-top: 20px !important;}&#8221;]P\u00e1gina web de Pedagooogia 3000 en Ingles[\/vc_column_text][\/vc_column][\/vc_row][vc_row full_width=&#8221;stretch_row_content_no_spaces&#8221;][vc_column][vc_single_image image=&#8221;494&#8243; img_size=&#8221;full&#8221; alignment=&#8221;center&#8221;][\/vc_column][\/vc_row]<\/p>\n","protected":false},"excerpt":{"rendered":"<p>[vc_row full_width=&#8221;stretch_row_content_no_spaces&#8221;][vc_column][vc_single_image image=&#8221;495&#8243; img_size=&#8221;full&#8221; alignment=&#8221;center&#8221;][vc_custom_heading text=&#8221;\u00a1Disfruta de la Educaci\u00f3n que deseas, recibiendo las herramientas que necesitas!&#8221; font_container=&#8221;tag:h2|text_align:center&#8221; google_fonts=&#8221;font_family:Raleway%3A100%2C200%2C300%2Cregular%2C500%2C600%2C700%2C800%2C900|font_style:400%20regular%3A400%3Anormal&#8221;][\/vc_column][\/vc_row][vc_row][vc_column][vc_separator color=&#8221;sky&#8221; style=&#8221;shadow&#8221; [&hellip;]<\/p>\n","protected":false},"author":1,"featured_media":0,"parent":0,"menu_order":0,"comment_status":"closed","ping_status":"closed","template":"","meta":{"site-sidebar-layout":"default","site-content-layout":"plain-container","ast-site-content-layout":"default","site-content-style":"default","site-sidebar-style":"default","ast-global-header-display":"","ast-banner-title-visibility":"","ast-main-header-display":"","ast-hfb-above-header-display":"","ast-hfb-below-header-display":"","ast-hfb-mobile-header-display":"","site-post-title":"disabled","ast-breadcrumbs-content":"","ast-featured-img":"","footer-sml-layout":"","theme-transparent-header-meta":"default","adv-header-id-meta":"","stick-header-meta":"","header-above-stick-meta":"","header-main-stick-meta":"","header-below-stick-meta":"","astra-migrate-meta-layouts":"set","ast-page-background-enabled":"default","ast-page-background-meta":{"desktop":{"background-color":"var(--ast-global-color-5)","background-image":"","background-repeat":"repeat","background-position":"center center","background-size":"auto","background-attachment":"scroll","background-type":"","background-media":"","overlay-type":"","overlay-color":"","overlay-opacity":"","overlay-gradient":""},"tablet":{"background-color":"","background-image":"","background-repeat":"repeat","background-position":"center center","background-size":"auto","background-attachment":"scroll","background-type":"","background-media":"","overlay-type":"","overlay-color":"","overlay-opacity":"","overlay-gradient":""},"mobile":{"background-color":"","background-image":"","background-repeat":"repeat","background-position":"center center","background-size":"auto","background-attachment":"scroll","background-type":"","background-media":"","overlay-type":"","overlay-color":"","overlay-opacity":"","overlay-gradient":""}},"ast-content-background-meta":{"desktop":{"background-color":"var(--ast-global-color-4)","background-image":"","background-repeat":"repeat","background-position":"center center","background-size":"auto","background-attachment":"scroll","background-type":"","background-media":"","overlay-type":"","overlay-color":"","overlay-opacity":"","overlay-gradient":""},"tablet":{"background-color":"var(--ast-global-color-4)","background-image":"","background-repeat":"repeat","background-position":"center center","background-size":"auto","background-attachment":"scroll","background-type":"","background-media":"","overlay-type":"","overlay-color":"","overlay-opacity":"","overlay-gradient":""},"mobile":{"background-color":"var(--ast-global-color-4)","background-image":"","background-repeat":"repeat","background-position":"center center","background-size":"auto","background-attachment":"scroll","background-type":"","background-media":"","overlay-type":"","overlay-color":"","overlay-opacity":"","overlay-gradient":""}},"footnotes":""},"class_list":["post-488","page","type-page","status-publish","hentry"],"_links":{"self":[{"href":"https:\/\/p3000.info\/index.php\/wp-json\/wp\/v2\/pages\/488","targetHints":{"allow":["GET"]}}],"collection":[{"href":"https:\/\/p3000.info\/index.php\/wp-json\/wp\/v2\/pages"}],"about":[{"href":"https:\/\/p3000.info\/index.php\/wp-json\/wp\/v2\/types\/page"}],"author":[{"embeddable":true,"href":"https:\/\/p3000.info\/index.php\/wp-json\/wp\/v2\/users\/1"}],"replies":[{"embeddable":true,"href":"https:\/\/p3000.info\/index.php\/wp-json\/wp\/v2\/comments?post=488"}],"version-history":[{"count":11,"href":"https:\/\/p3000.info\/index.php\/wp-json\/wp\/v2\/pages\/488\/revisions"}],"predecessor-version":[{"id":502,"href":"https:\/\/p3000.info\/index.php\/wp-json\/wp\/v2\/pages\/488\/revisions\/502"}],"wp:attachment":[{"href":"https:\/\/p3000.info\/index.php\/wp-json\/wp\/v2\/media?parent=488"}],"curies":[{"name":"wp","href":"https:\/\/api.w.org\/{rel}","templated":true}]}}