{"id":539,"date":"2026-04-28T14:53:31","date_gmt":"2026-04-28T14:53:31","guid":{"rendered":"https:\/\/p3000.info\/?page_id=539"},"modified":"2026-04-28T14:53:31","modified_gmt":"2026-04-28T14:53:31","slug":"donar","status":"publish","type":"page","link":"https:\/\/p3000.info\/index.php\/donar\/","title":{"rendered":"Donar"},"content":{"rendered":"<p>[vc_row][vc_column][vc_separator color=&#8221;blue&#8221; border_width=&#8221;2&#8243;][vc_custom_heading text=&#8221;Apoya nuestros Proyectos &#8211; Crowdfunding 2026 &#8211; Proyecto Multi U Bolivia&#8221; font_container=&#8221;tag:h1|font_size:40px|text_align:center|line_height:50px&#8221; use_theme_fonts=&#8221;yes&#8221; css_animation=&#8221;none&#8221;][\/vc_column][\/vc_row][vc_row][vc_column width=&#8221;1\/2&#8243;][vc_single_image image=&#8221;405&#8243; img_size=&#8221;large&#8221;][vc_single_image image=&#8221;406&#8243; img_size=&#8221;large&#8221;][\/vc_column][vc_column width=&#8221;1\/2&#8243;][vc_custom_heading text=&#8221;Crowdfunding para nuestra Universidad alternativa: la Multi U 3000 4000 5000 por la Paz &#8211; Bolivia&#8221; font_container=&#8221;tag:h3|text_align:left&#8221; google_fonts=&#8221;font_family:Raleway%3A100%2C200%2C300%2Cregular%2C500%2C600%2C700%2C800%2C900|font_style:400%20regular%3A400%3Anormal&#8221;][vc_column_text css=&#8221;.vc_custom_1761187932903{margin-top: 20px !important;}&#8221;]Queremos transformar la educaci\u00f3n y abrir caminos hacia una nueva humanidad, co-construyendo una una sociedad de paz y solidaridad, para todos los ni\u00f1os, j\u00f3venes, estudiantes de todas las edades y para quienes est\u00e1n por venir\u2026<\/p>\n<p>\u00bfT\u00fa tambi\u00e9n?<\/p>\n<p>Bienvenidos a la Multi U 3000 4000 5000 por la Paz &#8211; Bolivia, un proyecto de una Universidad alternativa de Pedagooogia 3000 \/ Educatiooon 3000.<\/p>\n<p>El objetivo es transformar la educaci\u00f3n en una educaci\u00f3n reconectadora, alegre y proactiva, orientada a la solidaridad, la cultura de paz y la ecolog\u00eda profunda.<\/p>\n<p>En la pr\u00e1ctica, el proyecto incluye:<\/p>\n<ol>\n<li>Establecer la Multi U piloto en Tiwanaku, Bolivia.<\/li>\n<li>Investigar sobre temas innovadores y no convencionales para complementar y enriquecer las universidades tradicionales. Establecer nuestra Curricula.<\/li>\n<li>Establecer un estudio multimedia para la producci\u00f3n audiovisual y la difusi\u00f3n masiva.<\/li>\n<\/ol>\n<p>\u00bfTe gustar\u00eda unirte a nosotros? Gracias por contribuir a nuestra campa\u00f1a de financiaci\u00f3n colectiva y hacer realidad nuestro sue\u00f1o colectivo.<\/p>\n<p>Con profunda gratitud,<\/p>\n<p>Noemi Paymal y equipo[\/vc_column_text][vc_btn title=&#8221;Donar Crowdfunding&#8221; color=&#8221;warning&#8221; align=&#8221;center&#8221; link=&#8221;url:https%3A%2F%2Fgofund.me%2F2074827d8||target:%20_blank|&#8221;][\/vc_column][\/vc_row][vc_row][vc_column][vc_separator color=&#8221;blue&#8221; border_width=&#8221;2&#8243;][\/vc_column][\/vc_row][vc_row][vc_column width=&#8221;2\/3&#8243; css=&#8221;.vc_custom_1762446062766{background-color: #bceeff !important;}&#8221;][vc_column_text]<span class=\"HwtZe\" lang=\"es\"><span class=\"jCAhz ChMk0b\"><span class=\"ryNqvb\">Hola, mi nombre es Noemi Paymal, soy antrop\u00f3loga y presidenta de P3000, y tengo el honor de presentarles nuestros proyectos de Educatiooon\/Pedagooogia 3000 4000 5000 para la Paz.<\/span><\/span> <span class=\"jCAhz ChMk0b\"><span class=\"ryNqvb\">Nuestro objetivo es contribuir a la reconstrucci\u00f3n conjunta de una nueva sociedad, basada en la cultura de la paz y la solidaridad, a trav\u00e9s de una educaci\u00f3n integral, proactiva y divertida.<\/span><\/span><\/span>[\/vc_column_text][\/vc_column][vc_column width=&#8221;1\/3&#8243; css=&#8221;.vc_custom_1762446071110{background-color: #bceeff !important;}&#8221;][vc_column_text]<strong><span class=\"HwtZe\" lang=\"es\"><span class=\"jCAhz ChMk0b\"><span class=\"ryNqvb\">Invita a un caf\u00e9 a:<\/span><\/span><\/span> <span class=\"kfds-font-bold kfds-font-size-16 text-limit-one-line\">Pedagooogia 3000<\/span><\/strong>[\/vc_column_text][vc_column_text]<script type='text\/javascript' src='https:\/\/storage.ko-fi.com\/cdn\/widget\/Widget_2.js'><\/script><script type='text\/javascript'>kofiwidget2.init('Support me on Ko-fi', '#154496', 'L4L11K045A');kofiwidget2.draw();<\/script> [\/vc_column_text][\/vc_column][\/vc_row]<\/p>\n","protected":false},"excerpt":{"rendered":"<p>[vc_row][vc_column][vc_separator color=&#8221;blue&#8221; border_width=&#8221;2&#8243;][vc_custom_heading text=&#8221;Apoya nuestros Proyectos &#8211; Crowdfunding 2026 &#8211; Proyecto Multi U Bolivia&#8221; font_container=&#8221;tag:h1|font_size:40px|text_align:center|line_height:50px&#8221; use_theme_fonts=&#8221;yes&#8221; css_animation=&#8221;none&#8221;][\/vc_column][\/vc_row][vc_row][vc_column width=&#8221;1\/2&#8243;][vc_single_image image=&#8221;405&#8243; img_size=&#8221;large&#8221;][vc_single_image [&hellip;]<\/p>\n","protected":false},"author":1,"featured_media":0,"parent":0,"menu_order":0,"comment_status":"closed","ping_status":"closed","template":"","meta":{"site-sidebar-layout":"default","site-content-layout":"plain-container","ast-site-content-layout":"default","site-content-style":"default","site-sidebar-style":"default","ast-global-header-display":"","ast-banner-title-visibility":"","ast-main-header-display":"","ast-hfb-above-header-display":"","ast-hfb-below-header-display":"","ast-hfb-mobile-header-display":"","site-post-title":"","ast-breadcrumbs-content":"","ast-featured-img":"","footer-sml-layout":"","theme-transparent-header-meta":"default","adv-header-id-meta":"","stick-header-meta":"","header-above-stick-meta":"","header-main-stick-meta":"","header-below-stick-meta":"","astra-migrate-meta-layouts":"set","ast-page-background-enabled":"default","ast-page-background-meta":{"desktop":{"background-color":"var(--ast-global-color-5)","background-image":"","background-repeat":"repeat","background-position":"center center","background-size":"auto","background-attachment":"scroll","background-type":"","background-media":"","overlay-type":"","overlay-color":"","overlay-opacity":"","overlay-gradient":""},"tablet":{"background-color":"","background-image":"","background-repeat":"repeat","background-position":"center center","background-size":"auto","background-attachment":"scroll","background-type":"","background-media":"","overlay-type":"","overlay-color":"","overlay-opacity":"","overlay-gradient":""},"mobile":{"background-color":"","background-image":"","background-repeat":"repeat","background-position":"center center","background-size":"auto","background-attachment":"scroll","background-type":"","background-media":"","overlay-type":"","overlay-color":"","overlay-opacity":"","overlay-gradient":""}},"ast-content-background-meta":{"desktop":{"background-color":"var(--ast-global-color-4)","background-image":"","background-repeat":"repeat","background-position":"center center","background-size":"auto","background-attachment":"scroll","background-type":"","background-media":"","overlay-type":"","overlay-color":"","overlay-opacity":"","overlay-gradient":""},"tablet":{"background-color":"var(--ast-global-color-4)","background-image":"","background-repeat":"repeat","background-position":"center center","background-size":"auto","background-attachment":"scroll","background-type":"","background-media":"","overlay-type":"","overlay-color":"","overlay-opacity":"","overlay-gradient":""},"mobile":{"background-color":"var(--ast-global-color-4)","background-image":"","background-repeat":"repeat","background-position":"center center","background-size":"auto","background-attachment":"scroll","background-type":"","background-media":"","overlay-type":"","overlay-color":"","overlay-opacity":"","overlay-gradient":""}},"footnotes":""},"class_list":["post-539","page","type-page","status-publish","hentry"],"_links":{"self":[{"href":"https:\/\/p3000.info\/index.php\/wp-json\/wp\/v2\/pages\/539","targetHints":{"allow":["GET"]}}],"collection":[{"href":"https:\/\/p3000.info\/index.php\/wp-json\/wp\/v2\/pages"}],"about":[{"href":"https:\/\/p3000.info\/index.php\/wp-json\/wp\/v2\/types\/page"}],"author":[{"embeddable":true,"href":"https:\/\/p3000.info\/index.php\/wp-json\/wp\/v2\/users\/1"}],"replies":[{"embeddable":true,"href":"https:\/\/p3000.info\/index.php\/wp-json\/wp\/v2\/comments?post=539"}],"version-history":[{"count":1,"href":"https:\/\/p3000.info\/index.php\/wp-json\/wp\/v2\/pages\/539\/revisions"}],"predecessor-version":[{"id":540,"href":"https:\/\/p3000.info\/index.php\/wp-json\/wp\/v2\/pages\/539\/revisions\/540"}],"wp:attachment":[{"href":"https:\/\/p3000.info\/index.php\/wp-json\/wp\/v2\/media?parent=539"}],"curies":[{"name":"wp","href":"https:\/\/api.w.org\/{rel}","templated":true}]}}