{"id":6,"date":"2025-09-10T18:29:45","date_gmt":"2025-09-10T18:29:45","guid":{"rendered":"https:\/\/p3000.info\/?page_id=6"},"modified":"2026-04-13T19:49:29","modified_gmt":"2026-04-13T19:49:29","slug":"multi-congreso-3000-internacional","status":"publish","type":"page","link":"https:\/\/p3000.info\/","title":{"rendered":"Inicio"},"content":{"rendered":"<p>[vc_row][vc_column][vc_separator color=&#8221;blue&#8221; border_width=&#8221;2&#8243;][vc_custom_heading text=&#8221;ACOMPA\u00d1ANTES 3000 &#8211; Para una Nueva Educaci\u00f3n&#8221; font_container=&#8221;tag:h1|font_size:40px|text_align:center|line_height:50px&#8221; use_theme_fonts=&#8221;yes&#8221; css_animation=&#8221;fadeInUp&#8221;][\/vc_column][\/vc_row][vc_row][vc_column width=&#8221;1\/2&#8243;][vc_single_image image=&#8221;482&#8243; img_size=&#8221;large&#8221;][\/vc_column][vc_column width=&#8221;1\/2&#8243;][vc_custom_heading text=&#8221;Curso ON LINE &#8211; Mayo&#8221; google_fonts=&#8221;font_family:Raleway%3A100%2C200%2C300%2Cregular%2C500%2C600%2C700%2C800%2C900|font_style:400%20regular%3A400%3Anormal&#8221;][vc_column_text css=&#8221;.vc_custom_1773110415765{margin-top: 20px !important;}&#8221;]En tiempos donde la humanidad est\u00e1 atravesando grandes desaf\u00edos, es prioridad cambiar la mirada para co-crear una realidad diferente basada en una Cultura de Paz. \u00a1Contribuir a una re-evoluci\u00f3n consciente en Educaci\u00f3n y en uno mismo\/a!<\/p>\n<p>Junto a un equipo con gran trayectoria: Noem\u00ed Paymal (Francia), Fundadora de Pedagooog\u00eda 3000. Silvia Lujano (M\u00e9xico) y Carolina Adjemian (Argentina), Facilitadoras de Facilitadores.<br \/>\nLa formaci\u00f3n es para docentes, psic\u00f3logos, pedagogos, trabajadores de la salud, j\u00f3venes, padres y madres que resuenen y quieran sumar a una nueva educaci\u00f3n con conciencia y basada en cultura de paz.[\/vc_column_text][vc_custom_heading text=&#8221;M\u00e1s Informaci\u00f3n&#8221; google_fonts=&#8221;font_family:Raleway%3A100%2C200%2C300%2Cregular%2C500%2C600%2C700%2C800%2C900|font_style:400%20regular%3A400%3Anormal&#8221;][vc_column_text]<strong>Informaci\u00f3n :<\/strong> Silvia Lujano +52 9993700182 Mex[\/vc_column_text][vc_btn title=&#8221;Whatsapp&#8221; color=&#8221;success&#8221; link=&#8221;url:https%3A%2F%2Fwa.me%2F529993700182|title:Whatsapp|target:%20_blank|&#8221;][vc_column_text]<strong>Informaci\u00f3n :<\/strong> Carolina Adjemian + 54 91159200094 Arg[\/vc_column_text][vc_btn title=&#8221;Whatsapp&#8221; color=&#8221;success&#8221; link=&#8221;url:https%3A%2F%2Fwa.me%2F5491159200094|title:Whatsapp|target:%20_blank|&#8221;][\/vc_column][\/vc_row][vc_row][vc_column][vc_separator color=&#8221;blue&#8221; border_width=&#8221;2&#8243;][vc_custom_heading text=&#8221;Curso Internacional Introductorio Intensivo en Pedagooogia 3000&#8243; font_container=&#8221;tag:h1|font_size:40px|text_align:center|line_height:50px&#8221; use_theme_fonts=&#8221;yes&#8221; css_animation=&#8221;fadeInUp&#8221;][\/vc_column][\/vc_row][vc_row][vc_column width=&#8221;1\/2&#8243;][vc_single_image image=&#8221;504&#8243; img_size=&#8221;large&#8221;][\/vc_column][vc_column width=&#8221;1\/2&#8243;][vc_custom_heading text=&#8221;Junio 2026&#8243; google_fonts=&#8221;font_family:Raleway%3A100%2C200%2C300%2Cregular%2C500%2C600%2C700%2C800%2C900|font_style:400%20regular%3A400%3Anormal&#8221;][vc_column_text css=&#8221;.vc_custom_1776101750160{margin-top: 20px !important;}&#8221;]Reconocimiento acad\u00e9mico<br \/>\neducaci\u00f3n Continua<br \/>\nUniversidad San Francisco de As\u00eds &#8211; Bolivia[\/vc_column_text][vc_custom_heading text=&#8221;M\u00e1s Informaci\u00f3n&#8221; google_fonts=&#8221;font_family:Raleway%3A100%2C200%2C300%2Cregular%2C500%2C600%2C700%2C800%2C900|font_style:400%20regular%3A400%3Anormal&#8221;][vc_column_text]<strong>Informaci\u00f3n :<\/strong> +54 9 11 55062837<br \/>\nlacasadelarbol1343@gmail.com[\/vc_column_text][vc_btn title=&#8221;Whatsapp&#8221; color=&#8221;success&#8221; link=&#8221;url:https%3A%2F%2Fwa.me%2F5491155062837|title:Whatsapp|target:%20_blank|&#8221;][\/vc_column][\/vc_row][vc_row][vc_column][vc_separator color=&#8221;blue&#8221; border_width=&#8221;2&#8243;][vc_custom_heading text=&#8221;FACILITADORES CERTIFICADOS MEXICO&#8221; font_container=&#8221;tag:h1|font_size:40px|text_align:center|line_height:50px&#8221; use_theme_fonts=&#8221;yes&#8221; css_animation=&#8221;fadeInUp&#8221;][\/vc_column][\/vc_row][vc_row][vc_column width=&#8221;1\/2&#8243;][vc_single_image image=&#8221;437&#8243; img_size=&#8221;large&#8221;][\/vc_column][vc_column width=&#8221;1\/2&#8243;][vc_custom_heading text=&#8221;Programa Presencial 18 al 26 de Julio&#8221; google_fonts=&#8221;font_family:Raleway%3A100%2C200%2C300%2Cregular%2C500%2C600%2C700%2C800%2C900|font_style:400%20regular%3A400%3Anormal&#8221;][vc_column_text css=&#8221;.vc_custom_1770838972892{margin-top: 20px !important;}&#8221;]OBJETIVO: Facilitar a los participantes informaci\u00f3n actualizada de P3000, 4000, 5000 y sus varios programas, as\u00ed como proveer la formaci\u00f3n para desempe\u00f1arse como facilitador y coach de P3000 de manera divertida, amena y motivante para que los participantes de sus talleres y eventos, ellos\/as a su vez, puedan desarrollar sus propios proyectos educativos.<\/p>\n<p>Beneficios Como Facilitadores Certificados podr\u00e1n dar conferencias, talleres y representar a P3000 en los medios de comunicaci\u00f3n e instituciones educativas. Te permite acompa\u00f1ar el proceso de transformaci\u00f3n de la Educaci\u00f3n con los nuevos paradigmas de conciencia, solidaridad y cari\u00f1o del Tercer Milenio.[\/vc_column_text][vc_custom_heading text=&#8221;M\u00e1s Informaci\u00f3n&#8221; google_fonts=&#8221;font_family:Raleway%3A100%2C200%2C300%2Cregular%2C500%2C600%2C700%2C800%2C900|font_style:400%20regular%3A400%3Anormal&#8221;][vc_column_text]<strong>Informaci\u00f3n :<\/strong> (+52) 6 141 23 1292 Nelly Chavarr\u00eda[\/vc_column_text][vc_btn title=&#8221;Whatsapp&#8221; color=&#8221;success&#8221; link=&#8221;url:https%3A%2F%2Fwa.me%2F526141231292|title:Whatsapp|target:%20_blank|&#8221;][\/vc_column][\/vc_row][vc_row][vc_column][vc_separator color=&#8221;blue&#8221; border_width=&#8221;2&#8243;][vc_custom_heading text=&#8221;VENEZUELA 2026&#8243; font_container=&#8221;tag:h1|font_size:40px|text_align:center|line_height:50px&#8221; use_theme_fonts=&#8221;yes&#8221; css_animation=&#8221;fadeInUp&#8221;][\/vc_column][\/vc_row][vc_row][vc_column width=&#8221;1\/2&#8243;][vc_single_image image=&#8221;443&#8243; img_size=&#8221;large&#8221;][\/vc_column][vc_column width=&#8221;1\/2&#8243;][vc_custom_heading text=&#8221;Facilitadores Certificados<br \/>\nPedagooogia 3000 4000 5000&#8243; google_fonts=&#8221;font_family:Raleway%3A100%2C200%2C300%2Cregular%2C500%2C600%2C700%2C800%2C900|font_style:400%20regular%3A400%3Anormal&#8221;][vc_custom_heading text=&#8221;1 &#8211; 15 de Agosto 2026&#8243; google_fonts=&#8221;font_family:Raleway%3A100%2C200%2C300%2Cregular%2C500%2C600%2C700%2C800%2C900|font_style:400%20regular%3A400%3Anormal&#8221;][vc_column_text css=&#8221;.vc_custom_1767548836925{margin-top: 20px !important;}&#8221;]Con Noemi Paymal Fundadora de P3000<br \/>\nAgosto \/ Septiembre Roraima (frontera Brasil)[\/vc_column_text][vc_column_text]<strong>Informaci\u00f3n: <\/strong>58 412 8006403, Lorena[\/vc_column_text][vc_btn title=&#8221;Whatsapp&#8221; color=&#8221;success&#8221; link=&#8221;url:https%3A%2F%2Fwa.me%2F584128006403|title:Whatsapp|target:%20_blank|&#8221;][vc_btn title=&#8221;Descargar Invitaci\u00f3n&#8221; color=&#8221;warning&#8221; align=&#8221;left&#8221; link=&#8221;url:https%3A%2F%2Fp3000.info%2Frecursos%2Finvitaciones%2FInvitacion_certificacion_FAC_2026.pdf||target:%20_blank|&#8221;][\/vc_column][\/vc_row][vc_row][vc_column][vc_separator color=&#8221;blue&#8221; border_width=&#8221;2&#8243;][vc_custom_heading text=&#8221;Crowdfunding 2025 &#8211; Proyecto Multi U Bolivia&#8221; font_container=&#8221;tag:h1|font_size:40px|text_align:center|line_height:50px&#8221; use_theme_fonts=&#8221;yes&#8221; css_animation=&#8221;none&#8221;][\/vc_column][\/vc_row][vc_row][vc_column width=&#8221;1\/2&#8243;][vc_single_image image=&#8221;405&#8243; img_size=&#8221;large&#8221;][vc_single_image image=&#8221;406&#8243; img_size=&#8221;large&#8221;][\/vc_column][vc_column width=&#8221;1\/2&#8243;][vc_custom_heading text=&#8221;Crowdfunding para nuestra Universidad alternativa: la Multi U 3000 4000 5000 por la Paz &#8211; Bolivia&#8221; font_container=&#8221;tag:h3|text_align:left&#8221; google_fonts=&#8221;font_family:Raleway%3A100%2C200%2C300%2Cregular%2C500%2C600%2C700%2C800%2C900|font_style:400%20regular%3A400%3Anormal&#8221;][vc_column_text css=&#8221;.vc_custom_1761187932903{margin-top: 20px !important;}&#8221;]Queremos transformar la educaci\u00f3n y abrir caminos hacia una nueva humanidad, co-construyendo una una sociedad de paz y solidaridad, para todos los ni\u00f1os, j\u00f3venes, estudiantes de todas las edades y para quienes est\u00e1n por venir\u2026<\/p>\n<p>\u00bfT\u00fa tambi\u00e9n?<\/p>\n<p>Bienvenidos a la Multi U 3000 4000 5000 por la Paz &#8211; Bolivia, un proyecto de una Universidad alternativa de Pedagooogia 3000 \/ Educatiooon 3000.<\/p>\n<p>El objetivo es transformar la educaci\u00f3n en una educaci\u00f3n reconectadora, alegre y proactiva, orientada a la solidaridad, la cultura de paz y la ecolog\u00eda profunda.<\/p>\n<p>En la pr\u00e1ctica, el proyecto incluye:<\/p>\n<ol>\n<li>Establecer la Multi U piloto en Tiwanaku, Bolivia.<\/li>\n<li>Investigar sobre temas innovadores y no convencionales para complementar y enriquecer las universidades tradicionales. Establecer nuestra Curricula.<\/li>\n<li>Establecer un estudio multimedia para la producci\u00f3n audiovisual y la difusi\u00f3n masiva.<\/li>\n<\/ol>\n<p>\u00bfTe gustar\u00eda unirte a nosotros? Gracias por contribuir a nuestra campa\u00f1a de financiaci\u00f3n colectiva y hacer realidad nuestro sue\u00f1o colectivo.<\/p>\n<p>Con profunda gratitud,<\/p>\n<p>Noemi Paymal y equipo[\/vc_column_text][vc_btn title=&#8221;Donar Crowdfunding&#8221; color=&#8221;warning&#8221; align=&#8221;center&#8221; link=&#8221;url:https%3A%2F%2Fgofund.me%2F2074827d8||target:%20_blank|&#8221;][\/vc_column][\/vc_row][vc_row][vc_column][vc_separator color=&#8221;blue&#8221; border_width=&#8221;2&#8243;][\/vc_column][\/vc_row][vc_row][vc_column width=&#8221;2\/3&#8243; css=&#8221;.vc_custom_1762446062766{background-color: #bceeff !important;}&#8221;][vc_column_text]<span class=\"HwtZe\" lang=\"es\"><span class=\"jCAhz ChMk0b\"><span class=\"ryNqvb\">Hola, mi nombre es Noemi Paymal, soy antrop\u00f3loga y presidenta de P3000, y tengo el honor de presentarles nuestros proyectos de Educatiooon\/Pedagooogia 3000 4000 5000 para la Paz.<\/span><\/span> <span class=\"jCAhz ChMk0b\"><span class=\"ryNqvb\">Nuestro objetivo es contribuir a la reconstrucci\u00f3n conjunta de una nueva sociedad, basada en la cultura de la paz y la solidaridad, a trav\u00e9s de una educaci\u00f3n integral, proactiva y divertida.<\/span><\/span><\/span>[\/vc_column_text][\/vc_column][vc_column width=&#8221;1\/3&#8243; css=&#8221;.vc_custom_1762446071110{background-color: #bceeff !important;}&#8221;][vc_column_text]<strong><span class=\"HwtZe\" lang=\"es\"><span class=\"jCAhz ChMk0b\"><span class=\"ryNqvb\">Invita a un caf\u00e9 a:<\/span><\/span><\/span> <span class=\"kfds-font-bold kfds-font-size-16 text-limit-one-line\">Pedagooogia 3000<\/span><\/strong>[\/vc_column_text][vc_column_text]<script type='text\/javascript' src='https:\/\/storage.ko-fi.com\/cdn\/widget\/Widget_2.js'><\/script><script type='text\/javascript'>kofiwidget2.init('Support me on Ko-fi', '#154496', 'L4L11K045A');kofiwidget2.draw();<\/script> [\/vc_column_text][\/vc_column][\/vc_row]<\/p>\n","protected":false},"excerpt":{"rendered":"<p>[vc_row][vc_column][vc_separator color=&#8221;blue&#8221; border_width=&#8221;2&#8243;][vc_custom_heading text=&#8221;ACOMPA\u00d1ANTES 3000 &#8211; Para una Nueva Educaci\u00f3n&#8221; font_container=&#8221;tag:h1|font_size:40px|text_align:center|line_height:50px&#8221; use_theme_fonts=&#8221;yes&#8221; css_animation=&#8221;fadeInUp&#8221;][\/vc_column][\/vc_row][vc_row][vc_column width=&#8221;1\/2&#8243;][vc_single_image image=&#8221;482&#8243; img_size=&#8221;large&#8221;][\/vc_column][vc_column width=&#8221;1\/2&#8243;][vc_custom_heading text=&#8221;Curso ON LINE [&hellip;]<\/p>\n","protected":false},"author":1,"featured_media":0,"parent":0,"menu_order":0,"comment_status":"closed","ping_status":"closed","template":"","meta":{"site-sidebar-layout":"no-sidebar","site-content-layout":"plain-container","ast-site-content-layout":"default","site-content-style":"default","site-sidebar-style":"default","ast-global-header-display":"","ast-banner-title-visibility":"","ast-main-header-display":"","ast-hfb-above-header-display":"","ast-hfb-below-header-display":"","ast-hfb-mobile-header-display":"","site-post-title":"disabled","ast-breadcrumbs-content":"","ast-featured-img":"disabled","footer-sml-layout":"","theme-transparent-header-meta":"default","adv-header-id-meta":"","stick-header-meta":"","header-above-stick-meta":"","header-main-stick-meta":"","header-below-stick-meta":"","astra-migrate-meta-layouts":"set","ast-page-background-enabled":"default","ast-page-background-meta":{"desktop":{"background-color":"var(--ast-global-color-5)","background-image":"","background-repeat":"repeat","background-position":"center center","background-size":"auto","background-attachment":"scroll","background-type":"","background-media":"","overlay-type":"","overlay-color":"","overlay-opacity":"","overlay-gradient":""},"tablet":{"background-color":"","background-image":"","background-repeat":"repeat","background-position":"center center","background-size":"auto","background-attachment":"scroll","background-type":"","background-media":"","overlay-type":"","overlay-color":"","overlay-opacity":"","overlay-gradient":""},"mobile":{"background-color":"","background-image":"","background-repeat":"repeat","background-position":"center center","background-size":"auto","background-attachment":"scroll","background-type":"","background-media":"","overlay-type":"","overlay-color":"","overlay-opacity":"","overlay-gradient":""}},"ast-content-background-meta":{"desktop":{"background-color":"var(--ast-global-color-4)","background-image":"","background-repeat":"repeat","background-position":"center center","background-size":"auto","background-attachment":"scroll","background-type":"","background-media":"","overlay-type":"","overlay-color":"","overlay-opacity":"","overlay-gradient":""},"tablet":{"background-color":"var(--ast-global-color-4)","background-image":"","background-repeat":"repeat","background-position":"center center","background-size":"auto","background-attachment":"scroll","background-type":"","background-media":"","overlay-type":"","overlay-color":"","overlay-opacity":"","overlay-gradient":""},"mobile":{"background-color":"var(--ast-global-color-4)","background-image":"","background-repeat":"repeat","background-position":"center center","background-size":"auto","background-attachment":"scroll","background-type":"","background-media":"","overlay-type":"","overlay-color":"","overlay-opacity":"","overlay-gradient":""}},"footnotes":""},"class_list":["post-6","page","type-page","status-publish","hentry"],"_links":{"self":[{"href":"https:\/\/p3000.info\/index.php\/wp-json\/wp\/v2\/pages\/6","targetHints":{"allow":["GET"]}}],"collection":[{"href":"https:\/\/p3000.info\/index.php\/wp-json\/wp\/v2\/pages"}],"about":[{"href":"https:\/\/p3000.info\/index.php\/wp-json\/wp\/v2\/types\/page"}],"author":[{"embeddable":true,"href":"https:\/\/p3000.info\/index.php\/wp-json\/wp\/v2\/users\/1"}],"replies":[{"embeddable":true,"href":"https:\/\/p3000.info\/index.php\/wp-json\/wp\/v2\/comments?post=6"}],"version-history":[{"count":59,"href":"https:\/\/p3000.info\/index.php\/wp-json\/wp\/v2\/pages\/6\/revisions"}],"predecessor-version":[{"id":506,"href":"https:\/\/p3000.info\/index.php\/wp-json\/wp\/v2\/pages\/6\/revisions\/506"}],"wp:attachment":[{"href":"https:\/\/p3000.info\/index.php\/wp-json\/wp\/v2\/media?parent=6"}],"curies":[{"name":"wp","href":"https:\/\/api.w.org\/{rel}","templated":true}]}}