{"id":69,"date":"2025-09-24T18:14:33","date_gmt":"2025-09-24T18:14:33","guid":{"rendered":"https:\/\/p3000.info\/?page_id=69"},"modified":"2025-09-24T18:14:33","modified_gmt":"2025-09-24T18:14:33","slug":"cuadernos-pedagooogicos-3000","status":"publish","type":"page","link":"https:\/\/p3000.info\/index.php\/cuadernos-pedagooogicos-3000\/","title":{"rendered":"cuadernos-pedagooogicos-3000"},"content":{"rendered":"<p>[vc_row css=&#8221;.vc_custom_1595169435289{margin-bottom: 20px !important;}&#8221;][vc_column width=&#8221;1\/4&#8243; css=&#8221;.vc_custom_1595169067238{padding-top: 15px !important;padding-right: 15px !important;padding-bottom: 25px !important;padding-left: 25px !important;}&#8221;][vc_custom_heading text=&#8221;Recursos&#8221; font_container=&#8221;tag:h2|text_align:left|color:%235970b5&#8243; google_fonts=&#8221;font_family:Raleway%3A100%2C200%2C300%2Cregular%2C500%2C600%2C700%2C800%2C900|font_style:800%20bold%20regular%3A800%3Anormal&#8221; css_animation=&#8221;none&#8221;][vc_widget_sidebar sidebar_id=&#8221;cs-2&#8243;][\/vc_column][vc_column width=&#8221;3\/4&#8243; css=&#8221;.vc_custom_1593959662213{padding-left: 35px !important;}&#8221;][vc_custom_heading text=&#8221;Cuadernos pedag\u00f3gicos&#8221; font_container=&#8221;tag:h1|font_size:40px|text_align:left|line_height:50px&#8221; use_theme_fonts=&#8221;yes&#8221; css_animation=&#8221;fadeInUp&#8221;][vc_column_text css=&#8221;.vc_custom_1595168832122{margin-top: 33px !important;}&#8221;]Estos cuadernos consisten en presentar herramientas pedag\u00f3gicas pr\u00e1cticas para padres, madres, docentes, terapeutas, talleristas y j\u00f3venes. Son repartidas en 33 cuadernos pedag\u00f3gicos. Por favor descargarlos y adaptarlos a la edad de sus estudiantes. Hacerlos divertidos, de acuerdo a su cultura y su situaci\u00f3n socio-geogr\u00e1fica. Estos cuadernos son para aplicarlos, transformarlos, disfrutarlos, re-crearlos. Son muy flexibles. Gracias por transformar la Educaci\u00f3n a trav\u00e9s del mundo.<\/p>\n<p>&nbsp;<\/p>\n<p>Esta serie \u201cLa Educaci\u00f3n Integral es posible\u201d se presenta en forma de 33 cuadernos pedag\u00f3gicos, en el siguiente orden:[\/vc_column_text][\/vc_column][\/vc_row][vc_row][vc_column width=&#8221;1\/6&#8243;][vc_hoverbox image=&#8221;72&#8243; primary_title=&#8221;&#8221; hover_title=&#8221;&#8221; shape=&#8221;square&#8221; hover_background_color=&#8221;blue&#8221; hover_btn_title=&#8221;DOWNLOAD&#8221; hover_btn_style=&#8221;outline&#8221; css_animation=&#8221;zoomIn&#8221; hover_add_button=&#8221;true&#8221; hover_btn_link=&#8221;url:http%3A%2F%2Fp3000.info%2Frecursos%2Fcuadernillos%2F1_Cuaderno_1v2018.pdf||target:%20_blank|&#8221;][\/vc_hoverbox][\/vc_column][vc_column width=&#8221;1\/6&#8243;][vc_hoverbox image=&#8221;73&#8243; primary_title=&#8221;&#8221; hover_title=&#8221;&#8221; shape=&#8221;square&#8221; hover_background_color=&#8221;blue&#8221; hover_btn_title=&#8221;DOWNLOAD&#8221; hover_btn_style=&#8221;outline&#8221; css_animation=&#8221;zoomIn&#8221; hover_add_button=&#8221;true&#8221; hover_btn_link=&#8221;url:http%3A%2F%2Fp3000.info%2Frecursos%2Fcuadernillos%2F2_Cuaderno_2v2018.pdf||target:%20_blank|&#8221;][\/vc_hoverbox][\/vc_column][vc_column width=&#8221;1\/6&#8243;][vc_hoverbox image=&#8221;74&#8243; primary_title=&#8221;&#8221; hover_title=&#8221;&#8221; shape=&#8221;square&#8221; hover_background_color=&#8221;blue&#8221; hover_btn_title=&#8221;DOWNLOAD&#8221; hover_btn_style=&#8221;outline&#8221; css_animation=&#8221;zoomIn&#8221; hover_add_button=&#8221;true&#8221; hover_btn_link=&#8221;url:http%3A%2F%2Fp3000.info%2Frecursos%2Fcuadernillos%2F3_Cuaderno_3v2018.pdf||target:%20_blank|&#8221;][\/vc_hoverbox][\/vc_column][vc_column width=&#8221;1\/6&#8243;][vc_hoverbox image=&#8221;75&#8243; primary_title=&#8221;&#8221; hover_title=&#8221;&#8221; shape=&#8221;square&#8221; hover_background_color=&#8221;blue&#8221; hover_btn_title=&#8221;DOWNLOAD&#8221; hover_btn_style=&#8221;outline&#8221; css_animation=&#8221;zoomIn&#8221; hover_add_button=&#8221;true&#8221; hover_btn_link=&#8221;url:http%3A%2F%2Fp3000.info%2Frecursos%2Fcuadernillos%2F4_Cuaderno_4v2018.pdf||target:%20_blank|&#8221;][\/vc_hoverbox][\/vc_column][vc_column width=&#8221;1\/6&#8243;][vc_hoverbox image=&#8221;76&#8243; primary_title=&#8221;&#8221; hover_title=&#8221;&#8221; shape=&#8221;square&#8221; hover_background_color=&#8221;blue&#8221; hover_btn_title=&#8221;DOWNLOAD&#8221; hover_btn_style=&#8221;outline&#8221; css_animation=&#8221;zoomIn&#8221; hover_add_button=&#8221;true&#8221; hover_btn_link=&#8221;url:http%3A%2F%2Fp3000.info%2Frecursos%2Fcuadernillos%2F5_Cuaderno_5v2018.pdf||target:%20_blank|&#8221;][\/vc_hoverbox][\/vc_column][vc_column width=&#8221;1\/6&#8243;][vc_hoverbox image=&#8221;77&#8243; primary_title=&#8221;&#8221; hover_title=&#8221;&#8221; shape=&#8221;square&#8221; hover_background_color=&#8221;blue&#8221; hover_btn_title=&#8221;DOWNLOAD&#8221; hover_btn_style=&#8221;outline&#8221; css_animation=&#8221;zoomIn&#8221; hover_add_button=&#8221;true&#8221; hover_btn_link=&#8221;url:http%3A%2F%2Fp3000.info%2Frecursos%2Fcuadernillos%2F6_Cuaderno_6v2018.pdf||target:%20_blank|&#8221;][\/vc_hoverbox][\/vc_column][\/vc_row][vc_row css=&#8221;.vc_custom_1593652392868{margin-top: 9px !important;}&#8221;][vc_column width=&#8221;1\/6&#8243;][vc_hoverbox image=&#8221;78&#8243; primary_title=&#8221;&#8221; hover_title=&#8221;&#8221; shape=&#8221;square&#8221; hover_background_color=&#8221;blue&#8221; hover_btn_title=&#8221;DOWNLOAD&#8221; hover_btn_style=&#8221;outline&#8221; css_animation=&#8221;zoomIn&#8221; hover_add_button=&#8221;true&#8221; hover_btn_link=&#8221;url:http%3A%2F%2Fp3000.info%2Frecursos%2Fcuadernillos%2F7_Cuaderno_7v2018.pdf||target:%20_blank|&#8221;][\/vc_hoverbox][\/vc_column][vc_column width=&#8221;1\/6&#8243;][vc_hoverbox image=&#8221;79&#8243; primary_title=&#8221;&#8221; hover_title=&#8221;&#8221; shape=&#8221;square&#8221; hover_background_color=&#8221;blue&#8221; hover_btn_title=&#8221;DOWNLOAD&#8221; hover_btn_style=&#8221;outline&#8221; css_animation=&#8221;zoomIn&#8221; hover_add_button=&#8221;true&#8221; hover_btn_link=&#8221;url:http%3A%2F%2Fp3000.info%2Frecursos%2Fcuadernillos%2F8_Cuaderno_8v2018.pdf||target:%20_blank|&#8221;][\/vc_hoverbox][\/vc_column][vc_column width=&#8221;1\/6&#8243;][vc_hoverbox image=&#8221;80&#8243; primary_title=&#8221;&#8221; hover_title=&#8221;&#8221; shape=&#8221;square&#8221; hover_background_color=&#8221;blue&#8221; hover_btn_title=&#8221;DOWNLOAD&#8221; hover_btn_style=&#8221;outline&#8221; css_animation=&#8221;zoomIn&#8221; hover_add_button=&#8221;true&#8221; hover_btn_link=&#8221;url:http%3A%2F%2Fp3000.info%2Frecursos%2Fcuadernillos%2F9_Cuaderno_9v2018.pdf||target:%20_blank|&#8221;][\/vc_hoverbox][\/vc_column][vc_column width=&#8221;1\/6&#8243;][vc_hoverbox image=&#8221;81&#8243; primary_title=&#8221;&#8221; hover_title=&#8221;&#8221; shape=&#8221;square&#8221; hover_background_color=&#8221;blue&#8221; hover_btn_title=&#8221;DOWNLOAD&#8221; hover_btn_style=&#8221;outline&#8221; css_animation=&#8221;zoomIn&#8221; hover_add_button=&#8221;true&#8221; hover_btn_link=&#8221;url:http%3A%2F%2Fp3000.info%2Frecursos%2Fcuadernillos%2F10_Cuaderno_10v2018.pdf||target:%20_blank|&#8221;][\/vc_hoverbox][\/vc_column][vc_column width=&#8221;1\/6&#8243;][vc_hoverbox image=&#8221;83&#8243; primary_title=&#8221;&#8221; hover_title=&#8221;&#8221; shape=&#8221;square&#8221; hover_background_color=&#8221;blue&#8221; hover_btn_title=&#8221;DOWNLOAD&#8221; hover_btn_style=&#8221;outline&#8221; css_animation=&#8221;zoomIn&#8221; hover_add_button=&#8221;true&#8221; hover_btn_link=&#8221;url:http%3A%2F%2Fp3000.info%2Frecursos%2Fcuadernillos%2F11_Cuaderno_11v2018.pdf||target:%20_blank|&#8221;][\/vc_hoverbox][\/vc_column][vc_column width=&#8221;1\/6&#8243;][vc_hoverbox image=&#8221;84&#8243; primary_title=&#8221;&#8221; hover_title=&#8221;&#8221; shape=&#8221;square&#8221; hover_background_color=&#8221;blue&#8221; hover_btn_title=&#8221;DOWNLOAD&#8221; hover_btn_style=&#8221;outline&#8221; css_animation=&#8221;zoomIn&#8221; hover_add_button=&#8221;true&#8221; hover_btn_link=&#8221;url:http%3A%2F%2Fp3000.info%2Frecursos%2Fcuadernillos%2F12_Cuaderno_12v2018.pdf||target:%20_blank|&#8221;][\/vc_hoverbox][\/vc_column][\/vc_row][vc_row css=&#8221;.vc_custom_1593652400835{margin-top: 9px !important;}&#8221;][vc_column width=&#8221;1\/6&#8243;][vc_hoverbox image=&#8221;85&#8243; primary_title=&#8221;&#8221; hover_title=&#8221;&#8221; shape=&#8221;square&#8221; hover_background_color=&#8221;blue&#8221; hover_btn_title=&#8221;DOWNLOAD&#8221; hover_btn_style=&#8221;outline&#8221; css_animation=&#8221;zoomIn&#8221; hover_add_button=&#8221;true&#8221; hover_btn_link=&#8221;url:http%3A%2F%2Fp3000.info%2Frecursos%2Fcuadernillos%2F13_Cuaderno_13v2018.pdf||target:%20_blank|&#8221;][\/vc_hoverbox][\/vc_column][vc_column width=&#8221;1\/6&#8243;][vc_hoverbox image=&#8221;86&#8243; primary_title=&#8221;&#8221; hover_title=&#8221;&#8221; shape=&#8221;square&#8221; hover_background_color=&#8221;blue&#8221; hover_btn_title=&#8221;DOWNLOAD&#8221; hover_btn_style=&#8221;outline&#8221; css_animation=&#8221;zoomIn&#8221; hover_add_button=&#8221;true&#8221; hover_btn_link=&#8221;url:http%3A%2F%2Fp3000.info%2Frecursos%2Fcuadernillos%2F14_Cuaderno_14v2018.pdf||target:%20_blank|&#8221;][\/vc_hoverbox][\/vc_column][vc_column width=&#8221;1\/6&#8243;][vc_hoverbox image=&#8221;87&#8243; primary_title=&#8221;&#8221; hover_title=&#8221;&#8221; shape=&#8221;square&#8221; hover_background_color=&#8221;blue&#8221; hover_btn_title=&#8221;DOWNLOAD&#8221; hover_btn_style=&#8221;outline&#8221; css_animation=&#8221;zoomIn&#8221; hover_add_button=&#8221;true&#8221; hover_btn_link=&#8221;url:http%3A%2F%2Fp3000.info%2Frecursos%2Fcuadernillos%2F15_Cuaderno_15v2018.pdf||target:%20_blank|&#8221;][\/vc_hoverbox][\/vc_column][vc_column width=&#8221;1\/6&#8243;][vc_hoverbox image=&#8221;88&#8243; primary_title=&#8221;&#8221; hover_title=&#8221;&#8221; shape=&#8221;square&#8221; hover_background_color=&#8221;blue&#8221; hover_btn_title=&#8221;DOWNLOAD&#8221; hover_btn_style=&#8221;outline&#8221; css_animation=&#8221;zoomIn&#8221; hover_add_button=&#8221;true&#8221; hover_btn_link=&#8221;url:http%3A%2F%2Fp3000.info%2Frecursos%2Fcuadernillos%2F16_Cuaderno_16v2018.pdf||target:%20_blank|&#8221;][\/vc_hoverbox][\/vc_column][vc_column width=&#8221;1\/6&#8243;][vc_hoverbox image=&#8221;91&#8243; primary_title=&#8221;&#8221; hover_title=&#8221;&#8221; shape=&#8221;square&#8221; hover_background_color=&#8221;blue&#8221; hover_btn_title=&#8221;DOWNLOAD&#8221; hover_btn_style=&#8221;outline&#8221; css_animation=&#8221;zoomIn&#8221; hover_add_button=&#8221;true&#8221; hover_btn_link=&#8221;url:http%3A%2F%2Fp3000.info%2Frecursos%2Fcuadernillos%2F17_Cuaderno_17v2018.pdf||target:%20_blank|&#8221;][\/vc_hoverbox][\/vc_column][vc_column width=&#8221;1\/6&#8243;][vc_hoverbox image=&#8221;90&#8243; primary_title=&#8221;&#8221; hover_title=&#8221;&#8221; shape=&#8221;square&#8221; hover_background_color=&#8221;blue&#8221; hover_btn_title=&#8221;DOWNLOAD&#8221; hover_btn_style=&#8221;outline&#8221; css_animation=&#8221;zoomIn&#8221; hover_add_button=&#8221;true&#8221; hover_btn_link=&#8221;url:http%3A%2F%2Fp3000.info%2Frecursos%2Fcuadernillos%2F18_Cuaderno_18v2018.pdf||target:%20_blank|&#8221;][\/vc_hoverbox][\/vc_column][\/vc_row][vc_row css=&#8221;.vc_custom_1593652400835{margin-top: 9px !important;}&#8221;][vc_column width=&#8221;1\/6&#8243;][vc_hoverbox image=&#8221;92&#8243; primary_title=&#8221;&#8221; hover_title=&#8221;&#8221; shape=&#8221;square&#8221; hover_background_color=&#8221;blue&#8221; hover_btn_title=&#8221;DOWNLOAD&#8221; hover_btn_style=&#8221;outline&#8221; css_animation=&#8221;zoomIn&#8221; hover_add_button=&#8221;true&#8221; hover_btn_link=&#8221;url:http%3A%2F%2Fp3000.info%2Frecursos%2Fcuadernillos%2F19_Cuaderno_19v2018.pdf||target:%20_blank|&#8221;][\/vc_hoverbox][\/vc_column][vc_column width=&#8221;1\/6&#8243;][vc_hoverbox image=&#8221;93&#8243; primary_title=&#8221;&#8221; hover_title=&#8221;&#8221; shape=&#8221;square&#8221; hover_background_color=&#8221;blue&#8221; hover_btn_title=&#8221;DOWNLOAD&#8221; hover_btn_style=&#8221;outline&#8221; css_animation=&#8221;zoomIn&#8221; hover_add_button=&#8221;true&#8221; hover_btn_link=&#8221;url:http%3A%2F%2Fp3000.info%2Frecursos%2Fcuadernillos%2F20_Cuaderno_20v2018.pdf||target:%20_blank|&#8221;][\/vc_hoverbox][\/vc_column][vc_column width=&#8221;1\/6&#8243;][vc_hoverbox image=&#8221;94&#8243; primary_title=&#8221;&#8221; hover_title=&#8221;&#8221; shape=&#8221;square&#8221; hover_background_color=&#8221;blue&#8221; hover_btn_title=&#8221;DOWNLOAD&#8221; hover_btn_style=&#8221;outline&#8221; css_animation=&#8221;zoomIn&#8221; hover_add_button=&#8221;true&#8221; hover_btn_link=&#8221;url:http%3A%2F%2Fp3000.info%2Frecursos%2Fcuadernillos%2F21_Cuaderno_21v2018.pdf||target:%20_blank|&#8221;][\/vc_hoverbox][\/vc_column][vc_column width=&#8221;1\/6&#8243;][vc_hoverbox image=&#8221;97&#8243; primary_title=&#8221;&#8221; hover_title=&#8221;&#8221; shape=&#8221;square&#8221; hover_background_color=&#8221;blue&#8221; hover_btn_title=&#8221;DOWNLOAD&#8221; hover_btn_style=&#8221;outline&#8221; css_animation=&#8221;zoomIn&#8221; hover_add_button=&#8221;true&#8221; hover_btn_link=&#8221;url:http%3A%2F%2Fp3000.info%2Frecursos%2Fcuadernillos%2F22_Cuaderno_22v2018.pdf||target:%20_blank|&#8221;][\/vc_hoverbox][\/vc_column][vc_column width=&#8221;1\/6&#8243;][vc_hoverbox image=&#8221;95&#8243; primary_title=&#8221;&#8221; hover_title=&#8221;&#8221; shape=&#8221;square&#8221; hover_background_color=&#8221;blue&#8221; hover_btn_title=&#8221;DOWNLOAD&#8221; hover_btn_style=&#8221;outline&#8221; css_animation=&#8221;zoomIn&#8221; hover_add_button=&#8221;true&#8221; hover_btn_link=&#8221;url:http%3A%2F%2Fp3000.info%2Frecursos%2Fcuadernillos%2F23_Cuaderno_23v2018.pdf||target:%20_blank|&#8221;][\/vc_hoverbox][\/vc_column][vc_column width=&#8221;1\/6&#8243;][vc_hoverbox image=&#8221;96&#8243; primary_title=&#8221;&#8221; hover_title=&#8221;&#8221; shape=&#8221;square&#8221; hover_background_color=&#8221;blue&#8221; hover_btn_title=&#8221;DOWNLOAD&#8221; hover_btn_style=&#8221;outline&#8221; css_animation=&#8221;zoomIn&#8221; hover_add_button=&#8221;true&#8221; hover_btn_link=&#8221;url:http%3A%2F%2Fp3000.info%2Frecursos%2Fcuadernillos%2F24_Cuaderno_24v2018.pdf||target:%20_blank|&#8221;][\/vc_hoverbox][\/vc_column][\/vc_row][vc_row css=&#8221;.vc_custom_1593652400835{margin-top: 9px !important;}&#8221;][vc_column width=&#8221;1\/6&#8243;][vc_hoverbox image=&#8221;99&#8243; primary_title=&#8221;&#8221; hover_title=&#8221;&#8221; shape=&#8221;square&#8221; hover_background_color=&#8221;blue&#8221; hover_btn_title=&#8221;DOWNLOAD&#8221; hover_btn_style=&#8221;outline&#8221; css_animation=&#8221;zoomIn&#8221; hover_add_button=&#8221;true&#8221; hover_btn_link=&#8221;url:http%3A%2F%2Fp3000.info%2Frecursos%2Fcuadernillos%2F25_Cuaderno_25v2018.pdf||target:%20_blank|&#8221;][\/vc_hoverbox][\/vc_column][vc_column width=&#8221;1\/6&#8243;][vc_hoverbox image=&#8221;100&#8243; primary_title=&#8221;&#8221; hover_title=&#8221;&#8221; shape=&#8221;square&#8221; hover_background_color=&#8221;blue&#8221; hover_btn_title=&#8221;DOWNLOAD&#8221; hover_btn_style=&#8221;outline&#8221; css_animation=&#8221;zoomIn&#8221; hover_add_button=&#8221;true&#8221; hover_btn_link=&#8221;url:http%3A%2F%2Fp3000.info%2Frecursos%2Fcuadernillos%2F26_Cuaderno_26v2018.pdf||target:%20_blank|&#8221;][\/vc_hoverbox][\/vc_column][vc_column width=&#8221;1\/6&#8243;][vc_hoverbox image=&#8221;101&#8243; primary_title=&#8221;&#8221; hover_title=&#8221;&#8221; shape=&#8221;square&#8221; hover_background_color=&#8221;blue&#8221; hover_btn_title=&#8221;DOWNLOAD&#8221; hover_btn_style=&#8221;outline&#8221; css_animation=&#8221;zoomIn&#8221; hover_add_button=&#8221;true&#8221; hover_btn_link=&#8221;url:http%3A%2F%2Fp3000.info%2Frecursos%2Fcuadernillos%2F27_Cuaderno_27v2018.pdf||target:%20_blank|&#8221;][\/vc_hoverbox][\/vc_column][vc_column width=&#8221;1\/6&#8243;][vc_hoverbox image=&#8221;102&#8243; primary_title=&#8221;&#8221; hover_title=&#8221;&#8221; shape=&#8221;square&#8221; hover_background_color=&#8221;blue&#8221; hover_btn_title=&#8221;DOWNLOAD&#8221; hover_btn_style=&#8221;outline&#8221; css_animation=&#8221;zoomIn&#8221; hover_add_button=&#8221;true&#8221; hover_btn_link=&#8221;url:http%3A%2F%2Fp3000.info%2Frecursos%2Fcuadernillos%2F28_Cuaderno_28v2018.pdf||target:%20_blank|&#8221;][\/vc_hoverbox][\/vc_column][vc_column width=&#8221;1\/6&#8243;][vc_hoverbox image=&#8221;103&#8243; primary_title=&#8221;&#8221; hover_title=&#8221;&#8221; shape=&#8221;square&#8221; hover_background_color=&#8221;blue&#8221; hover_btn_title=&#8221;DOWNLOAD&#8221; hover_btn_style=&#8221;outline&#8221; css_animation=&#8221;zoomIn&#8221; hover_add_button=&#8221;true&#8221; hover_btn_link=&#8221;url:http%3A%2F%2Fp3000.info%2Frecursos%2Fcuadernillos%2F29_Cuaderno_29v2018.pdf||target:%20_blank|&#8221;][\/vc_hoverbox][\/vc_column][vc_column width=&#8221;1\/6&#8243;][vc_hoverbox image=&#8221;104&#8243; primary_title=&#8221;&#8221; hover_title=&#8221;&#8221; shape=&#8221;square&#8221; hover_background_color=&#8221;blue&#8221; hover_btn_title=&#8221;DOWNLOAD&#8221; hover_btn_style=&#8221;outline&#8221; css_animation=&#8221;zoomIn&#8221; hover_add_button=&#8221;true&#8221; hover_btn_link=&#8221;url:http%3A%2F%2Fp3000.info%2Frecursos%2Fcuadernillos%2F30_Cuaderno_30v2018.pdf||target:%20_blank|&#8221;][\/vc_hoverbox][\/vc_column][\/vc_row][vc_row css=&#8221;.vc_custom_1593652400835{margin-top: 9px !important;}&#8221;][vc_column width=&#8221;1\/6&#8243;][vc_hoverbox image=&#8221;105&#8243; primary_title=&#8221;&#8221; hover_title=&#8221;&#8221; shape=&#8221;square&#8221; hover_background_color=&#8221;blue&#8221; hover_btn_title=&#8221;DOWNLOAD&#8221; hover_btn_style=&#8221;outline&#8221; css_animation=&#8221;zoomIn&#8221; hover_add_button=&#8221;true&#8221; hover_btn_link=&#8221;url:http%3A%2F%2Fp3000.info%2Frecursos%2Fcuadernillos%2F31_Cuaderno_31v2018.pdf||target:%20_blank|&#8221;][\/vc_hoverbox][\/vc_column][vc_column width=&#8221;1\/6&#8243;][vc_hoverbox image=&#8221;106&#8243; primary_title=&#8221;&#8221; hover_title=&#8221;&#8221; shape=&#8221;square&#8221; hover_background_color=&#8221;blue&#8221; hover_btn_title=&#8221;DOWNLOAD&#8221; hover_btn_style=&#8221;outline&#8221; css_animation=&#8221;zoomIn&#8221; hover_add_button=&#8221;true&#8221; hover_btn_link=&#8221;url:http%3A%2F%2Fp3000.info%2Frecursos%2Fcuadernillos%2F32_Cuaderno_32v2018.pdf||target:%20_blank|&#8221;][\/vc_hoverbox][\/vc_column][vc_column width=&#8221;1\/6&#8243;][vc_hoverbox image=&#8221;107&#8243; primary_title=&#8221;&#8221; hover_title=&#8221;&#8221; shape=&#8221;square&#8221; hover_background_color=&#8221;blue&#8221; hover_btn_title=&#8221;DOWNLOAD&#8221; hover_btn_style=&#8221;outline&#8221; css_animation=&#8221;zoomIn&#8221; hover_add_button=&#8221;true&#8221; hover_btn_link=&#8221;url:http%3A%2F%2Fp3000.info%2Frecursos%2Fcuadernillos%2F33_Cuaderno_33v2018.pdf||target:%20_blank|&#8221;][\/vc_hoverbox][\/vc_column][vc_column width=&#8221;1\/6&#8243;][\/vc_column][vc_column width=&#8221;1\/6&#8243;][vc_hoverbox image=&#8221;108&#8243; primary_title=&#8221;Manual Post Trauma Vol. 1&#8243; primary_title_font_container=&#8221;color:%23ffffff&#8221; primary_title_google_fonts=&#8221;font_family:Raleway%3A100%2C200%2C300%2Cregular%2C500%2C600%2C700%2C800%2C900|font_style:400%20regular%3A400%3Anormal&#8221; hover_title=&#8221;&#8221; shape=&#8221;square&#8221; hover_background_color=&#8221;blue&#8221; hover_btn_title=&#8221;DOWNLOAD&#8221; hover_btn_style=&#8221;outline&#8221; css_animation=&#8221;zoomIn&#8221; use_custom_fonts_primary_title=&#8221;true&#8221; hover_add_button=&#8221;true&#8221; hover_btn_link=&#8221;url:http%3A%2F%2Fp3000.info%2Frecursos%2Fcuadernillos%2FPost-Trauma_MANUAL_1v3.pdf||target:%20_blank|&#8221;][\/vc_hoverbox][\/vc_column][vc_column width=&#8221;1\/6&#8243;][vc_hoverbox image=&#8221;108&#8243; primary_title=&#8221;Manual Post Trauma Vol. 2&#8243; primary_title_font_container=&#8221;color:%23ffffff&#8221; primary_title_google_fonts=&#8221;font_family:Raleway%3A100%2C200%2C300%2Cregular%2C500%2C600%2C700%2C800%2C900|font_style:400%20regular%3A400%3Anormal&#8221; hover_title=&#8221;&#8221; shape=&#8221;square&#8221; hover_background_color=&#8221;blue&#8221; hover_btn_title=&#8221;DOWNLOAD&#8221; hover_btn_style=&#8221;outline&#8221; css_animation=&#8221;zoomIn&#8221; use_custom_fonts_primary_title=&#8221;true&#8221; hover_add_button=&#8221;true&#8221; hover_btn_link=&#8221;url:http%3A%2F%2Fp3000.info%2Frecursos%2Fcuadernillos%2FPost-Trauma_MANUAL_2_v5.pdf||target:%20_blank|&#8221;][\/vc_hoverbox][\/vc_column][\/vc_row][vc_row full_width=&#8221;stretch_row_content_no_spaces&#8221; css=&#8221;.vc_custom_1593575050182{background-position: center !important;background-repeat: no-repeat !important;background-size: cover !important;}&#8221;][vc_column][vc_single_image image=&#8221;70&#8243; img_size=&#8221;full&#8221;][\/vc_column][\/vc_row]<\/p>\n","protected":false},"excerpt":{"rendered":"<p>[vc_row css=&#8221;.vc_custom_1595169435289{margin-bottom: 20px !important;}&#8221;][vc_column width=&#8221;1\/4&#8243; css=&#8221;.vc_custom_1595169067238{padding-top: 15px !important;padding-right: 15px !important;padding-bottom: 25px !important;padding-left: 25px !important;}&#8221;][vc_custom_heading text=&#8221;Recursos&#8221; font_container=&#8221;tag:h2|text_align:left|color:%235970b5&#8243; google_fonts=&#8221;font_family:Raleway%3A100%2C200%2C300%2Cregular%2C500%2C600%2C700%2C800%2C900|font_style:800%20bold%20regular%3A800%3Anormal&#8221; css_animation=&#8221;none&#8221;][vc_widget_sidebar sidebar_id=&#8221;cs-2&#8243;][\/vc_column][vc_column width=&#8221;3\/4&#8243; [&hellip;]<\/p>\n","protected":false},"author":1,"featured_media":0,"parent":0,"menu_order":0,"comment_status":"closed","ping_status":"closed","template":"","meta":{"site-sidebar-layout":"default","site-content-layout":"plain-container","ast-site-content-layout":"default","site-content-style":"default","site-sidebar-style":"default","ast-global-header-display":"","ast-banner-title-visibility":"","ast-main-header-display":"","ast-hfb-above-header-display":"","ast-hfb-below-header-display":"","ast-hfb-mobile-header-display":"","site-post-title":"","ast-breadcrumbs-content":"","ast-featured-img":"","footer-sml-layout":"","theme-transparent-header-meta":"default","adv-header-id-meta":"","stick-header-meta":"","header-above-stick-meta":"","header-main-stick-meta":"","header-below-stick-meta":"","astra-migrate-meta-layouts":"set","ast-page-background-enabled":"default","ast-page-background-meta":{"desktop":{"background-color":"var(--ast-global-color-5)","background-image":"","background-repeat":"repeat","background-position":"center center","background-size":"auto","background-attachment":"scroll","background-type":"","background-media":"","overlay-type":"","overlay-color":"","overlay-opacity":"","overlay-gradient":""},"tablet":{"background-color":"","background-image":"","background-repeat":"repeat","background-position":"center center","background-size":"auto","background-attachment":"scroll","background-type":"","background-media":"","overlay-type":"","overlay-color":"","overlay-opacity":"","overlay-gradient":""},"mobile":{"background-color":"","background-image":"","background-repeat":"repeat","background-position":"center center","background-size":"auto","background-attachment":"scroll","background-type":"","background-media":"","overlay-type":"","overlay-color":"","overlay-opacity":"","overlay-gradient":""}},"ast-content-background-meta":{"desktop":{"background-color":"var(--ast-global-color-4)","background-image":"","background-repeat":"repeat","background-position":"center center","background-size":"auto","background-attachment":"scroll","background-type":"","background-media":"","overlay-type":"","overlay-color":"","overlay-opacity":"","overlay-gradient":""},"tablet":{"background-color":"var(--ast-global-color-4)","background-image":"","background-repeat":"repeat","background-position":"center center","background-size":"auto","background-attachment":"scroll","background-type":"","background-media":"","overlay-type":"","overlay-color":"","overlay-opacity":"","overlay-gradient":""},"mobile":{"background-color":"var(--ast-global-color-4)","background-image":"","background-repeat":"repeat","background-position":"center center","background-size":"auto","background-attachment":"scroll","background-type":"","background-media":"","overlay-type":"","overlay-color":"","overlay-opacity":"","overlay-gradient":""}},"footnotes":""},"class_list":["post-69","page","type-page","status-publish","hentry"],"_links":{"self":[{"href":"https:\/\/p3000.info\/index.php\/wp-json\/wp\/v2\/pages\/69","targetHints":{"allow":["GET"]}}],"collection":[{"href":"https:\/\/p3000.info\/index.php\/wp-json\/wp\/v2\/pages"}],"about":[{"href":"https:\/\/p3000.info\/index.php\/wp-json\/wp\/v2\/types\/page"}],"author":[{"embeddable":true,"href":"https:\/\/p3000.info\/index.php\/wp-json\/wp\/v2\/users\/1"}],"replies":[{"embeddable":true,"href":"https:\/\/p3000.info\/index.php\/wp-json\/wp\/v2\/comments?post=69"}],"version-history":[{"count":6,"href":"https:\/\/p3000.info\/index.php\/wp-json\/wp\/v2\/pages\/69\/revisions"}],"predecessor-version":[{"id":110,"href":"https:\/\/p3000.info\/index.php\/wp-json\/wp\/v2\/pages\/69\/revisions\/110"}],"wp:attachment":[{"href":"https:\/\/p3000.info\/index.php\/wp-json\/wp\/v2\/media?parent=69"}],"curies":[{"name":"wp","href":"https:\/\/api.w.org\/{rel}","templated":true}]}}